{"id":2299,"date":"2021-05-12T11:49:22","date_gmt":"2021-05-12T11:49:22","guid":{"rendered":"https:\/\/surfertarifa.com\/?post_type=product&#038;p=2299"},"modified":"2023-02-17T10:11:20","modified_gmt":"2023-02-17T10:11:20","slug":"sudadera-sin-capucha-surfer-tarifa-gold","status":"publish","type":"product","link":"https:\/\/cursoskitesurftarifa.es\/en\/product\/sudadera-sin-capucha-surfer-tarifa-gold\/","title":{"rendered":"Sudadera sin capucha Surfer Tarifa  Gold"},"content":{"rendered":"<p><span style=\"color: #000000;\">Sudadera Surfer Tarifa. Serigraf\u00eda en el pecho. 100 % Algod\u00f3n Org\u00e1nico.<\/span><\/p>","protected":false},"excerpt":{"rendered":"<p><span style=\"color: #000000;\">Sudadera Surfer Tarifa. Serigraf\u00eda en el pecho. 100 % Algod\u00f3n Org\u00e1nico.<\/span><\/p>","protected":false},"featured_media":2236,"comment_status":"open","ping_status":"closed","template":"","meta":{"spay_email":""},"product_cat":[110,111,134,147],"product_tag":[],"brands":[{"id":125,"name":"Surfer Tarifa","slug":"surfer-tarifa"}],"yoast_head":"<!-- This site is optimized with the Yoast SEO plugin v17.0 - https:\/\/yoast.com\/wordpress\/plugins\/seo\/ -->\n<title>Sudadera sin capucha Surfer Tarifa Gold - Surfertarifa<\/title>\n<meta name=\"robots\" content=\"index, follow, max-snippet:-1, max-image-preview:large, max-video-preview:-1\" \/>\n<link rel=\"canonical\" href=\"https:\/\/cursoskitesurftarifa.es\/en\/product\/sudadera-sin-capucha-surfer-tarifa-gold\/\" \/>\n<meta property=\"og:locale\" content=\"en_GB\" \/>\n<meta property=\"og:type\" content=\"article\" \/>\n<meta property=\"og:title\" content=\"Sudadera sin capucha Surfer Tarifa Gold - Surfertarifa\" \/>\n<meta property=\"og:description\" content=\"Sudadera Surfer Tarifa. Serigraf\u00eda en el pecho. 100 % Algod\u00f3n Org\u00e1nico.\" \/>\n<meta property=\"og:url\" content=\"https:\/\/cursoskitesurftarifa.es\/en\/product\/sudadera-sin-capucha-surfer-tarifa-gold\/\" \/>\n<meta property=\"og:site_name\" content=\"Surfertarifa\" \/>\n<meta property=\"article:publisher\" content=\"https:\/\/es-es.facebook.com\/SurferTarifa\/\" \/>\n<meta property=\"article:modified_time\" content=\"2023-02-17T10:11:20+00:00\" \/>\n<meta property=\"og:image\" content=\"https:\/\/surfertarifa.com\/wp-content\/uploads\/2021\/05\/IMG_4804.png\" \/>\n\t<meta property=\"og:image:width\" content=\"1000\" \/>\n\t<meta property=\"og:image:height\" content=\"1031\" \/>\n<meta name=\"twitter:card\" content=\"summary_large_image\" \/>\n<meta name=\"twitter:label1\" content=\"Estimated reading time\" \/>\n\t<meta name=\"twitter:data1\" content=\"1 minute\" \/>\n<script type=\"application\/ld+json\" class=\"yoast-schema-graph\">{\"@context\":\"https:\/\/schema.org\",\"@graph\":[{\"@type\":\"Organization\",\"@id\":\"https:\/\/cursoskitesurftarifa.es\/#organization\",\"name\":\"Surfertarifa\",\"url\":\"https:\/\/cursoskitesurftarifa.es\/\",\"sameAs\":[\"https:\/\/es-es.facebook.com\/SurferTarifa\/\",\"https:\/\/www.instagram.com\/surfertarifa\/\"],\"logo\":{\"@type\":\"ImageObject\",\"@id\":\"https:\/\/cursoskitesurftarifa.es\/#logo\",\"inLanguage\":\"en-GB\",\"url\":\"https:\/\/surfertarifa.com\/wp-content\/uploads\/2021\/04\/logo-surfer-1.png\",\"contentUrl\":\"https:\/\/surfertarifa.com\/wp-content\/uploads\/2021\/04\/logo-surfer-1.png\",\"width\":90,\"height\":90,\"caption\":\"Surfertarifa\"},\"image\":{\"@id\":\"https:\/\/cursoskitesurftarifa.es\/#logo\"}},{\"@type\":\"WebSite\",\"@id\":\"https:\/\/cursoskitesurftarifa.es\/#website\",\"url\":\"https:\/\/cursoskitesurftarifa.es\/\",\"name\":\"Surfertarifa\",\"description\":\"Tienda de surf online\",\"publisher\":{\"@id\":\"https:\/\/cursoskitesurftarifa.es\/#organization\"},\"potentialAction\":[{\"@type\":\"SearchAction\",\"target\":{\"@type\":\"EntryPoint\",\"urlTemplate\":\"https:\/\/cursoskitesurftarifa.es\/?s={search_term_string}\"},\"query-input\":\"required name=search_term_string\"}],\"inLanguage\":\"en-GB\"},{\"@type\":\"ImageObject\",\"@id\":\"https:\/\/cursoskitesurftarifa.es\/product\/sudadera-sin-capucha-surfer-tarifa-gold\/#primaryimage\",\"inLanguage\":\"en-GB\",\"url\":\"https:\/\/cursoskitesurftarifa.es\/wp-content\/uploads\/2021\/05\/IMG_4804.png\",\"contentUrl\":\"https:\/\/cursoskitesurftarifa.es\/wp-content\/uploads\/2021\/05\/IMG_4804.png\",\"width\":1000,\"height\":1031,\"caption\":\"sudadera surfer tarifa gold\"},{\"@type\":\"WebPage\",\"@id\":\"https:\/\/cursoskitesurftarifa.es\/product\/sudadera-sin-capucha-surfer-tarifa-gold\/#webpage\",\"url\":\"https:\/\/cursoskitesurftarifa.es\/product\/sudadera-sin-capucha-surfer-tarifa-gold\/\",\"name\":\"Sudadera sin capucha Surfer Tarifa Gold - Surfertarifa\",\"isPartOf\":{\"@id\":\"https:\/\/cursoskitesurftarifa.es\/#website\"},\"primaryImageOfPage\":{\"@id\":\"https:\/\/cursoskitesurftarifa.es\/product\/sudadera-sin-capucha-surfer-tarifa-gold\/#primaryimage\"},\"datePublished\":\"2021-05-12T11:49:22+00:00\",\"dateModified\":\"2023-02-17T10:11:20+00:00\",\"breadcrumb\":{\"@id\":\"https:\/\/cursoskitesurftarifa.es\/product\/sudadera-sin-capucha-surfer-tarifa-gold\/#breadcrumb\"},\"inLanguage\":\"en-GB\",\"potentialAction\":[{\"@type\":\"ReadAction\",\"target\":[\"https:\/\/cursoskitesurftarifa.es\/product\/sudadera-sin-capucha-surfer-tarifa-gold\/\"]}]},{\"@type\":\"BreadcrumbList\",\"@id\":\"https:\/\/cursoskitesurftarifa.es\/product\/sudadera-sin-capucha-surfer-tarifa-gold\/#breadcrumb\",\"itemListElement\":[{\"@type\":\"ListItem\",\"position\":1,\"name\":\"Portada\",\"item\":\"https:\/\/cursoskitesurftarifa.es\/\"},{\"@type\":\"ListItem\",\"position\":2,\"name\":\"Shop\",\"item\":\"https:\/\/cursoskitesurftarifa.es\/shop\/\"},{\"@type\":\"ListItem\",\"position\":3,\"name\":\"Sudadera sin capucha Surfer Tarifa Gold\"}]}]}<\/script>\n<!-- \/ Yoast SEO plugin. -->","yoast_head_json":{"title":"Sudadera sin capucha Surfer Tarifa Gold - Surfertarifa","robots":{"index":"index","follow":"follow","max-snippet":"max-snippet:-1","max-image-preview":"max-image-preview:large","max-video-preview":"max-video-preview:-1"},"canonical":"https:\/\/cursoskitesurftarifa.es\/en\/product\/sudadera-sin-capucha-surfer-tarifa-gold\/","og_locale":"en_GB","og_type":"article","og_title":"Sudadera sin capucha Surfer Tarifa Gold - Surfertarifa","og_description":"Sudadera Surfer Tarifa. Serigraf\u00eda en el pecho. 100 % Algod\u00f3n Org\u00e1nico.","og_url":"https:\/\/cursoskitesurftarifa.es\/en\/product\/sudadera-sin-capucha-surfer-tarifa-gold\/","og_site_name":"Surfertarifa","article_publisher":"https:\/\/es-es.facebook.com\/SurferTarifa\/","article_modified_time":"2023-02-17T10:11:20+00:00","og_image":[{"width":1000,"height":1031,"url":"https:\/\/surfertarifa.com\/wp-content\/uploads\/2021\/05\/IMG_4804.png","path":"\/home\/surferta\/public_html\/wp-content\/uploads\/2021\/05\/IMG_4804.png","size":"full","id":2236,"alt":"sudadera surfer tarifa gold","pixels":1031000,"type":"image\/png"}],"twitter_card":"summary_large_image","twitter_misc":{"Estimated reading time":"1 minute"},"schema":{"@context":"https:\/\/schema.org","@graph":[{"@type":"Organization","@id":"https:\/\/cursoskitesurftarifa.es\/#organization","name":"Surfertarifa","url":"https:\/\/cursoskitesurftarifa.es\/","sameAs":["https:\/\/es-es.facebook.com\/SurferTarifa\/","https:\/\/www.instagram.com\/surfertarifa\/"],"logo":{"@type":"ImageObject","@id":"https:\/\/cursoskitesurftarifa.es\/#logo","inLanguage":"en-GB","url":"https:\/\/surfertarifa.com\/wp-content\/uploads\/2021\/04\/logo-surfer-1.png","contentUrl":"https:\/\/surfertarifa.com\/wp-content\/uploads\/2021\/04\/logo-surfer-1.png","width":90,"height":90,"caption":"Surfertarifa"},"image":{"@id":"https:\/\/cursoskitesurftarifa.es\/#logo"}},{"@type":"WebSite","@id":"https:\/\/cursoskitesurftarifa.es\/#website","url":"https:\/\/cursoskitesurftarifa.es\/","name":"Surfertarifa","description":"Tienda de surf online","publisher":{"@id":"https:\/\/cursoskitesurftarifa.es\/#organization"},"potentialAction":[{"@type":"SearchAction","target":{"@type":"EntryPoint","urlTemplate":"https:\/\/cursoskitesurftarifa.es\/?s={search_term_string}"},"query-input":"required name=search_term_string"}],"inLanguage":"en-GB"},{"@type":"ImageObject","@id":"https:\/\/cursoskitesurftarifa.es\/product\/sudadera-sin-capucha-surfer-tarifa-gold\/#primaryimage","inLanguage":"en-GB","url":"https:\/\/cursoskitesurftarifa.es\/wp-content\/uploads\/2021\/05\/IMG_4804.png","contentUrl":"https:\/\/cursoskitesurftarifa.es\/wp-content\/uploads\/2021\/05\/IMG_4804.png","width":1000,"height":1031,"caption":"sudadera surfer tarifa gold"},{"@type":"WebPage","@id":"https:\/\/cursoskitesurftarifa.es\/product\/sudadera-sin-capucha-surfer-tarifa-gold\/#webpage","url":"https:\/\/cursoskitesurftarifa.es\/product\/sudadera-sin-capucha-surfer-tarifa-gold\/","name":"Sudadera sin capucha Surfer Tarifa Gold - Surfertarifa","isPartOf":{"@id":"https:\/\/cursoskitesurftarifa.es\/#website"},"primaryImageOfPage":{"@id":"https:\/\/cursoskitesurftarifa.es\/product\/sudadera-sin-capucha-surfer-tarifa-gold\/#primaryimage"},"datePublished":"2021-05-12T11:49:22+00:00","dateModified":"2023-02-17T10:11:20+00:00","breadcrumb":{"@id":"https:\/\/cursoskitesurftarifa.es\/product\/sudadera-sin-capucha-surfer-tarifa-gold\/#breadcrumb"},"inLanguage":"en-GB","potentialAction":[{"@type":"ReadAction","target":["https:\/\/cursoskitesurftarifa.es\/product\/sudadera-sin-capucha-surfer-tarifa-gold\/"]}]},{"@type":"BreadcrumbList","@id":"https:\/\/cursoskitesurftarifa.es\/product\/sudadera-sin-capucha-surfer-tarifa-gold\/#breadcrumb","itemListElement":[{"@type":"ListItem","position":1,"name":"Portada","item":"https:\/\/cursoskitesurftarifa.es\/"},{"@type":"ListItem","position":2,"name":"Shop","item":"https:\/\/cursoskitesurftarifa.es\/shop\/"},{"@type":"ListItem","position":3,"name":"Sudadera sin capucha Surfer Tarifa Gold"}]}]}},"_links":{"self":[{"href":"https:\/\/cursoskitesurftarifa.es\/en\/wp-json\/wp\/v2\/product\/2299"}],"collection":[{"href":"https:\/\/cursoskitesurftarifa.es\/en\/wp-json\/wp\/v2\/product"}],"about":[{"href":"https:\/\/cursoskitesurftarifa.es\/en\/wp-json\/wp\/v2\/types\/product"}],"replies":[{"embeddable":true,"href":"https:\/\/cursoskitesurftarifa.es\/en\/wp-json\/wp\/v2\/comments?post=2299"}],"wp:featuredmedia":[{"embeddable":true,"href":"https:\/\/cursoskitesurftarifa.es\/en\/wp-json\/wp\/v2\/media\/2236"}],"wp:attachment":[{"href":"https:\/\/cursoskitesurftarifa.es\/en\/wp-json\/wp\/v2\/media?parent=2299"}],"wp:term":[{"taxonomy":"product_cat","embeddable":true,"href":"https:\/\/cursoskitesurftarifa.es\/en\/wp-json\/wp\/v2\/product_cat?post=2299"},{"taxonomy":"product_tag","embeddable":true,"href":"https:\/\/cursoskitesurftarifa.es\/en\/wp-json\/wp\/v2\/product_tag?post=2299"}],"curies":[{"name":"wp","href":"https:\/\/api.w.org\/{rel}","templated":true}]}}