{"id":2906,"date":"2021-05-16T20:57:48","date_gmt":"2021-05-16T20:57:48","guid":{"rendered":"https:\/\/surfertarifa.com\/?post_type=product&#038;p=2906"},"modified":"2022-06-16T18:35:24","modified_gmt":"2022-06-16T18:35:24","slug":"sudadera-catfun-surfer-tarifa-sin-capucha-vino","status":"publish","type":"product","link":"https:\/\/cursoskitesurftarifa.es\/en\/product\/sudadera-catfun-surfer-tarifa-sin-capucha-vino\/","title":{"rendered":"Sudadera Catfun Surfer Tarifa sin capucha vino"},"content":{"rendered":"<p><span style=\"color: #000000;\">Sudadera de Catfun por Surfer Tarifa. Serigraf\u00eda en el pecho y en la espalda. 100 % Algod\u00f3n org\u00e1nico. Desde 1986.\u00a0<\/span><\/p>","protected":false},"excerpt":{"rendered":"<p><span style=\"color: #000000;\">Sudadera de Catfun por Surfer Tarifa. Serigraf\u00eda en el pecho y en la espalda. 100 % Algod\u00f3n org\u00e1nico. Desde 1986.\u00a0<\/span><\/p>","protected":false},"featured_media":2898,"comment_status":"open","ping_status":"closed","template":"","meta":{"spay_email":""},"product_cat":[110,111,134,147],"product_tag":[],"brands":[{"id":125,"name":"Surfer Tarifa","slug":"surfer-tarifa"}],"yoast_head":"<!-- This site is optimized with the Yoast SEO plugin v17.0 - https:\/\/yoast.com\/wordpress\/plugins\/seo\/ -->\n<title>Sudadera Catfun Surfer Tarifa sin capucha vino - Surfertarifa<\/title>\n<meta name=\"robots\" content=\"index, follow, max-snippet:-1, max-image-preview:large, max-video-preview:-1\" \/>\n<link rel=\"canonical\" href=\"https:\/\/cursoskitesurftarifa.es\/en\/product\/sudadera-catfun-surfer-tarifa-sin-capucha-vino\/\" \/>\n<meta property=\"og:locale\" content=\"en_GB\" \/>\n<meta property=\"og:type\" content=\"article\" \/>\n<meta property=\"og:title\" content=\"Sudadera Catfun Surfer Tarifa sin capucha vino - Surfertarifa\" \/>\n<meta property=\"og:description\" content=\"Sudadera de Catfun por Surfer Tarifa. Serigraf\u00eda en el pecho y en la espalda. 100 % Algod\u00f3n org\u00e1nico. Desde 1986.\u00a0\" \/>\n<meta property=\"og:url\" content=\"https:\/\/cursoskitesurftarifa.es\/en\/product\/sudadera-catfun-surfer-tarifa-sin-capucha-vino\/\" \/>\n<meta property=\"og:site_name\" content=\"Surfertarifa\" \/>\n<meta property=\"article:publisher\" content=\"https:\/\/es-es.facebook.com\/SurferTarifa\/\" \/>\n<meta property=\"article:modified_time\" content=\"2022-06-16T18:35:24+00:00\" \/>\n<meta property=\"og:image\" content=\"https:\/\/surfertarifa.com\/wp-content\/uploads\/2021\/05\/IMG_4985.png\" \/>\n\t<meta property=\"og:image:width\" content=\"1000\" \/>\n\t<meta property=\"og:image:height\" content=\"944\" \/>\n<meta name=\"twitter:card\" content=\"summary_large_image\" \/>\n<meta name=\"twitter:label1\" content=\"Estimated reading time\" \/>\n\t<meta name=\"twitter:data1\" content=\"1 minute\" \/>\n<script type=\"application\/ld+json\" class=\"yoast-schema-graph\">{\"@context\":\"https:\/\/schema.org\",\"@graph\":[{\"@type\":\"Organization\",\"@id\":\"https:\/\/cursoskitesurftarifa.es\/#organization\",\"name\":\"Surfertarifa\",\"url\":\"https:\/\/cursoskitesurftarifa.es\/\",\"sameAs\":[\"https:\/\/es-es.facebook.com\/SurferTarifa\/\",\"https:\/\/www.instagram.com\/surfertarifa\/\"],\"logo\":{\"@type\":\"ImageObject\",\"@id\":\"https:\/\/cursoskitesurftarifa.es\/#logo\",\"inLanguage\":\"en-GB\",\"url\":\"https:\/\/surfertarifa.com\/wp-content\/uploads\/2021\/04\/logo-surfer-1.png\",\"contentUrl\":\"https:\/\/surfertarifa.com\/wp-content\/uploads\/2021\/04\/logo-surfer-1.png\",\"width\":90,\"height\":90,\"caption\":\"Surfertarifa\"},\"image\":{\"@id\":\"https:\/\/cursoskitesurftarifa.es\/#logo\"}},{\"@type\":\"WebSite\",\"@id\":\"https:\/\/cursoskitesurftarifa.es\/#website\",\"url\":\"https:\/\/cursoskitesurftarifa.es\/\",\"name\":\"Surfertarifa\",\"description\":\"Tienda de surf online\",\"publisher\":{\"@id\":\"https:\/\/cursoskitesurftarifa.es\/#organization\"},\"potentialAction\":[{\"@type\":\"SearchAction\",\"target\":{\"@type\":\"EntryPoint\",\"urlTemplate\":\"https:\/\/cursoskitesurftarifa.es\/?s={search_term_string}\"},\"query-input\":\"required name=search_term_string\"}],\"inLanguage\":\"en-GB\"},{\"@type\":\"ImageObject\",\"@id\":\"https:\/\/cursoskitesurftarifa.es\/product\/sudadera-catfun-surfer-tarifa-sin-capucha-vino\/#primaryimage\",\"inLanguage\":\"en-GB\",\"url\":\"https:\/\/cursoskitesurftarifa.es\/wp-content\/uploads\/2021\/05\/IMG_4985.png\",\"contentUrl\":\"https:\/\/cursoskitesurftarifa.es\/wp-content\/uploads\/2021\/05\/IMG_4985.png\",\"width\":1000,\"height\":944,\"caption\":\"sudadera sin capucha catfun surfer tarifa\"},{\"@type\":\"WebPage\",\"@id\":\"https:\/\/cursoskitesurftarifa.es\/product\/sudadera-catfun-surfer-tarifa-sin-capucha-vino\/#webpage\",\"url\":\"https:\/\/cursoskitesurftarifa.es\/product\/sudadera-catfun-surfer-tarifa-sin-capucha-vino\/\",\"name\":\"Sudadera Catfun Surfer Tarifa sin capucha vino - Surfertarifa\",\"isPartOf\":{\"@id\":\"https:\/\/cursoskitesurftarifa.es\/#website\"},\"primaryImageOfPage\":{\"@id\":\"https:\/\/cursoskitesurftarifa.es\/product\/sudadera-catfun-surfer-tarifa-sin-capucha-vino\/#primaryimage\"},\"datePublished\":\"2021-05-16T20:57:48+00:00\",\"dateModified\":\"2022-06-16T18:35:24+00:00\",\"breadcrumb\":{\"@id\":\"https:\/\/cursoskitesurftarifa.es\/product\/sudadera-catfun-surfer-tarifa-sin-capucha-vino\/#breadcrumb\"},\"inLanguage\":\"en-GB\",\"potentialAction\":[{\"@type\":\"ReadAction\",\"target\":[\"https:\/\/cursoskitesurftarifa.es\/product\/sudadera-catfun-surfer-tarifa-sin-capucha-vino\/\"]}]},{\"@type\":\"BreadcrumbList\",\"@id\":\"https:\/\/cursoskitesurftarifa.es\/product\/sudadera-catfun-surfer-tarifa-sin-capucha-vino\/#breadcrumb\",\"itemListElement\":[{\"@type\":\"ListItem\",\"position\":1,\"name\":\"Portada\",\"item\":\"https:\/\/cursoskitesurftarifa.es\/\"},{\"@type\":\"ListItem\",\"position\":2,\"name\":\"Shop\",\"item\":\"https:\/\/cursoskitesurftarifa.es\/shop\/\"},{\"@type\":\"ListItem\",\"position\":3,\"name\":\"Sudadera Catfun Surfer Tarifa sin capucha vino\"}]}]}<\/script>\n<!-- \/ Yoast SEO plugin. -->","yoast_head_json":{"title":"Sudadera Catfun Surfer Tarifa sin capucha vino - Surfertarifa","robots":{"index":"index","follow":"follow","max-snippet":"max-snippet:-1","max-image-preview":"max-image-preview:large","max-video-preview":"max-video-preview:-1"},"canonical":"https:\/\/cursoskitesurftarifa.es\/en\/product\/sudadera-catfun-surfer-tarifa-sin-capucha-vino\/","og_locale":"en_GB","og_type":"article","og_title":"Sudadera Catfun Surfer Tarifa sin capucha vino - Surfertarifa","og_description":"Sudadera de Catfun por Surfer Tarifa. Serigraf\u00eda en el pecho y en la espalda. 100 % Algod\u00f3n org\u00e1nico. Desde 1986.\u00a0","og_url":"https:\/\/cursoskitesurftarifa.es\/en\/product\/sudadera-catfun-surfer-tarifa-sin-capucha-vino\/","og_site_name":"Surfertarifa","article_publisher":"https:\/\/es-es.facebook.com\/SurferTarifa\/","article_modified_time":"2022-06-16T18:35:24+00:00","og_image":[{"width":1000,"height":944,"url":"https:\/\/surfertarifa.com\/wp-content\/uploads\/2021\/05\/IMG_4985.png","path":"\/home\/surferta\/public_html\/wp-content\/uploads\/2021\/05\/IMG_4985.png","size":"full","id":2898,"alt":"sudadera sin capucha catfun surfer tarifa","pixels":944000,"type":"image\/png"}],"twitter_card":"summary_large_image","twitter_misc":{"Estimated reading time":"1 minute"},"schema":{"@context":"https:\/\/schema.org","@graph":[{"@type":"Organization","@id":"https:\/\/cursoskitesurftarifa.es\/#organization","name":"Surfertarifa","url":"https:\/\/cursoskitesurftarifa.es\/","sameAs":["https:\/\/es-es.facebook.com\/SurferTarifa\/","https:\/\/www.instagram.com\/surfertarifa\/"],"logo":{"@type":"ImageObject","@id":"https:\/\/cursoskitesurftarifa.es\/#logo","inLanguage":"en-GB","url":"https:\/\/surfertarifa.com\/wp-content\/uploads\/2021\/04\/logo-surfer-1.png","contentUrl":"https:\/\/surfertarifa.com\/wp-content\/uploads\/2021\/04\/logo-surfer-1.png","width":90,"height":90,"caption":"Surfertarifa"},"image":{"@id":"https:\/\/cursoskitesurftarifa.es\/#logo"}},{"@type":"WebSite","@id":"https:\/\/cursoskitesurftarifa.es\/#website","url":"https:\/\/cursoskitesurftarifa.es\/","name":"Surfertarifa","description":"Tienda de surf online","publisher":{"@id":"https:\/\/cursoskitesurftarifa.es\/#organization"},"potentialAction":[{"@type":"SearchAction","target":{"@type":"EntryPoint","urlTemplate":"https:\/\/cursoskitesurftarifa.es\/?s={search_term_string}"},"query-input":"required name=search_term_string"}],"inLanguage":"en-GB"},{"@type":"ImageObject","@id":"https:\/\/cursoskitesurftarifa.es\/product\/sudadera-catfun-surfer-tarifa-sin-capucha-vino\/#primaryimage","inLanguage":"en-GB","url":"https:\/\/cursoskitesurftarifa.es\/wp-content\/uploads\/2021\/05\/IMG_4985.png","contentUrl":"https:\/\/cursoskitesurftarifa.es\/wp-content\/uploads\/2021\/05\/IMG_4985.png","width":1000,"height":944,"caption":"sudadera sin capucha catfun surfer tarifa"},{"@type":"WebPage","@id":"https:\/\/cursoskitesurftarifa.es\/product\/sudadera-catfun-surfer-tarifa-sin-capucha-vino\/#webpage","url":"https:\/\/cursoskitesurftarifa.es\/product\/sudadera-catfun-surfer-tarifa-sin-capucha-vino\/","name":"Sudadera Catfun Surfer Tarifa sin capucha vino - Surfertarifa","isPartOf":{"@id":"https:\/\/cursoskitesurftarifa.es\/#website"},"primaryImageOfPage":{"@id":"https:\/\/cursoskitesurftarifa.es\/product\/sudadera-catfun-surfer-tarifa-sin-capucha-vino\/#primaryimage"},"datePublished":"2021-05-16T20:57:48+00:00","dateModified":"2022-06-16T18:35:24+00:00","breadcrumb":{"@id":"https:\/\/cursoskitesurftarifa.es\/product\/sudadera-catfun-surfer-tarifa-sin-capucha-vino\/#breadcrumb"},"inLanguage":"en-GB","potentialAction":[{"@type":"ReadAction","target":["https:\/\/cursoskitesurftarifa.es\/product\/sudadera-catfun-surfer-tarifa-sin-capucha-vino\/"]}]},{"@type":"BreadcrumbList","@id":"https:\/\/cursoskitesurftarifa.es\/product\/sudadera-catfun-surfer-tarifa-sin-capucha-vino\/#breadcrumb","itemListElement":[{"@type":"ListItem","position":1,"name":"Portada","item":"https:\/\/cursoskitesurftarifa.es\/"},{"@type":"ListItem","position":2,"name":"Shop","item":"https:\/\/cursoskitesurftarifa.es\/shop\/"},{"@type":"ListItem","position":3,"name":"Sudadera Catfun Surfer Tarifa sin capucha vino"}]}]}},"_links":{"self":[{"href":"https:\/\/cursoskitesurftarifa.es\/en\/wp-json\/wp\/v2\/product\/2906"}],"collection":[{"href":"https:\/\/cursoskitesurftarifa.es\/en\/wp-json\/wp\/v2\/product"}],"about":[{"href":"https:\/\/cursoskitesurftarifa.es\/en\/wp-json\/wp\/v2\/types\/product"}],"replies":[{"embeddable":true,"href":"https:\/\/cursoskitesurftarifa.es\/en\/wp-json\/wp\/v2\/comments?post=2906"}],"wp:featuredmedia":[{"embeddable":true,"href":"https:\/\/cursoskitesurftarifa.es\/en\/wp-json\/wp\/v2\/media\/2898"}],"wp:attachment":[{"href":"https:\/\/cursoskitesurftarifa.es\/en\/wp-json\/wp\/v2\/media?parent=2906"}],"wp:term":[{"taxonomy":"product_cat","embeddable":true,"href":"https:\/\/cursoskitesurftarifa.es\/en\/wp-json\/wp\/v2\/product_cat?post=2906"},{"taxonomy":"product_tag","embeddable":true,"href":"https:\/\/cursoskitesurftarifa.es\/en\/wp-json\/wp\/v2\/product_tag?post=2906"}],"curies":[{"name":"wp","href":"https:\/\/api.w.org\/{rel}","templated":true}]}}