{"id":3253,"date":"2021-05-20T10:07:25","date_gmt":"2021-05-20T10:07:25","guid":{"rendered":"https:\/\/surfertarifa.com\/?post_type=product&#038;p=3253"},"modified":"2021-10-02T13:29:52","modified_gmt":"2021-10-02T13:29:52","slug":"curso-privado-surf-1-hora","status":"publish","type":"product","link":"https:\/\/cursoskitesurftarifa.es\/en\/product\/curso-privado-surf-1-hora\/","title":{"rendered":"Curso Grupo Surf 1 hora"},"content":{"rendered":"<p><span style=\"color: #000000;\">Este es un curso en grupo de Surf de 1 horas para m\u00ednimo dos personas con un instructor. Incluye: material e instructor. Fecha a definir con la direcci\u00f3n de la escuela. Si no hubiera condiciones para impartir la formaci\u00f3n en las fechas acordadas, se devuelve el dinero.\u00a0<\/span><\/p>","protected":false},"excerpt":{"rendered":"<p><span style=\"color: #000000;\">Este es un curso en grupo de Surf de 1 horas para m\u00ednimo dos personas con un instructor. Incluye: material e instructor. Fecha a definir con la direcci\u00f3n de la escuela. Si no hubiera condiciones para impartir la formaci\u00f3n en las fechas acordadas, se devuelve el dinero.\u00a0<\/span><\/p>","protected":false},"featured_media":907,"comment_status":"open","ping_status":"closed","template":"","meta":{"spay_email":""},"product_cat":[195],"product_tag":[],"brands":[],"yoast_head":"<!-- This site is optimized with the Yoast SEO plugin v17.0 - https:\/\/yoast.com\/wordpress\/plugins\/seo\/ -->\n<title>Curso Grupo Surf 1 hora - Surfertarifa<\/title>\n<meta name=\"robots\" content=\"index, follow, max-snippet:-1, max-image-preview:large, max-video-preview:-1\" \/>\n<link rel=\"canonical\" href=\"https:\/\/cursoskitesurftarifa.es\/en\/product\/curso-privado-surf-1-hora\/\" \/>\n<meta property=\"og:locale\" content=\"en_GB\" \/>\n<meta property=\"og:type\" content=\"article\" \/>\n<meta property=\"og:title\" content=\"Curso Grupo Surf 1 hora - Surfertarifa\" \/>\n<meta property=\"og:description\" content=\"Este es un curso en grupo de Surf de 1 horas para m\u00ednimo dos personas con un instructor. Incluye: material e instructor. Fecha a definir con la direcci\u00f3n de la escuela. Si no hubiera condiciones para impartir la formaci\u00f3n en las fechas acordadas, se devuelve el dinero.\u00a0\" \/>\n<meta property=\"og:url\" content=\"https:\/\/cursoskitesurftarifa.es\/en\/product\/curso-privado-surf-1-hora\/\" \/>\n<meta property=\"og:site_name\" content=\"Surfertarifa\" \/>\n<meta property=\"article:publisher\" content=\"https:\/\/es-es.facebook.com\/SurferTarifa\/\" \/>\n<meta property=\"article:modified_time\" content=\"2021-10-02T13:29:52+00:00\" \/>\n<meta property=\"og:image\" content=\"https:\/\/surfertarifa.com\/wp-content\/uploads\/2021\/04\/DSC_00150.jpg\" \/>\n\t<meta property=\"og:image:width\" content=\"2001\" \/>\n\t<meta property=\"og:image:height\" content=\"1333\" \/>\n<meta name=\"twitter:card\" content=\"summary_large_image\" \/>\n<meta name=\"twitter:label1\" content=\"Estimated reading time\" \/>\n\t<meta name=\"twitter:data1\" content=\"1 minute\" \/>\n<script type=\"application\/ld+json\" class=\"yoast-schema-graph\">{\"@context\":\"https:\/\/schema.org\",\"@graph\":[{\"@type\":\"Organization\",\"@id\":\"https:\/\/cursoskitesurftarifa.es\/#organization\",\"name\":\"Surfertarifa\",\"url\":\"https:\/\/cursoskitesurftarifa.es\/\",\"sameAs\":[\"https:\/\/es-es.facebook.com\/SurferTarifa\/\",\"https:\/\/www.instagram.com\/surfertarifa\/\"],\"logo\":{\"@type\":\"ImageObject\",\"@id\":\"https:\/\/cursoskitesurftarifa.es\/#logo\",\"inLanguage\":\"en-GB\",\"url\":\"https:\/\/surfertarifa.com\/wp-content\/uploads\/2021\/04\/logo-surfer-1.png\",\"contentUrl\":\"https:\/\/surfertarifa.com\/wp-content\/uploads\/2021\/04\/logo-surfer-1.png\",\"width\":90,\"height\":90,\"caption\":\"Surfertarifa\"},\"image\":{\"@id\":\"https:\/\/cursoskitesurftarifa.es\/#logo\"}},{\"@type\":\"WebSite\",\"@id\":\"https:\/\/cursoskitesurftarifa.es\/#website\",\"url\":\"https:\/\/cursoskitesurftarifa.es\/\",\"name\":\"Surfertarifa\",\"description\":\"Tienda de surf online\",\"publisher\":{\"@id\":\"https:\/\/cursoskitesurftarifa.es\/#organization\"},\"potentialAction\":[{\"@type\":\"SearchAction\",\"target\":{\"@type\":\"EntryPoint\",\"urlTemplate\":\"https:\/\/cursoskitesurftarifa.es\/?s={search_term_string}\"},\"query-input\":\"required name=search_term_string\"}],\"inLanguage\":\"en-GB\"},{\"@type\":\"ImageObject\",\"@id\":\"https:\/\/cursoskitesurftarifa.es\/product\/curso-privado-surf-1-hora\/#primaryimage\",\"inLanguage\":\"en-GB\",\"url\":\"https:\/\/cursoskitesurftarifa.es\/wp-content\/uploads\/2021\/04\/DSC_00150.jpg\",\"contentUrl\":\"https:\/\/cursoskitesurftarifa.es\/wp-content\/uploads\/2021\/04\/DSC_00150.jpg\",\"width\":2001,\"height\":1333,\"caption\":\"Cursos ni\\u00f1os windsurf\"},{\"@type\":\"WebPage\",\"@id\":\"https:\/\/cursoskitesurftarifa.es\/product\/curso-privado-surf-1-hora\/#webpage\",\"url\":\"https:\/\/cursoskitesurftarifa.es\/product\/curso-privado-surf-1-hora\/\",\"name\":\"Curso Grupo Surf 1 hora - Surfertarifa\",\"isPartOf\":{\"@id\":\"https:\/\/cursoskitesurftarifa.es\/#website\"},\"primaryImageOfPage\":{\"@id\":\"https:\/\/cursoskitesurftarifa.es\/product\/curso-privado-surf-1-hora\/#primaryimage\"},\"datePublished\":\"2021-05-20T10:07:25+00:00\",\"dateModified\":\"2021-10-02T13:29:52+00:00\",\"breadcrumb\":{\"@id\":\"https:\/\/cursoskitesurftarifa.es\/product\/curso-privado-surf-1-hora\/#breadcrumb\"},\"inLanguage\":\"en-GB\",\"potentialAction\":[{\"@type\":\"ReadAction\",\"target\":[\"https:\/\/cursoskitesurftarifa.es\/product\/curso-privado-surf-1-hora\/\"]}]},{\"@type\":\"BreadcrumbList\",\"@id\":\"https:\/\/cursoskitesurftarifa.es\/product\/curso-privado-surf-1-hora\/#breadcrumb\",\"itemListElement\":[{\"@type\":\"ListItem\",\"position\":1,\"name\":\"Portada\",\"item\":\"https:\/\/cursoskitesurftarifa.es\/\"},{\"@type\":\"ListItem\",\"position\":2,\"name\":\"Shop\",\"item\":\"https:\/\/cursoskitesurftarifa.es\/shop\/\"},{\"@type\":\"ListItem\",\"position\":3,\"name\":\"Curso Grupo Surf 1 hora\"}]}]}<\/script>\n<!-- \/ Yoast SEO plugin. -->","yoast_head_json":{"title":"Curso Grupo Surf 1 hora - Surfertarifa","robots":{"index":"index","follow":"follow","max-snippet":"max-snippet:-1","max-image-preview":"max-image-preview:large","max-video-preview":"max-video-preview:-1"},"canonical":"https:\/\/cursoskitesurftarifa.es\/en\/product\/curso-privado-surf-1-hora\/","og_locale":"en_GB","og_type":"article","og_title":"Curso Grupo Surf 1 hora - Surfertarifa","og_description":"Este es un curso en grupo de Surf de 1 horas para m\u00ednimo dos personas con un instructor. Incluye: material e instructor. Fecha a definir con la direcci\u00f3n de la escuela. Si no hubiera condiciones para impartir la formaci\u00f3n en las fechas acordadas, se devuelve el dinero.\u00a0","og_url":"https:\/\/cursoskitesurftarifa.es\/en\/product\/curso-privado-surf-1-hora\/","og_site_name":"Surfertarifa","article_publisher":"https:\/\/es-es.facebook.com\/SurferTarifa\/","article_modified_time":"2021-10-02T13:29:52+00:00","og_image":[{"width":2001,"height":1333,"url":"https:\/\/surfertarifa.com\/wp-content\/uploads\/2021\/04\/DSC_00150.jpg","path":"\/home\/surferta\/public_html\/wp-content\/uploads\/2021\/04\/DSC_00150.jpg","size":"full","id":907,"alt":"Cursos ni\u00f1os windsurf","pixels":2667333,"type":"image\/jpeg"}],"twitter_card":"summary_large_image","twitter_misc":{"Estimated reading time":"1 minute"},"schema":{"@context":"https:\/\/schema.org","@graph":[{"@type":"Organization","@id":"https:\/\/cursoskitesurftarifa.es\/#organization","name":"Surfertarifa","url":"https:\/\/cursoskitesurftarifa.es\/","sameAs":["https:\/\/es-es.facebook.com\/SurferTarifa\/","https:\/\/www.instagram.com\/surfertarifa\/"],"logo":{"@type":"ImageObject","@id":"https:\/\/cursoskitesurftarifa.es\/#logo","inLanguage":"en-GB","url":"https:\/\/surfertarifa.com\/wp-content\/uploads\/2021\/04\/logo-surfer-1.png","contentUrl":"https:\/\/surfertarifa.com\/wp-content\/uploads\/2021\/04\/logo-surfer-1.png","width":90,"height":90,"caption":"Surfertarifa"},"image":{"@id":"https:\/\/cursoskitesurftarifa.es\/#logo"}},{"@type":"WebSite","@id":"https:\/\/cursoskitesurftarifa.es\/#website","url":"https:\/\/cursoskitesurftarifa.es\/","name":"Surfertarifa","description":"Tienda de surf online","publisher":{"@id":"https:\/\/cursoskitesurftarifa.es\/#organization"},"potentialAction":[{"@type":"SearchAction","target":{"@type":"EntryPoint","urlTemplate":"https:\/\/cursoskitesurftarifa.es\/?s={search_term_string}"},"query-input":"required name=search_term_string"}],"inLanguage":"en-GB"},{"@type":"ImageObject","@id":"https:\/\/cursoskitesurftarifa.es\/product\/curso-privado-surf-1-hora\/#primaryimage","inLanguage":"en-GB","url":"https:\/\/cursoskitesurftarifa.es\/wp-content\/uploads\/2021\/04\/DSC_00150.jpg","contentUrl":"https:\/\/cursoskitesurftarifa.es\/wp-content\/uploads\/2021\/04\/DSC_00150.jpg","width":2001,"height":1333,"caption":"Cursos ni\u00f1os windsurf"},{"@type":"WebPage","@id":"https:\/\/cursoskitesurftarifa.es\/product\/curso-privado-surf-1-hora\/#webpage","url":"https:\/\/cursoskitesurftarifa.es\/product\/curso-privado-surf-1-hora\/","name":"Curso Grupo Surf 1 hora - Surfertarifa","isPartOf":{"@id":"https:\/\/cursoskitesurftarifa.es\/#website"},"primaryImageOfPage":{"@id":"https:\/\/cursoskitesurftarifa.es\/product\/curso-privado-surf-1-hora\/#primaryimage"},"datePublished":"2021-05-20T10:07:25+00:00","dateModified":"2021-10-02T13:29:52+00:00","breadcrumb":{"@id":"https:\/\/cursoskitesurftarifa.es\/product\/curso-privado-surf-1-hora\/#breadcrumb"},"inLanguage":"en-GB","potentialAction":[{"@type":"ReadAction","target":["https:\/\/cursoskitesurftarifa.es\/product\/curso-privado-surf-1-hora\/"]}]},{"@type":"BreadcrumbList","@id":"https:\/\/cursoskitesurftarifa.es\/product\/curso-privado-surf-1-hora\/#breadcrumb","itemListElement":[{"@type":"ListItem","position":1,"name":"Portada","item":"https:\/\/cursoskitesurftarifa.es\/"},{"@type":"ListItem","position":2,"name":"Shop","item":"https:\/\/cursoskitesurftarifa.es\/shop\/"},{"@type":"ListItem","position":3,"name":"Curso Grupo Surf 1 hora"}]}]}},"_links":{"self":[{"href":"https:\/\/cursoskitesurftarifa.es\/en\/wp-json\/wp\/v2\/product\/3253"}],"collection":[{"href":"https:\/\/cursoskitesurftarifa.es\/en\/wp-json\/wp\/v2\/product"}],"about":[{"href":"https:\/\/cursoskitesurftarifa.es\/en\/wp-json\/wp\/v2\/types\/product"}],"replies":[{"embeddable":true,"href":"https:\/\/cursoskitesurftarifa.es\/en\/wp-json\/wp\/v2\/comments?post=3253"}],"wp:featuredmedia":[{"embeddable":true,"href":"https:\/\/cursoskitesurftarifa.es\/en\/wp-json\/wp\/v2\/media\/907"}],"wp:attachment":[{"href":"https:\/\/cursoskitesurftarifa.es\/en\/wp-json\/wp\/v2\/media?parent=3253"}],"wp:term":[{"taxonomy":"product_cat","embeddable":true,"href":"https:\/\/cursoskitesurftarifa.es\/en\/wp-json\/wp\/v2\/product_cat?post=3253"},{"taxonomy":"product_tag","embeddable":true,"href":"https:\/\/cursoskitesurftarifa.es\/en\/wp-json\/wp\/v2\/product_tag?post=3253"}],"curies":[{"name":"wp","href":"https:\/\/api.w.org\/{rel}","templated":true}]}}