{"id":3944,"date":"2022-02-10T11:18:49","date_gmt":"2022-02-10T11:18:49","guid":{"rendered":"https:\/\/surfertarifa.com\/?post_type=product&#038;p=3944"},"modified":"2023-07-22T15:53:58","modified_gmt":"2023-07-22T15:53:58","slug":"billabong-mujer-synergy-3-2mm-back-zip-gbs-traje-de-neopreno","status":"publish","type":"product","link":"https:\/\/cursoskitesurftarifa.es\/en\/product\/billabong-mujer-synergy-3-2mm-back-zip-gbs-traje-de-neopreno\/","title":{"rendered":"BILLABONG MUJER SYNERGY 3\/2MM BACK ZIP GBS TRAJE DE NEOPRENO"},"content":{"rendered":"<ul>\n<li><span style=\"font-family: helvetica, arial, sans-serif; color: #282828;\">Prestaciones elevadas a un precio accesible<\/span><\/li>\n<li><span style=\"font-family: helvetica, arial, sans-serif; color: #282828;\"><strong>Exterior:<\/strong>\u00a0Forro exterior Superflex Recycler, fabricado con 100% fibras recicladas<\/span><\/li>\n<li><span style=\"font-family: helvetica, arial, sans-serif; color: #282828;\"><strong>Tipo de espuma del neopreno:<\/strong>\u00a0Espuma Superlight ligera para una excelente retenci\u00f3n t\u00e9rmica.<\/span><\/li>\n<li><span style=\"font-family: helvetica, arial, sans-serif; color: #282828;\"><strong>Forro interior :<\/strong>Silicona el\u00e1stica fabricada con fibras 100% recicladas<\/span><\/li>\n<li><span style=\"font-family: helvetica, arial, sans-serif; color: #282828;\"><strong>Costuras internas:<\/strong>Costuras estrat\u00e9gicas con sellado interior Superflex neo tape<\/span><\/li>\n<li><span style=\"font-family: helvetica, arial, sans-serif; color: #282828;\"><strong>Costuras exteriores:<\/strong>Costuras con puntadas ocultas (GBS) y encolado triple que reducen la entrada de agua a trav\u00e9s de las puntadas<\/span><\/li>\n<li><span style=\"font-family: helvetica, arial, sans-serif; color: #282828;\">Acceso con cremallera en el pecho<\/span><\/li>\n<\/ul>","protected":false},"excerpt":{"rendered":"<p>Prestaciones elevadas a un precio accesible Exterior:\u00a0Forro exterior Superflex Recycler, fabricado con 100% fibras recicladas Tipo de espuma del neopreno:\u00a0Espuma Superlight ligera para una excelente retenci\u00f3n t\u00e9rmica. Forro interior :Silicona el\u00e1stica fabricada con fibras 100% recicladas Costuras internas:Costuras estrat\u00e9gicas con sellado interior Superflex neo tape Costuras exteriores:Costuras con puntadas ocultas (GBS) y encolado triple que [&#8230;]","protected":false},"featured_media":3946,"comment_status":"open","ping_status":"closed","template":"","meta":{"spay_email":""},"product_cat":[15,111,164,196],"product_tag":[],"brands":[{"id":119,"name":"Billabong","slug":"billabong"}],"yoast_head":"<!-- This site is optimized with the Yoast SEO plugin v17.0 - https:\/\/yoast.com\/wordpress\/plugins\/seo\/ -->\n<title>BILLABONG MUJER SYNERGY 3\/2MM BACK ZIP GBS TRAJE DE NEOPRENO - Surfertarifa<\/title>\n<meta name=\"robots\" content=\"index, follow, max-snippet:-1, max-image-preview:large, max-video-preview:-1\" \/>\n<link rel=\"canonical\" href=\"https:\/\/cursoskitesurftarifa.es\/en\/product\/billabong-mujer-synergy-3-2mm-back-zip-gbs-traje-de-neopreno\/\" \/>\n<meta property=\"og:locale\" content=\"en_GB\" \/>\n<meta property=\"og:type\" content=\"article\" \/>\n<meta property=\"og:title\" content=\"BILLABONG MUJER SYNERGY 3\/2MM BACK ZIP GBS TRAJE DE NEOPRENO - Surfertarifa\" \/>\n<meta property=\"og:description\" content=\"Prestaciones elevadas a un precio accesible Exterior:\u00a0Forro exterior Superflex Recycler, fabricado con 100% fibras recicladas Tipo de espuma del neopreno:\u00a0Espuma Superlight ligera para una excelente retenci\u00f3n t\u00e9rmica. Forro interior :Silicona el\u00e1stica fabricada con fibras 100% recicladas Costuras internas:Costuras estrat\u00e9gicas con sellado interior Superflex neo tape Costuras exteriores:Costuras con puntadas ocultas (GBS) y encolado triple que [...]\" \/>\n<meta property=\"og:url\" content=\"https:\/\/cursoskitesurftarifa.es\/en\/product\/billabong-mujer-synergy-3-2mm-back-zip-gbs-traje-de-neopreno\/\" \/>\n<meta property=\"og:site_name\" content=\"Surfertarifa\" \/>\n<meta property=\"article:publisher\" content=\"https:\/\/es-es.facebook.com\/SurferTarifa\/\" \/>\n<meta property=\"article:modified_time\" content=\"2023-07-22T15:53:58+00:00\" \/>\n<meta property=\"og:image\" content=\"https:\/\/surfertarifa.com\/wp-content\/uploads\/2022\/02\/NEO32.jpg\" \/>\n\t<meta property=\"og:image:width\" content=\"2000\" \/>\n\t<meta property=\"og:image:height\" content=\"2000\" \/>\n<meta name=\"twitter:card\" content=\"summary_large_image\" \/>\n<meta name=\"twitter:label1\" content=\"Estimated reading time\" \/>\n\t<meta name=\"twitter:data1\" content=\"1 minute\" \/>\n<script type=\"application\/ld+json\" class=\"yoast-schema-graph\">{\"@context\":\"https:\/\/schema.org\",\"@graph\":[{\"@type\":\"Organization\",\"@id\":\"https:\/\/cursoskitesurftarifa.es\/#organization\",\"name\":\"Surfertarifa\",\"url\":\"https:\/\/cursoskitesurftarifa.es\/\",\"sameAs\":[\"https:\/\/es-es.facebook.com\/SurferTarifa\/\",\"https:\/\/www.instagram.com\/surfertarifa\/\"],\"logo\":{\"@type\":\"ImageObject\",\"@id\":\"https:\/\/cursoskitesurftarifa.es\/#logo\",\"inLanguage\":\"en-GB\",\"url\":\"https:\/\/surfertarifa.com\/wp-content\/uploads\/2021\/04\/logo-surfer-1.png\",\"contentUrl\":\"https:\/\/surfertarifa.com\/wp-content\/uploads\/2021\/04\/logo-surfer-1.png\",\"width\":90,\"height\":90,\"caption\":\"Surfertarifa\"},\"image\":{\"@id\":\"https:\/\/cursoskitesurftarifa.es\/#logo\"}},{\"@type\":\"WebSite\",\"@id\":\"https:\/\/cursoskitesurftarifa.es\/#website\",\"url\":\"https:\/\/cursoskitesurftarifa.es\/\",\"name\":\"Surfertarifa\",\"description\":\"Tienda de surf online\",\"publisher\":{\"@id\":\"https:\/\/cursoskitesurftarifa.es\/#organization\"},\"potentialAction\":[{\"@type\":\"SearchAction\",\"target\":{\"@type\":\"EntryPoint\",\"urlTemplate\":\"https:\/\/cursoskitesurftarifa.es\/?s={search_term_string}\"},\"query-input\":\"required name=search_term_string\"}],\"inLanguage\":\"en-GB\"},{\"@type\":\"ImageObject\",\"@id\":\"https:\/\/cursoskitesurftarifa.es\/product\/billabong-mujer-synergy-3-2mm-back-zip-gbs-traje-de-neopreno\/#primaryimage\",\"inLanguage\":\"en-GB\",\"url\":\"https:\/\/cursoskitesurftarifa.es\/wp-content\/uploads\/2022\/02\/NEO32.jpg\",\"contentUrl\":\"https:\/\/cursoskitesurftarifa.es\/wp-content\/uploads\/2022\/02\/NEO32.jpg\",\"width\":2000,\"height\":2000},{\"@type\":\"WebPage\",\"@id\":\"https:\/\/cursoskitesurftarifa.es\/product\/billabong-mujer-synergy-3-2mm-back-zip-gbs-traje-de-neopreno\/#webpage\",\"url\":\"https:\/\/cursoskitesurftarifa.es\/product\/billabong-mujer-synergy-3-2mm-back-zip-gbs-traje-de-neopreno\/\",\"name\":\"BILLABONG MUJER SYNERGY 3\/2MM BACK ZIP GBS TRAJE DE NEOPRENO - Surfertarifa\",\"isPartOf\":{\"@id\":\"https:\/\/cursoskitesurftarifa.es\/#website\"},\"primaryImageOfPage\":{\"@id\":\"https:\/\/cursoskitesurftarifa.es\/product\/billabong-mujer-synergy-3-2mm-back-zip-gbs-traje-de-neopreno\/#primaryimage\"},\"datePublished\":\"2022-02-10T11:18:49+00:00\",\"dateModified\":\"2023-07-22T15:53:58+00:00\",\"breadcrumb\":{\"@id\":\"https:\/\/cursoskitesurftarifa.es\/product\/billabong-mujer-synergy-3-2mm-back-zip-gbs-traje-de-neopreno\/#breadcrumb\"},\"inLanguage\":\"en-GB\",\"potentialAction\":[{\"@type\":\"ReadAction\",\"target\":[\"https:\/\/cursoskitesurftarifa.es\/product\/billabong-mujer-synergy-3-2mm-back-zip-gbs-traje-de-neopreno\/\"]}]},{\"@type\":\"BreadcrumbList\",\"@id\":\"https:\/\/cursoskitesurftarifa.es\/product\/billabong-mujer-synergy-3-2mm-back-zip-gbs-traje-de-neopreno\/#breadcrumb\",\"itemListElement\":[{\"@type\":\"ListItem\",\"position\":1,\"name\":\"Portada\",\"item\":\"https:\/\/cursoskitesurftarifa.es\/\"},{\"@type\":\"ListItem\",\"position\":2,\"name\":\"Shop\",\"item\":\"https:\/\/cursoskitesurftarifa.es\/shop\/\"},{\"@type\":\"ListItem\",\"position\":3,\"name\":\"BILLABONG MUJER SYNERGY 3\/2MM BACK ZIP GBS TRAJE DE NEOPRENO\"}]}]}<\/script>\n<!-- \/ Yoast SEO plugin. -->","yoast_head_json":{"title":"BILLABONG MUJER SYNERGY 3\/2MM BACK ZIP GBS TRAJE DE NEOPRENO - Surfertarifa","robots":{"index":"index","follow":"follow","max-snippet":"max-snippet:-1","max-image-preview":"max-image-preview:large","max-video-preview":"max-video-preview:-1"},"canonical":"https:\/\/cursoskitesurftarifa.es\/en\/product\/billabong-mujer-synergy-3-2mm-back-zip-gbs-traje-de-neopreno\/","og_locale":"en_GB","og_type":"article","og_title":"BILLABONG MUJER SYNERGY 3\/2MM BACK ZIP GBS TRAJE DE NEOPRENO - Surfertarifa","og_description":"Prestaciones elevadas a un precio accesible Exterior:\u00a0Forro exterior Superflex Recycler, fabricado con 100% fibras recicladas Tipo de espuma del neopreno:\u00a0Espuma Superlight ligera para una excelente retenci\u00f3n t\u00e9rmica. Forro interior :Silicona el\u00e1stica fabricada con fibras 100% recicladas Costuras internas:Costuras estrat\u00e9gicas con sellado interior Superflex neo tape Costuras exteriores:Costuras con puntadas ocultas (GBS) y encolado triple que [...]","og_url":"https:\/\/cursoskitesurftarifa.es\/en\/product\/billabong-mujer-synergy-3-2mm-back-zip-gbs-traje-de-neopreno\/","og_site_name":"Surfertarifa","article_publisher":"https:\/\/es-es.facebook.com\/SurferTarifa\/","article_modified_time":"2023-07-22T15:53:58+00:00","og_image":[{"width":2000,"height":2000,"url":"https:\/\/surfertarifa.com\/wp-content\/uploads\/2022\/02\/NEO32.jpg","path":"\/home\/surferta\/public_html\/wp-content\/uploads\/2022\/02\/NEO32.jpg","size":"full","id":3946,"alt":"","pixels":4000000,"type":"image\/jpeg"}],"twitter_card":"summary_large_image","twitter_misc":{"Estimated reading time":"1 minute"},"schema":{"@context":"https:\/\/schema.org","@graph":[{"@type":"Organization","@id":"https:\/\/cursoskitesurftarifa.es\/#organization","name":"Surfertarifa","url":"https:\/\/cursoskitesurftarifa.es\/","sameAs":["https:\/\/es-es.facebook.com\/SurferTarifa\/","https:\/\/www.instagram.com\/surfertarifa\/"],"logo":{"@type":"ImageObject","@id":"https:\/\/cursoskitesurftarifa.es\/#logo","inLanguage":"en-GB","url":"https:\/\/surfertarifa.com\/wp-content\/uploads\/2021\/04\/logo-surfer-1.png","contentUrl":"https:\/\/surfertarifa.com\/wp-content\/uploads\/2021\/04\/logo-surfer-1.png","width":90,"height":90,"caption":"Surfertarifa"},"image":{"@id":"https:\/\/cursoskitesurftarifa.es\/#logo"}},{"@type":"WebSite","@id":"https:\/\/cursoskitesurftarifa.es\/#website","url":"https:\/\/cursoskitesurftarifa.es\/","name":"Surfertarifa","description":"Tienda de surf online","publisher":{"@id":"https:\/\/cursoskitesurftarifa.es\/#organization"},"potentialAction":[{"@type":"SearchAction","target":{"@type":"EntryPoint","urlTemplate":"https:\/\/cursoskitesurftarifa.es\/?s={search_term_string}"},"query-input":"required name=search_term_string"}],"inLanguage":"en-GB"},{"@type":"ImageObject","@id":"https:\/\/cursoskitesurftarifa.es\/product\/billabong-mujer-synergy-3-2mm-back-zip-gbs-traje-de-neopreno\/#primaryimage","inLanguage":"en-GB","url":"https:\/\/cursoskitesurftarifa.es\/wp-content\/uploads\/2022\/02\/NEO32.jpg","contentUrl":"https:\/\/cursoskitesurftarifa.es\/wp-content\/uploads\/2022\/02\/NEO32.jpg","width":2000,"height":2000},{"@type":"WebPage","@id":"https:\/\/cursoskitesurftarifa.es\/product\/billabong-mujer-synergy-3-2mm-back-zip-gbs-traje-de-neopreno\/#webpage","url":"https:\/\/cursoskitesurftarifa.es\/product\/billabong-mujer-synergy-3-2mm-back-zip-gbs-traje-de-neopreno\/","name":"BILLABONG MUJER SYNERGY 3\/2MM BACK ZIP GBS TRAJE DE NEOPRENO - Surfertarifa","isPartOf":{"@id":"https:\/\/cursoskitesurftarifa.es\/#website"},"primaryImageOfPage":{"@id":"https:\/\/cursoskitesurftarifa.es\/product\/billabong-mujer-synergy-3-2mm-back-zip-gbs-traje-de-neopreno\/#primaryimage"},"datePublished":"2022-02-10T11:18:49+00:00","dateModified":"2023-07-22T15:53:58+00:00","breadcrumb":{"@id":"https:\/\/cursoskitesurftarifa.es\/product\/billabong-mujer-synergy-3-2mm-back-zip-gbs-traje-de-neopreno\/#breadcrumb"},"inLanguage":"en-GB","potentialAction":[{"@type":"ReadAction","target":["https:\/\/cursoskitesurftarifa.es\/product\/billabong-mujer-synergy-3-2mm-back-zip-gbs-traje-de-neopreno\/"]}]},{"@type":"BreadcrumbList","@id":"https:\/\/cursoskitesurftarifa.es\/product\/billabong-mujer-synergy-3-2mm-back-zip-gbs-traje-de-neopreno\/#breadcrumb","itemListElement":[{"@type":"ListItem","position":1,"name":"Portada","item":"https:\/\/cursoskitesurftarifa.es\/"},{"@type":"ListItem","position":2,"name":"Shop","item":"https:\/\/cursoskitesurftarifa.es\/shop\/"},{"@type":"ListItem","position":3,"name":"BILLABONG MUJER SYNERGY 3\/2MM BACK ZIP GBS TRAJE DE NEOPRENO"}]}]}},"_links":{"self":[{"href":"https:\/\/cursoskitesurftarifa.es\/en\/wp-json\/wp\/v2\/product\/3944"}],"collection":[{"href":"https:\/\/cursoskitesurftarifa.es\/en\/wp-json\/wp\/v2\/product"}],"about":[{"href":"https:\/\/cursoskitesurftarifa.es\/en\/wp-json\/wp\/v2\/types\/product"}],"replies":[{"embeddable":true,"href":"https:\/\/cursoskitesurftarifa.es\/en\/wp-json\/wp\/v2\/comments?post=3944"}],"wp:featuredmedia":[{"embeddable":true,"href":"https:\/\/cursoskitesurftarifa.es\/en\/wp-json\/wp\/v2\/media\/3946"}],"wp:attachment":[{"href":"https:\/\/cursoskitesurftarifa.es\/en\/wp-json\/wp\/v2\/media?parent=3944"}],"wp:term":[{"taxonomy":"product_cat","embeddable":true,"href":"https:\/\/cursoskitesurftarifa.es\/en\/wp-json\/wp\/v2\/product_cat?post=3944"},{"taxonomy":"product_tag","embeddable":true,"href":"https:\/\/cursoskitesurftarifa.es\/en\/wp-json\/wp\/v2\/product_tag?post=3944"}],"curies":[{"name":"wp","href":"https:\/\/api.w.org\/{rel}","templated":true}]}}