{"id":4205,"date":"2022-03-05T10:53:35","date_gmt":"2022-03-05T10:53:35","guid":{"rendered":"https:\/\/surfertarifa.com\/?post_type=product&#038;p=4205"},"modified":"2022-12-17T11:03:34","modified_gmt":"2022-12-17T11:03:34","slug":"camiseta-vissla-bluffs-ss-pkt-tee-ale","status":"publish","type":"product","link":"https:\/\/cursoskitesurftarifa.es\/en\/product\/camiseta-vissla-bluffs-ss-pkt-tee-ale\/","title":{"rendered":"CAMISETA VISSLA BLUFFS SS PKT TEE-ALE"},"content":{"rendered":"<pre id=\"tw-target-text\" class=\"tw-data-text tw-text-large tw-ta\" dir=\"ltr\" data-placeholder=\"Traducci\u00f3n\"><span class=\"Y2IQFc\" lang=\"es\" style=\"font-family: helvetica, arial, sans-serif; color: #282828;\">Golpea los Bluffs, encuentra las olas. \r\nLa vista est\u00e1 toda aqu\u00ed con nuestra prenda te\u00f1ida con pigmentos 20 singles camiseta de cuello \r\nredondo de corte moderno con bolsillo y serigraf\u00eda en la parte posterior. \r\nCuenta con etiqueta tejida en la costura lateral y lavado suave de la prenda.<\/span><\/pre>","protected":false},"excerpt":{"rendered":"<p><span class=\"Y2IQFc\" lang=\"es\">Golpea los Bluffs, encuentra las olas.<br \/>\nLa vista est\u00e1 toda aqu\u00ed con nuestra prenda te\u00f1ida con pigmentos 20 singles camiseta de cuello<br \/>\nredondo de corte moderno con bolsillo y serigraf\u00eda en la parte posterior.<br \/>\nCuenta con etiqueta tejida en la costura lateral y lavado suave de la prenda.<\/span><\/p>","protected":false},"featured_media":4207,"comment_status":"open","ping_status":"closed","template":"","meta":{"spay_email":""},"product_cat":[15,133,155],"product_tag":[],"brands":[{"id":120,"name":"Vissla","slug":"vissla"}],"yoast_head":"<!-- This site is optimized with the Yoast SEO plugin v17.0 - https:\/\/yoast.com\/wordpress\/plugins\/seo\/ -->\n<title>CAMISETA VISSLA BLUFFS SS PKT TEE-ALE - Surfertarifa<\/title>\n<meta name=\"robots\" content=\"index, follow, max-snippet:-1, max-image-preview:large, max-video-preview:-1\" \/>\n<link rel=\"canonical\" href=\"https:\/\/cursoskitesurftarifa.es\/en\/product\/camiseta-vissla-bluffs-ss-pkt-tee-ale\/\" \/>\n<meta property=\"og:locale\" content=\"en_GB\" \/>\n<meta property=\"og:type\" content=\"article\" \/>\n<meta property=\"og:title\" content=\"CAMISETA VISSLA BLUFFS SS PKT TEE-ALE - Surfertarifa\" \/>\n<meta property=\"og:description\" content=\"Golpea los Bluffs, encuentra las olas. La vista est\u00e1 toda aqu\u00ed con nuestra prenda te\u00f1ida con pigmentos 20 singles camiseta de cuello redondo de corte moderno con bolsillo y serigraf\u00eda en la parte posterior. Cuenta con etiqueta tejida en la costura lateral y lavado suave de la prenda.\" \/>\n<meta property=\"og:url\" content=\"https:\/\/cursoskitesurftarifa.es\/en\/product\/camiseta-vissla-bluffs-ss-pkt-tee-ale\/\" \/>\n<meta property=\"og:site_name\" content=\"Surfertarifa\" \/>\n<meta property=\"article:publisher\" content=\"https:\/\/es-es.facebook.com\/SurferTarifa\/\" \/>\n<meta property=\"article:modified_time\" content=\"2022-12-17T11:03:34+00:00\" \/>\n<meta property=\"og:image\" content=\"https:\/\/surfertarifa.com\/wp-content\/uploads\/2022\/03\/fdec3560b9f3d1de366b5a5d5a5bddb1.jpg\" \/>\n\t<meta property=\"og:image:width\" content=\"775\" \/>\n\t<meta property=\"og:image:height\" content=\"775\" \/>\n<meta name=\"twitter:card\" content=\"summary_large_image\" \/>\n<meta name=\"twitter:label1\" content=\"Estimated reading time\" \/>\n\t<meta name=\"twitter:data1\" content=\"1 minute\" \/>\n<script type=\"application\/ld+json\" class=\"yoast-schema-graph\">{\"@context\":\"https:\/\/schema.org\",\"@graph\":[{\"@type\":\"Organization\",\"@id\":\"https:\/\/cursoskitesurftarifa.es\/#organization\",\"name\":\"Surfertarifa\",\"url\":\"https:\/\/cursoskitesurftarifa.es\/\",\"sameAs\":[\"https:\/\/es-es.facebook.com\/SurferTarifa\/\",\"https:\/\/www.instagram.com\/surfertarifa\/\"],\"logo\":{\"@type\":\"ImageObject\",\"@id\":\"https:\/\/cursoskitesurftarifa.es\/#logo\",\"inLanguage\":\"en-GB\",\"url\":\"https:\/\/surfertarifa.com\/wp-content\/uploads\/2021\/04\/logo-surfer-1.png\",\"contentUrl\":\"https:\/\/surfertarifa.com\/wp-content\/uploads\/2021\/04\/logo-surfer-1.png\",\"width\":90,\"height\":90,\"caption\":\"Surfertarifa\"},\"image\":{\"@id\":\"https:\/\/cursoskitesurftarifa.es\/#logo\"}},{\"@type\":\"WebSite\",\"@id\":\"https:\/\/cursoskitesurftarifa.es\/#website\",\"url\":\"https:\/\/cursoskitesurftarifa.es\/\",\"name\":\"Surfertarifa\",\"description\":\"Tienda de surf online\",\"publisher\":{\"@id\":\"https:\/\/cursoskitesurftarifa.es\/#organization\"},\"potentialAction\":[{\"@type\":\"SearchAction\",\"target\":{\"@type\":\"EntryPoint\",\"urlTemplate\":\"https:\/\/cursoskitesurftarifa.es\/?s={search_term_string}\"},\"query-input\":\"required name=search_term_string\"}],\"inLanguage\":\"en-GB\"},{\"@type\":\"ImageObject\",\"@id\":\"https:\/\/cursoskitesurftarifa.es\/en\/product\/camiseta-vissla-bluffs-ss-pkt-tee-ale\/#primaryimage\",\"inLanguage\":\"en-GB\",\"url\":\"https:\/\/cursoskitesurftarifa.es\/wp-content\/uploads\/2022\/03\/fdec3560b9f3d1de366b5a5d5a5bddb1.jpg\",\"contentUrl\":\"https:\/\/cursoskitesurftarifa.es\/wp-content\/uploads\/2022\/03\/fdec3560b9f3d1de366b5a5d5a5bddb1.jpg\",\"width\":775,\"height\":775,\"caption\":\"CAMISETA VISSLA BLUFFS SS PKT TEE-ALE\"},{\"@type\":\"WebPage\",\"@id\":\"https:\/\/cursoskitesurftarifa.es\/en\/product\/camiseta-vissla-bluffs-ss-pkt-tee-ale\/#webpage\",\"url\":\"https:\/\/cursoskitesurftarifa.es\/en\/product\/camiseta-vissla-bluffs-ss-pkt-tee-ale\/\",\"name\":\"CAMISETA VISSLA BLUFFS SS PKT TEE-ALE - Surfertarifa\",\"isPartOf\":{\"@id\":\"https:\/\/cursoskitesurftarifa.es\/#website\"},\"primaryImageOfPage\":{\"@id\":\"https:\/\/cursoskitesurftarifa.es\/en\/product\/camiseta-vissla-bluffs-ss-pkt-tee-ale\/#primaryimage\"},\"datePublished\":\"2022-03-05T10:53:35+00:00\",\"dateModified\":\"2022-12-17T11:03:34+00:00\",\"breadcrumb\":{\"@id\":\"https:\/\/cursoskitesurftarifa.es\/en\/product\/camiseta-vissla-bluffs-ss-pkt-tee-ale\/#breadcrumb\"},\"inLanguage\":\"en-GB\",\"potentialAction\":[{\"@type\":\"ReadAction\",\"target\":[\"https:\/\/cursoskitesurftarifa.es\/en\/product\/camiseta-vissla-bluffs-ss-pkt-tee-ale\/\"]}]},{\"@type\":\"BreadcrumbList\",\"@id\":\"https:\/\/cursoskitesurftarifa.es\/en\/product\/camiseta-vissla-bluffs-ss-pkt-tee-ale\/#breadcrumb\",\"itemListElement\":[{\"@type\":\"ListItem\",\"position\":1,\"name\":\"Portada\",\"item\":\"https:\/\/cursoskitesurftarifa.es\/\"},{\"@type\":\"ListItem\",\"position\":2,\"name\":\"Shop\",\"item\":\"https:\/\/cursoskitesurftarifa.es\/shop\/\"},{\"@type\":\"ListItem\",\"position\":3,\"name\":\"CAMISETA VISSLA BLUFFS SS PKT TEE-ALE\"}]}]}<\/script>\n<!-- \/ Yoast SEO plugin. -->","yoast_head_json":{"title":"CAMISETA VISSLA BLUFFS SS PKT TEE-ALE - Surfertarifa","robots":{"index":"index","follow":"follow","max-snippet":"max-snippet:-1","max-image-preview":"max-image-preview:large","max-video-preview":"max-video-preview:-1"},"canonical":"https:\/\/cursoskitesurftarifa.es\/en\/product\/camiseta-vissla-bluffs-ss-pkt-tee-ale\/","og_locale":"en_GB","og_type":"article","og_title":"CAMISETA VISSLA BLUFFS SS PKT TEE-ALE - Surfertarifa","og_description":"Golpea los Bluffs, encuentra las olas. La vista est\u00e1 toda aqu\u00ed con nuestra prenda te\u00f1ida con pigmentos 20 singles camiseta de cuello redondo de corte moderno con bolsillo y serigraf\u00eda en la parte posterior. Cuenta con etiqueta tejida en la costura lateral y lavado suave de la prenda.","og_url":"https:\/\/cursoskitesurftarifa.es\/en\/product\/camiseta-vissla-bluffs-ss-pkt-tee-ale\/","og_site_name":"Surfertarifa","article_publisher":"https:\/\/es-es.facebook.com\/SurferTarifa\/","article_modified_time":"2022-12-17T11:03:34+00:00","og_image":[{"width":775,"height":775,"url":"https:\/\/surfertarifa.com\/wp-content\/uploads\/2022\/03\/fdec3560b9f3d1de366b5a5d5a5bddb1.jpg","path":"\/home\/surferta\/public_html\/wp-content\/uploads\/2022\/03\/fdec3560b9f3d1de366b5a5d5a5bddb1.jpg","size":"full","id":4207,"alt":"CAMISETA VISSLA BLUFFS SS PKT TEE-ALE","pixels":600625,"type":"image\/jpeg"}],"twitter_card":"summary_large_image","twitter_misc":{"Estimated reading time":"1 minute"},"schema":{"@context":"https:\/\/schema.org","@graph":[{"@type":"Organization","@id":"https:\/\/cursoskitesurftarifa.es\/#organization","name":"Surfertarifa","url":"https:\/\/cursoskitesurftarifa.es\/","sameAs":["https:\/\/es-es.facebook.com\/SurferTarifa\/","https:\/\/www.instagram.com\/surfertarifa\/"],"logo":{"@type":"ImageObject","@id":"https:\/\/cursoskitesurftarifa.es\/#logo","inLanguage":"en-GB","url":"https:\/\/surfertarifa.com\/wp-content\/uploads\/2021\/04\/logo-surfer-1.png","contentUrl":"https:\/\/surfertarifa.com\/wp-content\/uploads\/2021\/04\/logo-surfer-1.png","width":90,"height":90,"caption":"Surfertarifa"},"image":{"@id":"https:\/\/cursoskitesurftarifa.es\/#logo"}},{"@type":"WebSite","@id":"https:\/\/cursoskitesurftarifa.es\/#website","url":"https:\/\/cursoskitesurftarifa.es\/","name":"Surfertarifa","description":"Tienda de surf online","publisher":{"@id":"https:\/\/cursoskitesurftarifa.es\/#organization"},"potentialAction":[{"@type":"SearchAction","target":{"@type":"EntryPoint","urlTemplate":"https:\/\/cursoskitesurftarifa.es\/?s={search_term_string}"},"query-input":"required name=search_term_string"}],"inLanguage":"en-GB"},{"@type":"ImageObject","@id":"https:\/\/cursoskitesurftarifa.es\/en\/product\/camiseta-vissla-bluffs-ss-pkt-tee-ale\/#primaryimage","inLanguage":"en-GB","url":"https:\/\/cursoskitesurftarifa.es\/wp-content\/uploads\/2022\/03\/fdec3560b9f3d1de366b5a5d5a5bddb1.jpg","contentUrl":"https:\/\/cursoskitesurftarifa.es\/wp-content\/uploads\/2022\/03\/fdec3560b9f3d1de366b5a5d5a5bddb1.jpg","width":775,"height":775,"caption":"CAMISETA VISSLA BLUFFS SS PKT TEE-ALE"},{"@type":"WebPage","@id":"https:\/\/cursoskitesurftarifa.es\/en\/product\/camiseta-vissla-bluffs-ss-pkt-tee-ale\/#webpage","url":"https:\/\/cursoskitesurftarifa.es\/en\/product\/camiseta-vissla-bluffs-ss-pkt-tee-ale\/","name":"CAMISETA VISSLA BLUFFS SS PKT TEE-ALE - Surfertarifa","isPartOf":{"@id":"https:\/\/cursoskitesurftarifa.es\/#website"},"primaryImageOfPage":{"@id":"https:\/\/cursoskitesurftarifa.es\/en\/product\/camiseta-vissla-bluffs-ss-pkt-tee-ale\/#primaryimage"},"datePublished":"2022-03-05T10:53:35+00:00","dateModified":"2022-12-17T11:03:34+00:00","breadcrumb":{"@id":"https:\/\/cursoskitesurftarifa.es\/en\/product\/camiseta-vissla-bluffs-ss-pkt-tee-ale\/#breadcrumb"},"inLanguage":"en-GB","potentialAction":[{"@type":"ReadAction","target":["https:\/\/cursoskitesurftarifa.es\/en\/product\/camiseta-vissla-bluffs-ss-pkt-tee-ale\/"]}]},{"@type":"BreadcrumbList","@id":"https:\/\/cursoskitesurftarifa.es\/en\/product\/camiseta-vissla-bluffs-ss-pkt-tee-ale\/#breadcrumb","itemListElement":[{"@type":"ListItem","position":1,"name":"Portada","item":"https:\/\/cursoskitesurftarifa.es\/"},{"@type":"ListItem","position":2,"name":"Shop","item":"https:\/\/cursoskitesurftarifa.es\/shop\/"},{"@type":"ListItem","position":3,"name":"CAMISETA VISSLA BLUFFS SS PKT TEE-ALE"}]}]}},"_links":{"self":[{"href":"https:\/\/cursoskitesurftarifa.es\/en\/wp-json\/wp\/v2\/product\/4205"}],"collection":[{"href":"https:\/\/cursoskitesurftarifa.es\/en\/wp-json\/wp\/v2\/product"}],"about":[{"href":"https:\/\/cursoskitesurftarifa.es\/en\/wp-json\/wp\/v2\/types\/product"}],"replies":[{"embeddable":true,"href":"https:\/\/cursoskitesurftarifa.es\/en\/wp-json\/wp\/v2\/comments?post=4205"}],"wp:featuredmedia":[{"embeddable":true,"href":"https:\/\/cursoskitesurftarifa.es\/en\/wp-json\/wp\/v2\/media\/4207"}],"wp:attachment":[{"href":"https:\/\/cursoskitesurftarifa.es\/en\/wp-json\/wp\/v2\/media?parent=4205"}],"wp:term":[{"taxonomy":"product_cat","embeddable":true,"href":"https:\/\/cursoskitesurftarifa.es\/en\/wp-json\/wp\/v2\/product_cat?post=4205"},{"taxonomy":"product_tag","embeddable":true,"href":"https:\/\/cursoskitesurftarifa.es\/en\/wp-json\/wp\/v2\/product_tag?post=4205"}],"curies":[{"name":"wp","href":"https:\/\/api.w.org\/{rel}","templated":true}]}}