{"id":4221,"date":"2022-03-06T18:55:27","date_gmt":"2022-03-06T18:55:27","guid":{"rendered":"https:\/\/surfertarifa.com\/?post_type=product&#038;p=4221"},"modified":"2022-12-17T10:49:18","modified_gmt":"2022-12-17T10:49:18","slug":"camiseta-vissla-bluffs-ls-pkt-tee-wht","status":"publish","type":"product","link":"https:\/\/cursoskitesurftarifa.es\/en\/product\/camiseta-vissla-bluffs-ls-pkt-tee-wht\/","title":{"rendered":"CAMISETA VISSLA BLUFFS LS PKT TEE-WHT"},"content":{"rendered":"<pre id=\"tw-target-text\" class=\"tw-data-text tw-text-large tw-ta\" dir=\"ltr\" data-placeholder=\"Traducci\u00f3n\"><span class=\"Y2IQFc\" lang=\"es\">Iconic Bluffs Long Sleeve, donde las olas son perfectas todo el tiempo.\r\nUna camiseta premium con 30 bolsillos individuales en nuestro ajuste moderno con costuras laterales.\r\nLavado para una apariencia desgastada. \r\nIncluye nuestra ic\u00f3nica etiqueta de bandera con una serigraf\u00eda super suave.\r\n\r\n100% ALGOD\u00d3N<\/span><\/pre>","protected":false},"excerpt":{"rendered":"<p><span class=\"Y2IQFc\" lang=\"es\">Iconic Bluffs Long Sleeve, donde las olas son perfectas todo el tiempo.<br \/>\nUna camiseta premium con 30 bolsillos individuales en nuestro ajuste moderno con costuras laterales.<br \/>\nLavado para una apariencia desgastada.<br \/>\nIncluye nuestra ic\u00f3nica etiqueta de bandera con una serigraf\u00eda super suave. 100% ALGOD\u00d3N<\/span><\/p>","protected":false},"featured_media":4209,"comment_status":"open","ping_status":"closed","template":"","meta":{"spay_email":""},"product_cat":[133,154,110],"product_tag":[],"brands":[{"id":120,"name":"Vissla","slug":"vissla"}],"yoast_head":"<!-- This site is optimized with the Yoast SEO plugin v17.0 - https:\/\/yoast.com\/wordpress\/plugins\/seo\/ -->\n<title>CAMISETA VISSLA BLUFFS LS PKT TEE-WHT - Surfertarifa<\/title>\n<meta name=\"robots\" content=\"index, follow, max-snippet:-1, max-image-preview:large, max-video-preview:-1\" \/>\n<link rel=\"canonical\" href=\"https:\/\/cursoskitesurftarifa.es\/en\/product\/camiseta-vissla-bluffs-ls-pkt-tee-wht\/\" \/>\n<meta property=\"og:locale\" content=\"en_GB\" \/>\n<meta property=\"og:type\" content=\"article\" \/>\n<meta property=\"og:title\" content=\"CAMISETA VISSLA BLUFFS LS PKT TEE-WHT - Surfertarifa\" \/>\n<meta property=\"og:description\" content=\"Iconic Bluffs Long Sleeve, donde las olas son perfectas todo el tiempo. Una camiseta premium con 30 bolsillos individuales en nuestro ajuste moderno con costuras laterales. Lavado para una apariencia desgastada. Incluye nuestra ic\u00f3nica etiqueta de bandera con una serigraf\u00eda super suave. 100% ALGOD\u00d3N\" \/>\n<meta property=\"og:url\" content=\"https:\/\/cursoskitesurftarifa.es\/en\/product\/camiseta-vissla-bluffs-ls-pkt-tee-wht\/\" \/>\n<meta property=\"og:site_name\" content=\"Surfertarifa\" \/>\n<meta property=\"article:publisher\" content=\"https:\/\/es-es.facebook.com\/SurferTarifa\/\" \/>\n<meta property=\"article:modified_time\" content=\"2022-12-17T10:49:18+00:00\" \/>\n<meta property=\"og:image\" content=\"https:\/\/surfertarifa.com\/wp-content\/uploads\/2022\/03\/372fcd91b220664c60d30b64842fb8ad.jpg\" \/>\n\t<meta property=\"og:image:width\" content=\"775\" \/>\n\t<meta property=\"og:image:height\" content=\"775\" \/>\n<meta name=\"twitter:card\" content=\"summary_large_image\" \/>\n<meta name=\"twitter:label1\" content=\"Estimated reading time\" \/>\n\t<meta name=\"twitter:data1\" content=\"1 minute\" \/>\n<script type=\"application\/ld+json\" class=\"yoast-schema-graph\">{\"@context\":\"https:\/\/schema.org\",\"@graph\":[{\"@type\":\"Organization\",\"@id\":\"https:\/\/cursoskitesurftarifa.es\/#organization\",\"name\":\"Surfertarifa\",\"url\":\"https:\/\/cursoskitesurftarifa.es\/\",\"sameAs\":[\"https:\/\/es-es.facebook.com\/SurferTarifa\/\",\"https:\/\/www.instagram.com\/surfertarifa\/\"],\"logo\":{\"@type\":\"ImageObject\",\"@id\":\"https:\/\/cursoskitesurftarifa.es\/#logo\",\"inLanguage\":\"en-GB\",\"url\":\"https:\/\/surfertarifa.com\/wp-content\/uploads\/2021\/04\/logo-surfer-1.png\",\"contentUrl\":\"https:\/\/surfertarifa.com\/wp-content\/uploads\/2021\/04\/logo-surfer-1.png\",\"width\":90,\"height\":90,\"caption\":\"Surfertarifa\"},\"image\":{\"@id\":\"https:\/\/cursoskitesurftarifa.es\/#logo\"}},{\"@type\":\"WebSite\",\"@id\":\"https:\/\/cursoskitesurftarifa.es\/#website\",\"url\":\"https:\/\/cursoskitesurftarifa.es\/\",\"name\":\"Surfertarifa\",\"description\":\"Tienda de surf online\",\"publisher\":{\"@id\":\"https:\/\/cursoskitesurftarifa.es\/#organization\"},\"potentialAction\":[{\"@type\":\"SearchAction\",\"target\":{\"@type\":\"EntryPoint\",\"urlTemplate\":\"https:\/\/cursoskitesurftarifa.es\/?s={search_term_string}\"},\"query-input\":\"required name=search_term_string\"}],\"inLanguage\":\"en-GB\"},{\"@type\":\"ImageObject\",\"@id\":\"https:\/\/cursoskitesurftarifa.es\/product\/camiseta-vissla-bluffs-ls-pkt-tee-wht\/#primaryimage\",\"inLanguage\":\"en-GB\",\"url\":\"https:\/\/cursoskitesurftarifa.es\/wp-content\/uploads\/2022\/03\/372fcd91b220664c60d30b64842fb8ad.jpg\",\"contentUrl\":\"https:\/\/cursoskitesurftarifa.es\/wp-content\/uploads\/2022\/03\/372fcd91b220664c60d30b64842fb8ad.jpg\",\"width\":775,\"height\":775,\"caption\":\"CAMISETA VISSLA BLUFFS LS PKT TEE-WHT\"},{\"@type\":\"WebPage\",\"@id\":\"https:\/\/cursoskitesurftarifa.es\/product\/camiseta-vissla-bluffs-ls-pkt-tee-wht\/#webpage\",\"url\":\"https:\/\/cursoskitesurftarifa.es\/product\/camiseta-vissla-bluffs-ls-pkt-tee-wht\/\",\"name\":\"CAMISETA VISSLA BLUFFS LS PKT TEE-WHT - Surfertarifa\",\"isPartOf\":{\"@id\":\"https:\/\/cursoskitesurftarifa.es\/#website\"},\"primaryImageOfPage\":{\"@id\":\"https:\/\/cursoskitesurftarifa.es\/product\/camiseta-vissla-bluffs-ls-pkt-tee-wht\/#primaryimage\"},\"datePublished\":\"2022-03-06T18:55:27+00:00\",\"dateModified\":\"2022-12-17T10:49:18+00:00\",\"breadcrumb\":{\"@id\":\"https:\/\/cursoskitesurftarifa.es\/product\/camiseta-vissla-bluffs-ls-pkt-tee-wht\/#breadcrumb\"},\"inLanguage\":\"en-GB\",\"potentialAction\":[{\"@type\":\"ReadAction\",\"target\":[\"https:\/\/cursoskitesurftarifa.es\/product\/camiseta-vissla-bluffs-ls-pkt-tee-wht\/\"]}]},{\"@type\":\"BreadcrumbList\",\"@id\":\"https:\/\/cursoskitesurftarifa.es\/product\/camiseta-vissla-bluffs-ls-pkt-tee-wht\/#breadcrumb\",\"itemListElement\":[{\"@type\":\"ListItem\",\"position\":1,\"name\":\"Portada\",\"item\":\"https:\/\/cursoskitesurftarifa.es\/\"},{\"@type\":\"ListItem\",\"position\":2,\"name\":\"Shop\",\"item\":\"https:\/\/cursoskitesurftarifa.es\/shop\/\"},{\"@type\":\"ListItem\",\"position\":3,\"name\":\"CAMISETA VISSLA BLUFFS LS PKT TEE-WHT\"}]}]}<\/script>\n<!-- \/ Yoast SEO plugin. -->","yoast_head_json":{"title":"CAMISETA VISSLA BLUFFS LS PKT TEE-WHT - Surfertarifa","robots":{"index":"index","follow":"follow","max-snippet":"max-snippet:-1","max-image-preview":"max-image-preview:large","max-video-preview":"max-video-preview:-1"},"canonical":"https:\/\/cursoskitesurftarifa.es\/en\/product\/camiseta-vissla-bluffs-ls-pkt-tee-wht\/","og_locale":"en_GB","og_type":"article","og_title":"CAMISETA VISSLA BLUFFS LS PKT TEE-WHT - Surfertarifa","og_description":"Iconic Bluffs Long Sleeve, donde las olas son perfectas todo el tiempo. Una camiseta premium con 30 bolsillos individuales en nuestro ajuste moderno con costuras laterales. Lavado para una apariencia desgastada. Incluye nuestra ic\u00f3nica etiqueta de bandera con una serigraf\u00eda super suave. 100% ALGOD\u00d3N","og_url":"https:\/\/cursoskitesurftarifa.es\/en\/product\/camiseta-vissla-bluffs-ls-pkt-tee-wht\/","og_site_name":"Surfertarifa","article_publisher":"https:\/\/es-es.facebook.com\/SurferTarifa\/","article_modified_time":"2022-12-17T10:49:18+00:00","og_image":[{"width":775,"height":775,"url":"https:\/\/surfertarifa.com\/wp-content\/uploads\/2022\/03\/372fcd91b220664c60d30b64842fb8ad.jpg","path":"\/home\/surferta\/public_html\/wp-content\/uploads\/2022\/03\/372fcd91b220664c60d30b64842fb8ad.jpg","size":"full","id":4209,"alt":"CAMISETA VISSLA BLUFFS LS PKT TEE-WHT","pixels":600625,"type":"image\/jpeg"}],"twitter_card":"summary_large_image","twitter_misc":{"Estimated reading time":"1 minute"},"schema":{"@context":"https:\/\/schema.org","@graph":[{"@type":"Organization","@id":"https:\/\/cursoskitesurftarifa.es\/#organization","name":"Surfertarifa","url":"https:\/\/cursoskitesurftarifa.es\/","sameAs":["https:\/\/es-es.facebook.com\/SurferTarifa\/","https:\/\/www.instagram.com\/surfertarifa\/"],"logo":{"@type":"ImageObject","@id":"https:\/\/cursoskitesurftarifa.es\/#logo","inLanguage":"en-GB","url":"https:\/\/surfertarifa.com\/wp-content\/uploads\/2021\/04\/logo-surfer-1.png","contentUrl":"https:\/\/surfertarifa.com\/wp-content\/uploads\/2021\/04\/logo-surfer-1.png","width":90,"height":90,"caption":"Surfertarifa"},"image":{"@id":"https:\/\/cursoskitesurftarifa.es\/#logo"}},{"@type":"WebSite","@id":"https:\/\/cursoskitesurftarifa.es\/#website","url":"https:\/\/cursoskitesurftarifa.es\/","name":"Surfertarifa","description":"Tienda de surf online","publisher":{"@id":"https:\/\/cursoskitesurftarifa.es\/#organization"},"potentialAction":[{"@type":"SearchAction","target":{"@type":"EntryPoint","urlTemplate":"https:\/\/cursoskitesurftarifa.es\/?s={search_term_string}"},"query-input":"required name=search_term_string"}],"inLanguage":"en-GB"},{"@type":"ImageObject","@id":"https:\/\/cursoskitesurftarifa.es\/product\/camiseta-vissla-bluffs-ls-pkt-tee-wht\/#primaryimage","inLanguage":"en-GB","url":"https:\/\/cursoskitesurftarifa.es\/wp-content\/uploads\/2022\/03\/372fcd91b220664c60d30b64842fb8ad.jpg","contentUrl":"https:\/\/cursoskitesurftarifa.es\/wp-content\/uploads\/2022\/03\/372fcd91b220664c60d30b64842fb8ad.jpg","width":775,"height":775,"caption":"CAMISETA VISSLA BLUFFS LS PKT TEE-WHT"},{"@type":"WebPage","@id":"https:\/\/cursoskitesurftarifa.es\/product\/camiseta-vissla-bluffs-ls-pkt-tee-wht\/#webpage","url":"https:\/\/cursoskitesurftarifa.es\/product\/camiseta-vissla-bluffs-ls-pkt-tee-wht\/","name":"CAMISETA VISSLA BLUFFS LS PKT TEE-WHT - Surfertarifa","isPartOf":{"@id":"https:\/\/cursoskitesurftarifa.es\/#website"},"primaryImageOfPage":{"@id":"https:\/\/cursoskitesurftarifa.es\/product\/camiseta-vissla-bluffs-ls-pkt-tee-wht\/#primaryimage"},"datePublished":"2022-03-06T18:55:27+00:00","dateModified":"2022-12-17T10:49:18+00:00","breadcrumb":{"@id":"https:\/\/cursoskitesurftarifa.es\/product\/camiseta-vissla-bluffs-ls-pkt-tee-wht\/#breadcrumb"},"inLanguage":"en-GB","potentialAction":[{"@type":"ReadAction","target":["https:\/\/cursoskitesurftarifa.es\/product\/camiseta-vissla-bluffs-ls-pkt-tee-wht\/"]}]},{"@type":"BreadcrumbList","@id":"https:\/\/cursoskitesurftarifa.es\/product\/camiseta-vissla-bluffs-ls-pkt-tee-wht\/#breadcrumb","itemListElement":[{"@type":"ListItem","position":1,"name":"Portada","item":"https:\/\/cursoskitesurftarifa.es\/"},{"@type":"ListItem","position":2,"name":"Shop","item":"https:\/\/cursoskitesurftarifa.es\/shop\/"},{"@type":"ListItem","position":3,"name":"CAMISETA VISSLA BLUFFS LS PKT TEE-WHT"}]}]}},"_links":{"self":[{"href":"https:\/\/cursoskitesurftarifa.es\/en\/wp-json\/wp\/v2\/product\/4221"}],"collection":[{"href":"https:\/\/cursoskitesurftarifa.es\/en\/wp-json\/wp\/v2\/product"}],"about":[{"href":"https:\/\/cursoskitesurftarifa.es\/en\/wp-json\/wp\/v2\/types\/product"}],"replies":[{"embeddable":true,"href":"https:\/\/cursoskitesurftarifa.es\/en\/wp-json\/wp\/v2\/comments?post=4221"}],"wp:featuredmedia":[{"embeddable":true,"href":"https:\/\/cursoskitesurftarifa.es\/en\/wp-json\/wp\/v2\/media\/4209"}],"wp:attachment":[{"href":"https:\/\/cursoskitesurftarifa.es\/en\/wp-json\/wp\/v2\/media?parent=4221"}],"wp:term":[{"taxonomy":"product_cat","embeddable":true,"href":"https:\/\/cursoskitesurftarifa.es\/en\/wp-json\/wp\/v2\/product_cat?post=4221"},{"taxonomy":"product_tag","embeddable":true,"href":"https:\/\/cursoskitesurftarifa.es\/en\/wp-json\/wp\/v2\/product_tag?post=4221"}],"curies":[{"name":"wp","href":"https:\/\/api.w.org\/{rel}","templated":true}]}}