{"id":4569,"date":"2022-03-13T19:00:24","date_gmt":"2022-03-13T19:00:24","guid":{"rendered":"https:\/\/surfertarifa.com\/?post_type=product&#038;p=4569"},"modified":"2023-07-16T17:31:26","modified_gmt":"2023-07-16T17:31:26","slug":"pantalon-corto-billabong-surf-classic-5-2372","status":"publish","type":"product","link":"https:\/\/cursoskitesurftarifa.es\/en\/product\/pantalon-corto-billabong-surf-classic-5-2372\/","title":{"rendered":"PANTAL\u00d3N CORTO BILLABONG SURF CLASSIC 5- 2372"},"content":{"rendered":"<p><span style=\"color: #282828;\">Tejido:Tejido de felpa francesa mezcla de algod\u00f3n<\/span><\/p>\n<p><span style=\"color: #282828;\">Ajuste:Ajuste holgado<\/span><\/p>\n<p><span style=\"color: #282828;\">Cintura el\u00e1stica con cord\u00f3n<\/span><\/p>\n<p><span style=\"color: #282828;\">Tratamiento:Te\u00f1ido en prenda con pigmentos<\/span><\/p>\n<p><span style=\"color: #282828;\">87% ALGODON 13% POLIESTER<\/span><\/p>","protected":false},"excerpt":{"rendered":"<p>Tejido:Tejido de felpa francesa mezcla de algod\u00f3n<\/p>\n<p>Ajuste:Ajuste holgado<\/p>\n<p>Cintura el\u00e1stica con cord\u00f3n<\/p>\n<p>Tratamiento:Te\u00f1ido en prenda con pigmentos<\/p>\n<p>87% ALGODON 13% POLIESTER<\/p>","protected":false},"featured_media":4573,"comment_status":"open","ping_status":"closed","template":"","meta":{"spay_email":""},"product_cat":[111,115],"product_tag":[],"brands":[{"id":119,"name":"Billabong","slug":"billabong"}],"yoast_head":"<!-- This site is optimized with the Yoast SEO plugin v17.0 - https:\/\/yoast.com\/wordpress\/plugins\/seo\/ -->\n<title>PANTAL\u00d3N CORTO BILLABONG SURF CLASSIC 5- 2372 - Surfertarifa<\/title>\n<meta name=\"robots\" content=\"index, follow, max-snippet:-1, max-image-preview:large, max-video-preview:-1\" \/>\n<link rel=\"canonical\" href=\"https:\/\/cursoskitesurftarifa.es\/en\/product\/pantalon-corto-billabong-surf-classic-5-2372\/\" \/>\n<meta property=\"og:locale\" content=\"en_GB\" \/>\n<meta property=\"og:type\" content=\"article\" \/>\n<meta property=\"og:title\" content=\"PANTAL\u00d3N CORTO BILLABONG SURF CLASSIC 5- 2372 - Surfertarifa\" \/>\n<meta property=\"og:description\" content=\"Tejido:Tejido de felpa francesa mezcla de algod\u00f3n  Ajuste:Ajuste holgado  Cintura el\u00e1stica con cord\u00f3n  Tratamiento:Te\u00f1ido en prenda con pigmentos  87% ALGODON 13% POLIESTER\" \/>\n<meta property=\"og:url\" content=\"https:\/\/cursoskitesurftarifa.es\/en\/product\/pantalon-corto-billabong-surf-classic-5-2372\/\" \/>\n<meta property=\"og:site_name\" content=\"Surfertarifa\" \/>\n<meta property=\"article:publisher\" content=\"https:\/\/es-es.facebook.com\/SurferTarifa\/\" \/>\n<meta property=\"article:modified_time\" content=\"2023-07-16T17:31:26+00:00\" \/>\n<meta property=\"og:image\" content=\"https:\/\/surfertarifa.com\/wp-content\/uploads\/2022\/03\/c3wk25bip2_billabongw_2372_dtl1.png\" \/>\n\t<meta property=\"og:image:width\" content=\"315\" \/>\n\t<meta property=\"og:image:height\" content=\"375\" \/>\n<meta name=\"twitter:card\" content=\"summary_large_image\" \/>\n<meta name=\"twitter:label1\" content=\"Estimated reading time\" \/>\n\t<meta name=\"twitter:data1\" content=\"1 minute\" \/>\n<script type=\"application\/ld+json\" class=\"yoast-schema-graph\">{\"@context\":\"https:\/\/schema.org\",\"@graph\":[{\"@type\":\"Organization\",\"@id\":\"https:\/\/cursoskitesurftarifa.es\/#organization\",\"name\":\"Surfertarifa\",\"url\":\"https:\/\/cursoskitesurftarifa.es\/\",\"sameAs\":[\"https:\/\/es-es.facebook.com\/SurferTarifa\/\",\"https:\/\/www.instagram.com\/surfertarifa\/\"],\"logo\":{\"@type\":\"ImageObject\",\"@id\":\"https:\/\/cursoskitesurftarifa.es\/#logo\",\"inLanguage\":\"en-GB\",\"url\":\"https:\/\/surfertarifa.com\/wp-content\/uploads\/2021\/04\/logo-surfer-1.png\",\"contentUrl\":\"https:\/\/surfertarifa.com\/wp-content\/uploads\/2021\/04\/logo-surfer-1.png\",\"width\":90,\"height\":90,\"caption\":\"Surfertarifa\"},\"image\":{\"@id\":\"https:\/\/cursoskitesurftarifa.es\/#logo\"}},{\"@type\":\"WebSite\",\"@id\":\"https:\/\/cursoskitesurftarifa.es\/#website\",\"url\":\"https:\/\/cursoskitesurftarifa.es\/\",\"name\":\"Surfertarifa\",\"description\":\"Tienda de surf online\",\"publisher\":{\"@id\":\"https:\/\/cursoskitesurftarifa.es\/#organization\"},\"potentialAction\":[{\"@type\":\"SearchAction\",\"target\":{\"@type\":\"EntryPoint\",\"urlTemplate\":\"https:\/\/cursoskitesurftarifa.es\/?s={search_term_string}\"},\"query-input\":\"required name=search_term_string\"}],\"inLanguage\":\"en-GB\"},{\"@type\":\"ImageObject\",\"@id\":\"https:\/\/cursoskitesurftarifa.es\/en\/product\/pantalon-corto-billabong-surf-classic-5-2372\/#primaryimage\",\"inLanguage\":\"en-GB\",\"url\":\"https:\/\/cursoskitesurftarifa.es\/wp-content\/uploads\/2022\/03\/c3wk25bip2_billabongw_2372_dtl1.png\",\"contentUrl\":\"https:\/\/cursoskitesurftarifa.es\/wp-content\/uploads\/2022\/03\/c3wk25bip2_billabongw_2372_dtl1.png\",\"width\":315,\"height\":375,\"caption\":\"PANTAL\\u00d3N CORTO BILLABONG SURF CLASSIC 5- 2372\"},{\"@type\":\"WebPage\",\"@id\":\"https:\/\/cursoskitesurftarifa.es\/en\/product\/pantalon-corto-billabong-surf-classic-5-2372\/#webpage\",\"url\":\"https:\/\/cursoskitesurftarifa.es\/en\/product\/pantalon-corto-billabong-surf-classic-5-2372\/\",\"name\":\"PANTAL\\u00d3N CORTO BILLABONG SURF CLASSIC 5- 2372 - Surfertarifa\",\"isPartOf\":{\"@id\":\"https:\/\/cursoskitesurftarifa.es\/#website\"},\"primaryImageOfPage\":{\"@id\":\"https:\/\/cursoskitesurftarifa.es\/en\/product\/pantalon-corto-billabong-surf-classic-5-2372\/#primaryimage\"},\"datePublished\":\"2022-03-13T19:00:24+00:00\",\"dateModified\":\"2023-07-16T17:31:26+00:00\",\"breadcrumb\":{\"@id\":\"https:\/\/cursoskitesurftarifa.es\/en\/product\/pantalon-corto-billabong-surf-classic-5-2372\/#breadcrumb\"},\"inLanguage\":\"en-GB\",\"potentialAction\":[{\"@type\":\"ReadAction\",\"target\":[\"https:\/\/cursoskitesurftarifa.es\/en\/product\/pantalon-corto-billabong-surf-classic-5-2372\/\"]}]},{\"@type\":\"BreadcrumbList\",\"@id\":\"https:\/\/cursoskitesurftarifa.es\/en\/product\/pantalon-corto-billabong-surf-classic-5-2372\/#breadcrumb\",\"itemListElement\":[{\"@type\":\"ListItem\",\"position\":1,\"name\":\"Portada\",\"item\":\"https:\/\/cursoskitesurftarifa.es\/\"},{\"@type\":\"ListItem\",\"position\":2,\"name\":\"Shop\",\"item\":\"https:\/\/cursoskitesurftarifa.es\/shop\/\"},{\"@type\":\"ListItem\",\"position\":3,\"name\":\"PANTAL\\u00d3N CORTO BILLABONG SURF CLASSIC 5- 2372\"}]}]}<\/script>\n<!-- \/ Yoast SEO plugin. -->","yoast_head_json":{"title":"PANTAL\u00d3N CORTO BILLABONG SURF CLASSIC 5- 2372 - Surfertarifa","robots":{"index":"index","follow":"follow","max-snippet":"max-snippet:-1","max-image-preview":"max-image-preview:large","max-video-preview":"max-video-preview:-1"},"canonical":"https:\/\/cursoskitesurftarifa.es\/en\/product\/pantalon-corto-billabong-surf-classic-5-2372\/","og_locale":"en_GB","og_type":"article","og_title":"PANTAL\u00d3N CORTO BILLABONG SURF CLASSIC 5- 2372 - Surfertarifa","og_description":"Tejido:Tejido de felpa francesa mezcla de algod\u00f3n  Ajuste:Ajuste holgado  Cintura el\u00e1stica con cord\u00f3n  Tratamiento:Te\u00f1ido en prenda con pigmentos  87% ALGODON 13% POLIESTER","og_url":"https:\/\/cursoskitesurftarifa.es\/en\/product\/pantalon-corto-billabong-surf-classic-5-2372\/","og_site_name":"Surfertarifa","article_publisher":"https:\/\/es-es.facebook.com\/SurferTarifa\/","article_modified_time":"2023-07-16T17:31:26+00:00","og_image":[{"width":315,"height":375,"url":"https:\/\/surfertarifa.com\/wp-content\/uploads\/2022\/03\/c3wk25bip2_billabongw_2372_dtl1.png","path":"\/home\/surferta\/public_html\/wp-content\/uploads\/2022\/03\/c3wk25bip2_billabongw_2372_dtl1.png","size":"full","id":4573,"alt":"PANTAL\u00d3N CORTO BILLABONG SURF CLASSIC 5- 2372","pixels":118125,"type":"image\/png"}],"twitter_card":"summary_large_image","twitter_misc":{"Estimated reading time":"1 minute"},"schema":{"@context":"https:\/\/schema.org","@graph":[{"@type":"Organization","@id":"https:\/\/cursoskitesurftarifa.es\/#organization","name":"Surfertarifa","url":"https:\/\/cursoskitesurftarifa.es\/","sameAs":["https:\/\/es-es.facebook.com\/SurferTarifa\/","https:\/\/www.instagram.com\/surfertarifa\/"],"logo":{"@type":"ImageObject","@id":"https:\/\/cursoskitesurftarifa.es\/#logo","inLanguage":"en-GB","url":"https:\/\/surfertarifa.com\/wp-content\/uploads\/2021\/04\/logo-surfer-1.png","contentUrl":"https:\/\/surfertarifa.com\/wp-content\/uploads\/2021\/04\/logo-surfer-1.png","width":90,"height":90,"caption":"Surfertarifa"},"image":{"@id":"https:\/\/cursoskitesurftarifa.es\/#logo"}},{"@type":"WebSite","@id":"https:\/\/cursoskitesurftarifa.es\/#website","url":"https:\/\/cursoskitesurftarifa.es\/","name":"Surfertarifa","description":"Tienda de surf online","publisher":{"@id":"https:\/\/cursoskitesurftarifa.es\/#organization"},"potentialAction":[{"@type":"SearchAction","target":{"@type":"EntryPoint","urlTemplate":"https:\/\/cursoskitesurftarifa.es\/?s={search_term_string}"},"query-input":"required name=search_term_string"}],"inLanguage":"en-GB"},{"@type":"ImageObject","@id":"https:\/\/cursoskitesurftarifa.es\/en\/product\/pantalon-corto-billabong-surf-classic-5-2372\/#primaryimage","inLanguage":"en-GB","url":"https:\/\/cursoskitesurftarifa.es\/wp-content\/uploads\/2022\/03\/c3wk25bip2_billabongw_2372_dtl1.png","contentUrl":"https:\/\/cursoskitesurftarifa.es\/wp-content\/uploads\/2022\/03\/c3wk25bip2_billabongw_2372_dtl1.png","width":315,"height":375,"caption":"PANTAL\u00d3N CORTO BILLABONG SURF CLASSIC 5- 2372"},{"@type":"WebPage","@id":"https:\/\/cursoskitesurftarifa.es\/en\/product\/pantalon-corto-billabong-surf-classic-5-2372\/#webpage","url":"https:\/\/cursoskitesurftarifa.es\/en\/product\/pantalon-corto-billabong-surf-classic-5-2372\/","name":"PANTAL\u00d3N CORTO BILLABONG SURF CLASSIC 5- 2372 - Surfertarifa","isPartOf":{"@id":"https:\/\/cursoskitesurftarifa.es\/#website"},"primaryImageOfPage":{"@id":"https:\/\/cursoskitesurftarifa.es\/en\/product\/pantalon-corto-billabong-surf-classic-5-2372\/#primaryimage"},"datePublished":"2022-03-13T19:00:24+00:00","dateModified":"2023-07-16T17:31:26+00:00","breadcrumb":{"@id":"https:\/\/cursoskitesurftarifa.es\/en\/product\/pantalon-corto-billabong-surf-classic-5-2372\/#breadcrumb"},"inLanguage":"en-GB","potentialAction":[{"@type":"ReadAction","target":["https:\/\/cursoskitesurftarifa.es\/en\/product\/pantalon-corto-billabong-surf-classic-5-2372\/"]}]},{"@type":"BreadcrumbList","@id":"https:\/\/cursoskitesurftarifa.es\/en\/product\/pantalon-corto-billabong-surf-classic-5-2372\/#breadcrumb","itemListElement":[{"@type":"ListItem","position":1,"name":"Portada","item":"https:\/\/cursoskitesurftarifa.es\/"},{"@type":"ListItem","position":2,"name":"Shop","item":"https:\/\/cursoskitesurftarifa.es\/shop\/"},{"@type":"ListItem","position":3,"name":"PANTAL\u00d3N CORTO BILLABONG SURF CLASSIC 5- 2372"}]}]}},"_links":{"self":[{"href":"https:\/\/cursoskitesurftarifa.es\/en\/wp-json\/wp\/v2\/product\/4569"}],"collection":[{"href":"https:\/\/cursoskitesurftarifa.es\/en\/wp-json\/wp\/v2\/product"}],"about":[{"href":"https:\/\/cursoskitesurftarifa.es\/en\/wp-json\/wp\/v2\/types\/product"}],"replies":[{"embeddable":true,"href":"https:\/\/cursoskitesurftarifa.es\/en\/wp-json\/wp\/v2\/comments?post=4569"}],"wp:featuredmedia":[{"embeddable":true,"href":"https:\/\/cursoskitesurftarifa.es\/en\/wp-json\/wp\/v2\/media\/4573"}],"wp:attachment":[{"href":"https:\/\/cursoskitesurftarifa.es\/en\/wp-json\/wp\/v2\/media?parent=4569"}],"wp:term":[{"taxonomy":"product_cat","embeddable":true,"href":"https:\/\/cursoskitesurftarifa.es\/en\/wp-json\/wp\/v2\/product_cat?post=4569"},{"taxonomy":"product_tag","embeddable":true,"href":"https:\/\/cursoskitesurftarifa.es\/en\/wp-json\/wp\/v2\/product_tag?post=4569"}],"curies":[{"name":"wp","href":"https:\/\/api.w.org\/{rel}","templated":true}]}}