{"id":4828,"date":"2022-03-16T12:36:19","date_gmt":"2022-03-16T12:36:19","guid":{"rendered":"https:\/\/surfertarifa.com\/?post_type=product&#038;p=4828"},"modified":"2022-09-21T10:40:37","modified_gmt":"2022-09-21T10:40:37","slug":"sudadera-billabong-golden-hour-po-m-otlr-0909","status":"publish","type":"product","link":"https:\/\/cursoskitesurftarifa.es\/en\/product\/sudadera-billabong-golden-hour-po-m-otlr-0909\/","title":{"rendered":"SUDADERA BILLABONG GOLDEN HOUR PO M OTLR 0909"},"content":{"rendered":"<p><span style=\"color: #282828;\">tejido: tejido en mezcla de algod\u00f3n y poli\u00e9ster<\/span><\/p>\n<p><span style=\"color: #282828;\">Corte: corte normal, cl\u00e1sico, c\u00f3modo<\/span><br \/>\n<span style=\"color: #282828;\">Tejido interior: sin cepillar<\/span><br \/>\n<span style=\"color: #282828;\">Bolsillos: bolsillo amplio<\/span><br \/>\n<span style=\"color: #282828;\">Estampado en parte frontal y posterior<\/span><\/p>","protected":false},"excerpt":{"rendered":"<p><span style=\"color: #282828;\">tejido: tejido en mezcla de algod\u00f3n y poli\u00e9ster<\/span><\/p>\n<p><span style=\"color: #282828;\">Corte: corte normal, cl\u00e1sico, c\u00f3modo<\/span><br \/>\n<span style=\"color: #282828;\">Tejido interior: sin cepillar<\/span><br \/>\n<span style=\"color: #282828;\">Bolsillos: bolsillo amplio<\/span><br \/>\n<span style=\"color: #282828;\">Estampado en parte frontal y posterior<\/span><\/p>","protected":false},"featured_media":4832,"comment_status":"open","ping_status":"closed","template":"","meta":{"spay_email":""},"product_cat":[110,134],"product_tag":[],"brands":[{"id":119,"name":"Billabong","slug":"billabong"}],"yoast_head":"<!-- This site is optimized with the Yoast SEO plugin v17.0 - https:\/\/yoast.com\/wordpress\/plugins\/seo\/ -->\n<title>SUDADERA BILLABONG GOLDEN HOUR PO M OTLR 0909 - Surfertarifa<\/title>\n<meta name=\"robots\" content=\"index, follow, max-snippet:-1, max-image-preview:large, max-video-preview:-1\" \/>\n<link rel=\"canonical\" href=\"https:\/\/cursoskitesurftarifa.es\/en\/product\/sudadera-billabong-golden-hour-po-m-otlr-0909\/\" \/>\n<meta property=\"og:locale\" content=\"en_GB\" \/>\n<meta property=\"og:type\" content=\"article\" \/>\n<meta property=\"og:title\" content=\"SUDADERA BILLABONG GOLDEN HOUR PO M OTLR 0909 - Surfertarifa\" \/>\n<meta property=\"og:description\" content=\"tejido: tejido en mezcla de algod\u00f3n y poli\u00e9ster  Corte: corte normal, cl\u00e1sico, c\u00f3modo Tejido interior: sin cepillar Bolsillos: bolsillo amplio Estampado en parte frontal y posterior\" \/>\n<meta property=\"og:url\" content=\"https:\/\/cursoskitesurftarifa.es\/en\/product\/sudadera-billabong-golden-hour-po-m-otlr-0909\/\" \/>\n<meta property=\"og:site_name\" content=\"Surfertarifa\" \/>\n<meta property=\"article:publisher\" content=\"https:\/\/es-es.facebook.com\/SurferTarifa\/\" \/>\n<meta property=\"article:modified_time\" content=\"2022-09-21T10:40:37+00:00\" \/>\n<meta property=\"og:image\" content=\"https:\/\/surfertarifa.com\/wp-content\/uploads\/2022\/03\/c1ho12bip2_billabongw_0909_frt1.jpg\" \/>\n\t<meta property=\"og:image:width\" content=\"1117\" \/>\n\t<meta property=\"og:image:height\" content=\"1396\" \/>\n<meta name=\"twitter:card\" content=\"summary_large_image\" \/>\n<meta name=\"twitter:label1\" content=\"Estimated reading time\" \/>\n\t<meta name=\"twitter:data1\" content=\"1 minute\" \/>\n<script type=\"application\/ld+json\" class=\"yoast-schema-graph\">{\"@context\":\"https:\/\/schema.org\",\"@graph\":[{\"@type\":\"Organization\",\"@id\":\"https:\/\/cursoskitesurftarifa.es\/#organization\",\"name\":\"Surfertarifa\",\"url\":\"https:\/\/cursoskitesurftarifa.es\/\",\"sameAs\":[\"https:\/\/es-es.facebook.com\/SurferTarifa\/\",\"https:\/\/www.instagram.com\/surfertarifa\/\"],\"logo\":{\"@type\":\"ImageObject\",\"@id\":\"https:\/\/cursoskitesurftarifa.es\/#logo\",\"inLanguage\":\"en-GB\",\"url\":\"https:\/\/surfertarifa.com\/wp-content\/uploads\/2021\/04\/logo-surfer-1.png\",\"contentUrl\":\"https:\/\/surfertarifa.com\/wp-content\/uploads\/2021\/04\/logo-surfer-1.png\",\"width\":90,\"height\":90,\"caption\":\"Surfertarifa\"},\"image\":{\"@id\":\"https:\/\/cursoskitesurftarifa.es\/#logo\"}},{\"@type\":\"WebSite\",\"@id\":\"https:\/\/cursoskitesurftarifa.es\/#website\",\"url\":\"https:\/\/cursoskitesurftarifa.es\/\",\"name\":\"Surfertarifa\",\"description\":\"Tienda de surf online\",\"publisher\":{\"@id\":\"https:\/\/cursoskitesurftarifa.es\/#organization\"},\"potentialAction\":[{\"@type\":\"SearchAction\",\"target\":{\"@type\":\"EntryPoint\",\"urlTemplate\":\"https:\/\/cursoskitesurftarifa.es\/?s={search_term_string}\"},\"query-input\":\"required name=search_term_string\"}],\"inLanguage\":\"en-GB\"},{\"@type\":\"ImageObject\",\"@id\":\"https:\/\/cursoskitesurftarifa.es\/product\/sudadera-billabong-golden-hour-po-m-otlr-0909\/#primaryimage\",\"inLanguage\":\"en-GB\",\"url\":\"https:\/\/cursoskitesurftarifa.es\/wp-content\/uploads\/2022\/03\/c1ho12bip2_billabongw_0909_frt1.jpg\",\"contentUrl\":\"https:\/\/cursoskitesurftarifa.es\/wp-content\/uploads\/2022\/03\/c1ho12bip2_billabongw_0909_frt1.jpg\",\"width\":1117,\"height\":1396,\"caption\":\"SUDADERA BILLABONG GOLDEN HOUR PO M OTLR 0909\"},{\"@type\":\"WebPage\",\"@id\":\"https:\/\/cursoskitesurftarifa.es\/product\/sudadera-billabong-golden-hour-po-m-otlr-0909\/#webpage\",\"url\":\"https:\/\/cursoskitesurftarifa.es\/product\/sudadera-billabong-golden-hour-po-m-otlr-0909\/\",\"name\":\"SUDADERA BILLABONG GOLDEN HOUR PO M OTLR 0909 - Surfertarifa\",\"isPartOf\":{\"@id\":\"https:\/\/cursoskitesurftarifa.es\/#website\"},\"primaryImageOfPage\":{\"@id\":\"https:\/\/cursoskitesurftarifa.es\/product\/sudadera-billabong-golden-hour-po-m-otlr-0909\/#primaryimage\"},\"datePublished\":\"2022-03-16T12:36:19+00:00\",\"dateModified\":\"2022-09-21T10:40:37+00:00\",\"breadcrumb\":{\"@id\":\"https:\/\/cursoskitesurftarifa.es\/product\/sudadera-billabong-golden-hour-po-m-otlr-0909\/#breadcrumb\"},\"inLanguage\":\"en-GB\",\"potentialAction\":[{\"@type\":\"ReadAction\",\"target\":[\"https:\/\/cursoskitesurftarifa.es\/product\/sudadera-billabong-golden-hour-po-m-otlr-0909\/\"]}]},{\"@type\":\"BreadcrumbList\",\"@id\":\"https:\/\/cursoskitesurftarifa.es\/product\/sudadera-billabong-golden-hour-po-m-otlr-0909\/#breadcrumb\",\"itemListElement\":[{\"@type\":\"ListItem\",\"position\":1,\"name\":\"Portada\",\"item\":\"https:\/\/cursoskitesurftarifa.es\/\"},{\"@type\":\"ListItem\",\"position\":2,\"name\":\"Shop\",\"item\":\"https:\/\/cursoskitesurftarifa.es\/shop\/\"},{\"@type\":\"ListItem\",\"position\":3,\"name\":\"SUDADERA BILLABONG GOLDEN HOUR PO M OTLR 0909\"}]}]}<\/script>\n<!-- \/ Yoast SEO plugin. -->","yoast_head_json":{"title":"SUDADERA BILLABONG GOLDEN HOUR PO M OTLR 0909 - Surfertarifa","robots":{"index":"index","follow":"follow","max-snippet":"max-snippet:-1","max-image-preview":"max-image-preview:large","max-video-preview":"max-video-preview:-1"},"canonical":"https:\/\/cursoskitesurftarifa.es\/en\/product\/sudadera-billabong-golden-hour-po-m-otlr-0909\/","og_locale":"en_GB","og_type":"article","og_title":"SUDADERA BILLABONG GOLDEN HOUR PO M OTLR 0909 - Surfertarifa","og_description":"tejido: tejido en mezcla de algod\u00f3n y poli\u00e9ster  Corte: corte normal, cl\u00e1sico, c\u00f3modo Tejido interior: sin cepillar Bolsillos: bolsillo amplio Estampado en parte frontal y posterior","og_url":"https:\/\/cursoskitesurftarifa.es\/en\/product\/sudadera-billabong-golden-hour-po-m-otlr-0909\/","og_site_name":"Surfertarifa","article_publisher":"https:\/\/es-es.facebook.com\/SurferTarifa\/","article_modified_time":"2022-09-21T10:40:37+00:00","og_image":[{"width":1117,"height":1396,"url":"https:\/\/surfertarifa.com\/wp-content\/uploads\/2022\/03\/c1ho12bip2_billabongw_0909_frt1.jpg","path":"\/home\/surferta\/public_html\/wp-content\/uploads\/2022\/03\/c1ho12bip2_billabongw_0909_frt1.jpg","size":"full","id":4832,"alt":"SUDADERA BILLABONG GOLDEN HOUR PO M OTLR 0909","pixels":1559332,"type":"image\/jpeg"}],"twitter_card":"summary_large_image","twitter_misc":{"Estimated reading time":"1 minute"},"schema":{"@context":"https:\/\/schema.org","@graph":[{"@type":"Organization","@id":"https:\/\/cursoskitesurftarifa.es\/#organization","name":"Surfertarifa","url":"https:\/\/cursoskitesurftarifa.es\/","sameAs":["https:\/\/es-es.facebook.com\/SurferTarifa\/","https:\/\/www.instagram.com\/surfertarifa\/"],"logo":{"@type":"ImageObject","@id":"https:\/\/cursoskitesurftarifa.es\/#logo","inLanguage":"en-GB","url":"https:\/\/surfertarifa.com\/wp-content\/uploads\/2021\/04\/logo-surfer-1.png","contentUrl":"https:\/\/surfertarifa.com\/wp-content\/uploads\/2021\/04\/logo-surfer-1.png","width":90,"height":90,"caption":"Surfertarifa"},"image":{"@id":"https:\/\/cursoskitesurftarifa.es\/#logo"}},{"@type":"WebSite","@id":"https:\/\/cursoskitesurftarifa.es\/#website","url":"https:\/\/cursoskitesurftarifa.es\/","name":"Surfertarifa","description":"Tienda de surf online","publisher":{"@id":"https:\/\/cursoskitesurftarifa.es\/#organization"},"potentialAction":[{"@type":"SearchAction","target":{"@type":"EntryPoint","urlTemplate":"https:\/\/cursoskitesurftarifa.es\/?s={search_term_string}"},"query-input":"required name=search_term_string"}],"inLanguage":"en-GB"},{"@type":"ImageObject","@id":"https:\/\/cursoskitesurftarifa.es\/product\/sudadera-billabong-golden-hour-po-m-otlr-0909\/#primaryimage","inLanguage":"en-GB","url":"https:\/\/cursoskitesurftarifa.es\/wp-content\/uploads\/2022\/03\/c1ho12bip2_billabongw_0909_frt1.jpg","contentUrl":"https:\/\/cursoskitesurftarifa.es\/wp-content\/uploads\/2022\/03\/c1ho12bip2_billabongw_0909_frt1.jpg","width":1117,"height":1396,"caption":"SUDADERA BILLABONG GOLDEN HOUR PO M OTLR 0909"},{"@type":"WebPage","@id":"https:\/\/cursoskitesurftarifa.es\/product\/sudadera-billabong-golden-hour-po-m-otlr-0909\/#webpage","url":"https:\/\/cursoskitesurftarifa.es\/product\/sudadera-billabong-golden-hour-po-m-otlr-0909\/","name":"SUDADERA BILLABONG GOLDEN HOUR PO M OTLR 0909 - Surfertarifa","isPartOf":{"@id":"https:\/\/cursoskitesurftarifa.es\/#website"},"primaryImageOfPage":{"@id":"https:\/\/cursoskitesurftarifa.es\/product\/sudadera-billabong-golden-hour-po-m-otlr-0909\/#primaryimage"},"datePublished":"2022-03-16T12:36:19+00:00","dateModified":"2022-09-21T10:40:37+00:00","breadcrumb":{"@id":"https:\/\/cursoskitesurftarifa.es\/product\/sudadera-billabong-golden-hour-po-m-otlr-0909\/#breadcrumb"},"inLanguage":"en-GB","potentialAction":[{"@type":"ReadAction","target":["https:\/\/cursoskitesurftarifa.es\/product\/sudadera-billabong-golden-hour-po-m-otlr-0909\/"]}]},{"@type":"BreadcrumbList","@id":"https:\/\/cursoskitesurftarifa.es\/product\/sudadera-billabong-golden-hour-po-m-otlr-0909\/#breadcrumb","itemListElement":[{"@type":"ListItem","position":1,"name":"Portada","item":"https:\/\/cursoskitesurftarifa.es\/"},{"@type":"ListItem","position":2,"name":"Shop","item":"https:\/\/cursoskitesurftarifa.es\/shop\/"},{"@type":"ListItem","position":3,"name":"SUDADERA BILLABONG GOLDEN HOUR PO M OTLR 0909"}]}]}},"_links":{"self":[{"href":"https:\/\/cursoskitesurftarifa.es\/en\/wp-json\/wp\/v2\/product\/4828"}],"collection":[{"href":"https:\/\/cursoskitesurftarifa.es\/en\/wp-json\/wp\/v2\/product"}],"about":[{"href":"https:\/\/cursoskitesurftarifa.es\/en\/wp-json\/wp\/v2\/types\/product"}],"replies":[{"embeddable":true,"href":"https:\/\/cursoskitesurftarifa.es\/en\/wp-json\/wp\/v2\/comments?post=4828"}],"wp:featuredmedia":[{"embeddable":true,"href":"https:\/\/cursoskitesurftarifa.es\/en\/wp-json\/wp\/v2\/media\/4832"}],"wp:attachment":[{"href":"https:\/\/cursoskitesurftarifa.es\/en\/wp-json\/wp\/v2\/media?parent=4828"}],"wp:term":[{"taxonomy":"product_cat","embeddable":true,"href":"https:\/\/cursoskitesurftarifa.es\/en\/wp-json\/wp\/v2\/product_cat?post=4828"},{"taxonomy":"product_tag","embeddable":true,"href":"https:\/\/cursoskitesurftarifa.es\/en\/wp-json\/wp\/v2\/product_tag?post=4828"}],"curies":[{"name":"wp","href":"https:\/\/api.w.org\/{rel}","templated":true}]}}