{"id":5429,"date":"2022-05-11T18:34:06","date_gmt":"2022-05-11T18:34:06","guid":{"rendered":"https:\/\/surfertarifa.com\/?post_type=product&#038;p=5429"},"modified":"2022-09-11T15:59:53","modified_gmt":"2022-09-11T15:59:53","slug":"arnes-991-capsule-pink-48223-4727","status":"publish","type":"product","link":"https:\/\/cursoskitesurftarifa.es\/en\/product\/arnes-991-capsule-pink-48223-4727\/","title":{"rendered":"ARN\u00c9S 991 CAPSULE-PINK 48223-4727"},"content":{"rendered":"<p><span style=\"color: #282828;\">El Nova es el arn\u00e9s perfecto para todos los que buscan flexibilidad combinada con un buen soporte para la espalda. Con un \u00edndice de flexi\u00f3n de 6, pertenece a los arneses medio blandos. Las partes laterales flexibles y un cintur\u00f3n flexible interno permiten una buena movilidad, mientras que una almohadilla de EVA en el interior brinda amortiguaci\u00f3n y comodidad.<\/span><\/p>\n<p><span style=\"color: #282828;\">El arn\u00e9s viene con un peso ligero gracias a la construcci\u00f3n parcialmente Curv, HD_Foam no absorbente de agua y la elegante barra Spectre (anzuelo de cometa incluido). Las Curv_Flaps de la barra Spectre crean una distribuci\u00f3n de fuerza perfecta y \u00f3ptima en todo el arn\u00e9s. El Nova viene con un Kite_Knife Multitool 2.0 integrado y un deslizador de correa handlepass.<\/span><\/p>","protected":false},"excerpt":{"rendered":"<p><span style=\"color: #282828;\">El Nova es el arn\u00e9s perfecto para todos los que buscan flexibilidad combinada con un buen soporte para la espalda. Con un \u00edndice de flexi\u00f3n de 6, pertenece a los arneses medio blandos. Las partes laterales flexibles y un cintur\u00f3n flexible interno permiten una buena movilidad, mientras que una almohadilla de EVA en el interior brinda amortiguaci\u00f3n y comodidad.<\/span><\/p>\n<p><span style=\"color: #282828;\">El arn\u00e9s viene con un peso ligero gracias a la construcci\u00f3n parcialmente Curv, HD_Foam no absorbente de agua y la elegante barra Spectre (anzuelo de cometa incluido). Las Curv_Flaps de la barra Spectre crean una distribuci\u00f3n de fuerza perfecta y \u00f3ptima en todo el arn\u00e9s. El Nova viene con un Kite_Knife Multitool 2.0 integrado y un deslizador de correa handlepass.<\/span><\/p>","protected":false},"featured_media":5430,"comment_status":"open","ping_status":"closed","template":"","meta":{"spay_email":""},"product_cat":[113,198],"product_tag":[],"brands":[{"id":128,"name":"Ion","slug":"ion"}],"yoast_head":"<!-- This site is optimized with the Yoast SEO plugin v17.0 - https:\/\/yoast.com\/wordpress\/plugins\/seo\/ -->\n<title>ARN\u00c9S 991 CAPSULE-PINK 48223-4727 - Surfertarifa<\/title>\n<meta name=\"robots\" content=\"index, follow, max-snippet:-1, max-image-preview:large, max-video-preview:-1\" \/>\n<link rel=\"canonical\" href=\"https:\/\/cursoskitesurftarifa.es\/en\/product\/arnes-991-capsule-pink-48223-4727\/\" \/>\n<meta property=\"og:locale\" content=\"en_GB\" \/>\n<meta property=\"og:type\" content=\"article\" \/>\n<meta property=\"og:title\" content=\"ARN\u00c9S 991 CAPSULE-PINK 48223-4727 - Surfertarifa\" \/>\n<meta property=\"og:description\" content=\"El Nova es el arn\u00e9s perfecto para todos los que buscan flexibilidad combinada con un buen soporte para la espalda. Con un \u00edndice de flexi\u00f3n de 6, pertenece a los arneses medio blandos. Las partes laterales flexibles y un cintur\u00f3n flexible interno permiten una buena movilidad, mientras que una almohadilla de EVA en el interior brinda amortiguaci\u00f3n y comodidad.  El arn\u00e9s viene con un peso ligero gracias a la construcci\u00f3n parcialmente Curv, HD_Foam no absorbente de agua y la elegante barra Spectre (anzuelo de cometa incluido). Las Curv_Flaps de la barra Spectre crean una distribuci\u00f3n de fuerza perfecta y \u00f3ptima en todo el arn\u00e9s. El Nova viene con un Kite_Knife Multitool 2.0 integrado y un deslizador de correa handlepass.\" \/>\n<meta property=\"og:url\" content=\"https:\/\/cursoskitesurftarifa.es\/en\/product\/arnes-991-capsule-pink-48223-4727\/\" \/>\n<meta property=\"og:site_name\" content=\"Surfertarifa\" \/>\n<meta property=\"article:publisher\" content=\"https:\/\/es-es.facebook.com\/SurferTarifa\/\" \/>\n<meta property=\"article:modified_time\" content=\"2022-09-11T15:59:53+00:00\" \/>\n<meta property=\"og:image\" content=\"https:\/\/surfertarifa.com\/wp-content\/uploads\/2022\/05\/48223-4727_1.jpg\" \/>\n\t<meta property=\"og:image:width\" content=\"320\" \/>\n\t<meta property=\"og:image:height\" content=\"320\" \/>\n<meta name=\"twitter:card\" content=\"summary_large_image\" \/>\n<meta name=\"twitter:label1\" content=\"Estimated reading time\" \/>\n\t<meta name=\"twitter:data1\" content=\"1 minute\" \/>\n<script type=\"application\/ld+json\" class=\"yoast-schema-graph\">{\"@context\":\"https:\/\/schema.org\",\"@graph\":[{\"@type\":\"Organization\",\"@id\":\"https:\/\/cursoskitesurftarifa.es\/#organization\",\"name\":\"Surfertarifa\",\"url\":\"https:\/\/cursoskitesurftarifa.es\/\",\"sameAs\":[\"https:\/\/es-es.facebook.com\/SurferTarifa\/\",\"https:\/\/www.instagram.com\/surfertarifa\/\"],\"logo\":{\"@type\":\"ImageObject\",\"@id\":\"https:\/\/cursoskitesurftarifa.es\/#logo\",\"inLanguage\":\"en-GB\",\"url\":\"https:\/\/surfertarifa.com\/wp-content\/uploads\/2021\/04\/logo-surfer-1.png\",\"contentUrl\":\"https:\/\/surfertarifa.com\/wp-content\/uploads\/2021\/04\/logo-surfer-1.png\",\"width\":90,\"height\":90,\"caption\":\"Surfertarifa\"},\"image\":{\"@id\":\"https:\/\/cursoskitesurftarifa.es\/#logo\"}},{\"@type\":\"WebSite\",\"@id\":\"https:\/\/cursoskitesurftarifa.es\/#website\",\"url\":\"https:\/\/cursoskitesurftarifa.es\/\",\"name\":\"Surfertarifa\",\"description\":\"Tienda de surf online\",\"publisher\":{\"@id\":\"https:\/\/cursoskitesurftarifa.es\/#organization\"},\"potentialAction\":[{\"@type\":\"SearchAction\",\"target\":{\"@type\":\"EntryPoint\",\"urlTemplate\":\"https:\/\/cursoskitesurftarifa.es\/?s={search_term_string}\"},\"query-input\":\"required name=search_term_string\"}],\"inLanguage\":\"en-GB\"},{\"@type\":\"ImageObject\",\"@id\":\"https:\/\/cursoskitesurftarifa.es\/product\/arnes-991-capsule-pink-48223-4727\/#primaryimage\",\"inLanguage\":\"en-GB\",\"url\":\"https:\/\/cursoskitesurftarifa.es\/wp-content\/uploads\/2022\/05\/48223-4727_1.jpg\",\"contentUrl\":\"https:\/\/cursoskitesurftarifa.es\/wp-content\/uploads\/2022\/05\/48223-4727_1.jpg\",\"width\":320,\"height\":320,\"caption\":\"ARN\\u00c9S 991 CAPSULE-PINK 48223-4727\"},{\"@type\":\"WebPage\",\"@id\":\"https:\/\/cursoskitesurftarifa.es\/product\/arnes-991-capsule-pink-48223-4727\/#webpage\",\"url\":\"https:\/\/cursoskitesurftarifa.es\/product\/arnes-991-capsule-pink-48223-4727\/\",\"name\":\"ARN\\u00c9S 991 CAPSULE-PINK 48223-4727 - Surfertarifa\",\"isPartOf\":{\"@id\":\"https:\/\/cursoskitesurftarifa.es\/#website\"},\"primaryImageOfPage\":{\"@id\":\"https:\/\/cursoskitesurftarifa.es\/product\/arnes-991-capsule-pink-48223-4727\/#primaryimage\"},\"datePublished\":\"2022-05-11T18:34:06+00:00\",\"dateModified\":\"2022-09-11T15:59:53+00:00\",\"breadcrumb\":{\"@id\":\"https:\/\/cursoskitesurftarifa.es\/product\/arnes-991-capsule-pink-48223-4727\/#breadcrumb\"},\"inLanguage\":\"en-GB\",\"potentialAction\":[{\"@type\":\"ReadAction\",\"target\":[\"https:\/\/cursoskitesurftarifa.es\/product\/arnes-991-capsule-pink-48223-4727\/\"]}]},{\"@type\":\"BreadcrumbList\",\"@id\":\"https:\/\/cursoskitesurftarifa.es\/product\/arnes-991-capsule-pink-48223-4727\/#breadcrumb\",\"itemListElement\":[{\"@type\":\"ListItem\",\"position\":1,\"name\":\"Portada\",\"item\":\"https:\/\/cursoskitesurftarifa.es\/\"},{\"@type\":\"ListItem\",\"position\":2,\"name\":\"Shop\",\"item\":\"https:\/\/cursoskitesurftarifa.es\/shop\/\"},{\"@type\":\"ListItem\",\"position\":3,\"name\":\"ARN\\u00c9S 991 CAPSULE-PINK 48223-4727\"}]}]}<\/script>\n<!-- \/ Yoast SEO plugin. -->","yoast_head_json":{"title":"ARN\u00c9S 991 CAPSULE-PINK 48223-4727 - Surfertarifa","robots":{"index":"index","follow":"follow","max-snippet":"max-snippet:-1","max-image-preview":"max-image-preview:large","max-video-preview":"max-video-preview:-1"},"canonical":"https:\/\/cursoskitesurftarifa.es\/en\/product\/arnes-991-capsule-pink-48223-4727\/","og_locale":"en_GB","og_type":"article","og_title":"ARN\u00c9S 991 CAPSULE-PINK 48223-4727 - Surfertarifa","og_description":"El Nova es el arn\u00e9s perfecto para todos los que buscan flexibilidad combinada con un buen soporte para la espalda. Con un \u00edndice de flexi\u00f3n de 6, pertenece a los arneses medio blandos. Las partes laterales flexibles y un cintur\u00f3n flexible interno permiten una buena movilidad, mientras que una almohadilla de EVA en el interior brinda amortiguaci\u00f3n y comodidad.  El arn\u00e9s viene con un peso ligero gracias a la construcci\u00f3n parcialmente Curv, HD_Foam no absorbente de agua y la elegante barra Spectre (anzuelo de cometa incluido). Las Curv_Flaps de la barra Spectre crean una distribuci\u00f3n de fuerza perfecta y \u00f3ptima en todo el arn\u00e9s. El Nova viene con un Kite_Knife Multitool 2.0 integrado y un deslizador de correa handlepass.","og_url":"https:\/\/cursoskitesurftarifa.es\/en\/product\/arnes-991-capsule-pink-48223-4727\/","og_site_name":"Surfertarifa","article_publisher":"https:\/\/es-es.facebook.com\/SurferTarifa\/","article_modified_time":"2022-09-11T15:59:53+00:00","og_image":[{"width":320,"height":320,"url":"https:\/\/surfertarifa.com\/wp-content\/uploads\/2022\/05\/48223-4727_1.jpg","path":"\/home\/surferta\/public_html\/wp-content\/uploads\/2022\/05\/48223-4727_1.jpg","size":"full","id":5430,"alt":"ARN\u00c9S 991 CAPSULE-PINK 48223-4727","pixels":102400,"type":"image\/jpeg"}],"twitter_card":"summary_large_image","twitter_misc":{"Estimated reading time":"1 minute"},"schema":{"@context":"https:\/\/schema.org","@graph":[{"@type":"Organization","@id":"https:\/\/cursoskitesurftarifa.es\/#organization","name":"Surfertarifa","url":"https:\/\/cursoskitesurftarifa.es\/","sameAs":["https:\/\/es-es.facebook.com\/SurferTarifa\/","https:\/\/www.instagram.com\/surfertarifa\/"],"logo":{"@type":"ImageObject","@id":"https:\/\/cursoskitesurftarifa.es\/#logo","inLanguage":"en-GB","url":"https:\/\/surfertarifa.com\/wp-content\/uploads\/2021\/04\/logo-surfer-1.png","contentUrl":"https:\/\/surfertarifa.com\/wp-content\/uploads\/2021\/04\/logo-surfer-1.png","width":90,"height":90,"caption":"Surfertarifa"},"image":{"@id":"https:\/\/cursoskitesurftarifa.es\/#logo"}},{"@type":"WebSite","@id":"https:\/\/cursoskitesurftarifa.es\/#website","url":"https:\/\/cursoskitesurftarifa.es\/","name":"Surfertarifa","description":"Tienda de surf online","publisher":{"@id":"https:\/\/cursoskitesurftarifa.es\/#organization"},"potentialAction":[{"@type":"SearchAction","target":{"@type":"EntryPoint","urlTemplate":"https:\/\/cursoskitesurftarifa.es\/?s={search_term_string}"},"query-input":"required name=search_term_string"}],"inLanguage":"en-GB"},{"@type":"ImageObject","@id":"https:\/\/cursoskitesurftarifa.es\/product\/arnes-991-capsule-pink-48223-4727\/#primaryimage","inLanguage":"en-GB","url":"https:\/\/cursoskitesurftarifa.es\/wp-content\/uploads\/2022\/05\/48223-4727_1.jpg","contentUrl":"https:\/\/cursoskitesurftarifa.es\/wp-content\/uploads\/2022\/05\/48223-4727_1.jpg","width":320,"height":320,"caption":"ARN\u00c9S 991 CAPSULE-PINK 48223-4727"},{"@type":"WebPage","@id":"https:\/\/cursoskitesurftarifa.es\/product\/arnes-991-capsule-pink-48223-4727\/#webpage","url":"https:\/\/cursoskitesurftarifa.es\/product\/arnes-991-capsule-pink-48223-4727\/","name":"ARN\u00c9S 991 CAPSULE-PINK 48223-4727 - Surfertarifa","isPartOf":{"@id":"https:\/\/cursoskitesurftarifa.es\/#website"},"primaryImageOfPage":{"@id":"https:\/\/cursoskitesurftarifa.es\/product\/arnes-991-capsule-pink-48223-4727\/#primaryimage"},"datePublished":"2022-05-11T18:34:06+00:00","dateModified":"2022-09-11T15:59:53+00:00","breadcrumb":{"@id":"https:\/\/cursoskitesurftarifa.es\/product\/arnes-991-capsule-pink-48223-4727\/#breadcrumb"},"inLanguage":"en-GB","potentialAction":[{"@type":"ReadAction","target":["https:\/\/cursoskitesurftarifa.es\/product\/arnes-991-capsule-pink-48223-4727\/"]}]},{"@type":"BreadcrumbList","@id":"https:\/\/cursoskitesurftarifa.es\/product\/arnes-991-capsule-pink-48223-4727\/#breadcrumb","itemListElement":[{"@type":"ListItem","position":1,"name":"Portada","item":"https:\/\/cursoskitesurftarifa.es\/"},{"@type":"ListItem","position":2,"name":"Shop","item":"https:\/\/cursoskitesurftarifa.es\/shop\/"},{"@type":"ListItem","position":3,"name":"ARN\u00c9S 991 CAPSULE-PINK 48223-4727"}]}]}},"_links":{"self":[{"href":"https:\/\/cursoskitesurftarifa.es\/en\/wp-json\/wp\/v2\/product\/5429"}],"collection":[{"href":"https:\/\/cursoskitesurftarifa.es\/en\/wp-json\/wp\/v2\/product"}],"about":[{"href":"https:\/\/cursoskitesurftarifa.es\/en\/wp-json\/wp\/v2\/types\/product"}],"replies":[{"embeddable":true,"href":"https:\/\/cursoskitesurftarifa.es\/en\/wp-json\/wp\/v2\/comments?post=5429"}],"wp:featuredmedia":[{"embeddable":true,"href":"https:\/\/cursoskitesurftarifa.es\/en\/wp-json\/wp\/v2\/media\/5430"}],"wp:attachment":[{"href":"https:\/\/cursoskitesurftarifa.es\/en\/wp-json\/wp\/v2\/media?parent=5429"}],"wp:term":[{"taxonomy":"product_cat","embeddable":true,"href":"https:\/\/cursoskitesurftarifa.es\/en\/wp-json\/wp\/v2\/product_cat?post=5429"},{"taxonomy":"product_tag","embeddable":true,"href":"https:\/\/cursoskitesurftarifa.es\/en\/wp-json\/wp\/v2\/product_tag?post=5429"}],"curies":[{"name":"wp","href":"https:\/\/api.w.org\/{rel}","templated":true}]}}