{"id":5655,"date":"2022-09-27T11:41:56","date_gmt":"2022-09-27T11:41:56","guid":{"rendered":"https:\/\/surfertarifa.com\/?post_type=product&#038;p=5655"},"modified":"2023-05-14T16:56:29","modified_gmt":"2023-05-14T16:56:29","slug":"403-absolute-cz-m-0019-billabong","status":"publish","type":"product","link":"https:\/\/cursoskitesurftarifa.es\/en\/product\/403-absolute-cz-m-0019-billabong\/","title":{"rendered":"403 ABSOLUTE CZ M 0019 BILLABONG"},"content":{"rendered":"<ul>\n<li><span style=\"color: #282828;\"><strong>Tejido exterior:\u00a0<\/strong>Forro exterior Superflex Recycler, fabricado con fibras 100% recicladas. Se combina con una espuma s\u00faper ligera para poco peso y gran retenci\u00f3n t\u00e9rmica.<\/span><\/li>\n<li><span style=\"color: #282828;\"><strong>Espuma:\u00a0<\/strong>Forro exterior el\u00e1stico de silicona, hecho de fibras 100% recicladas. Se combina con nuestra espuma s\u00faper ligera y ecol\u00f3gica, es la mezcla ideal de flexibilidad y retenci\u00f3n t\u00e9rmica.<\/span><\/li>\n<li><span style=\"color: #282828;\"><strong>Forro interior:\u00a0<\/strong>Graphene Recycler, hecho de fibras 100% recicladas que recubren el interior de los paneles delantero y trasero del traje para mantenerte en calor por m\u00e1s tiempo.<\/span><\/li>\n<li><span style=\"color: #282828;\">Cremallera del pecho desplazada para evitar fallos en la cremallera<\/span><\/li>\n<li><span style=\"color: #282828;\">Sistema de abertura Comp para pon\u00e9rselo y quit\u00e1rselo f\u00e1cil y r\u00e1pidamente.<\/span><\/li>\n<li><span style=\"color: #282828;\">Cola Aqua Alpha no t\u00f3xica, con base de agua<\/span><\/li>\n<li><span style=\"color: #282828;\">Costuras Neo Tape Superflex en zonas estrat\u00e9gicas<\/span><\/li>\n<\/ul>","protected":false},"excerpt":{"rendered":"<ul>\n<li><span style=\"color: #282828;\"><strong>Tejido exterior:\u00a0<\/strong>Forro exterior Superflex Recycler, fabricado con fibras 100% recicladas. Se combina con una espuma s\u00faper ligera para poco peso y gran retenci\u00f3n t\u00e9rmica.<\/span><\/li>\n<li><span style=\"color: #282828;\"><strong>Espuma:\u00a0<\/strong>Forro exterior el\u00e1stico de silicona, hecho de fibras 100% recicladas. Se combina con nuestra espuma s\u00faper ligera y ecol\u00f3gica, es la mezcla ideal de flexibilidad y retenci\u00f3n t\u00e9rmica.<\/span><\/li>\n<li><span style=\"color: #282828;\"><strong>Forro interior:\u00a0<\/strong>Graphene Recycler, hecho de fibras 100% recicladas que recubren el interior de los paneles delantero y trasero del traje para mantenerte en calor por m\u00e1s tiempo.<\/span><\/li>\n<li><span style=\"color: #282828;\">Cremallera del pecho desplazada para evitar fallos en la cremallera<\/span><\/li>\n<li><span style=\"color: #282828;\">Sistema de abertura Comp para pon\u00e9rselo y quit\u00e1rselo f\u00e1cil y r\u00e1pidamente.<\/span><\/li>\n<li><span style=\"color: #282828;\">Cola Aqua Alpha no t\u00f3xica, con base de agua<\/span><\/li>\n<li><span style=\"color: #282828;\">Costuras Neo Tape Superflex en zonas estrat\u00e9gicas<\/span><\/li>\n<\/ul>","protected":false},"featured_media":5658,"comment_status":"open","ping_status":"closed","template":"","meta":{"spay_email":""},"product_cat":[110,196],"product_tag":[],"brands":[{"id":119,"name":"Billabong","slug":"billabong"}],"yoast_head":"<!-- This site is optimized with the Yoast SEO plugin v17.0 - https:\/\/yoast.com\/wordpress\/plugins\/seo\/ -->\n<title>403 ABSOLUTE CZ M 0019 BILLABONG - Surfertarifa<\/title>\n<meta name=\"robots\" content=\"index, follow, max-snippet:-1, max-image-preview:large, max-video-preview:-1\" \/>\n<link rel=\"canonical\" href=\"https:\/\/cursoskitesurftarifa.es\/en\/product\/403-absolute-cz-m-0019-billabong\/\" \/>\n<meta property=\"og:locale\" content=\"en_GB\" \/>\n<meta property=\"og:type\" content=\"article\" \/>\n<meta property=\"og:title\" content=\"403 ABSOLUTE CZ M 0019 BILLABONG - Surfertarifa\" \/>\n<meta property=\"og:description\" content=\"Tejido exterior:\u00a0Forro exterior Superflex Recycler, fabricado con fibras 100% recicladas. Se combina con una espuma s\u00faper ligera para poco peso y gran retenci\u00f3n t\u00e9rmica.  Espuma:\u00a0Forro exterior el\u00e1stico de silicona, hecho de fibras 100% recicladas. Se combina con nuestra espuma s\u00faper ligera y ecol\u00f3gica, es la mezcla ideal de flexibilidad y retenci\u00f3n t\u00e9rmica.  Forro interior:\u00a0Graphene Recycler, hecho de fibras 100% recicladas que recubren el interior de los paneles delantero y trasero del traje para mantenerte en calor por m\u00e1s tiempo.  Cremallera del pecho desplazada para evitar fallos en la cremallera  Sistema de abertura Comp para pon\u00e9rselo y quit\u00e1rselo f\u00e1cil y r\u00e1pidamente.  Cola Aqua Alpha no t\u00f3xica, con base de agua  Costuras Neo Tape Superflex en zonas estrat\u00e9gicas\" \/>\n<meta property=\"og:url\" content=\"https:\/\/cursoskitesurftarifa.es\/en\/product\/403-absolute-cz-m-0019-billabong\/\" \/>\n<meta property=\"og:site_name\" content=\"Surfertarifa\" \/>\n<meta property=\"article:publisher\" content=\"https:\/\/es-es.facebook.com\/SurferTarifa\/\" \/>\n<meta property=\"article:modified_time\" content=\"2023-05-14T16:56:29+00:00\" \/>\n<meta property=\"og:image\" content=\"https:\/\/surfertarifa.com\/wp-content\/uploads\/2022\/09\/z44m18bif1_billabongv_4789_sd2.jpg\" \/>\n\t<meta property=\"og:image:width\" content=\"1117\" \/>\n\t<meta property=\"og:image:height\" content=\"1396\" \/>\n<meta name=\"twitter:card\" content=\"summary_large_image\" \/>\n<meta name=\"twitter:label1\" content=\"Estimated reading time\" \/>\n\t<meta name=\"twitter:data1\" content=\"1 minute\" \/>\n<script type=\"application\/ld+json\" class=\"yoast-schema-graph\">{\"@context\":\"https:\/\/schema.org\",\"@graph\":[{\"@type\":\"Organization\",\"@id\":\"https:\/\/cursoskitesurftarifa.es\/#organization\",\"name\":\"Surfertarifa\",\"url\":\"https:\/\/cursoskitesurftarifa.es\/\",\"sameAs\":[\"https:\/\/es-es.facebook.com\/SurferTarifa\/\",\"https:\/\/www.instagram.com\/surfertarifa\/\"],\"logo\":{\"@type\":\"ImageObject\",\"@id\":\"https:\/\/cursoskitesurftarifa.es\/#logo\",\"inLanguage\":\"en-GB\",\"url\":\"https:\/\/surfertarifa.com\/wp-content\/uploads\/2021\/04\/logo-surfer-1.png\",\"contentUrl\":\"https:\/\/surfertarifa.com\/wp-content\/uploads\/2021\/04\/logo-surfer-1.png\",\"width\":90,\"height\":90,\"caption\":\"Surfertarifa\"},\"image\":{\"@id\":\"https:\/\/cursoskitesurftarifa.es\/#logo\"}},{\"@type\":\"WebSite\",\"@id\":\"https:\/\/cursoskitesurftarifa.es\/#website\",\"url\":\"https:\/\/cursoskitesurftarifa.es\/\",\"name\":\"Surfertarifa\",\"description\":\"Tienda de surf online\",\"publisher\":{\"@id\":\"https:\/\/cursoskitesurftarifa.es\/#organization\"},\"potentialAction\":[{\"@type\":\"SearchAction\",\"target\":{\"@type\":\"EntryPoint\",\"urlTemplate\":\"https:\/\/cursoskitesurftarifa.es\/?s={search_term_string}\"},\"query-input\":\"required name=search_term_string\"}],\"inLanguage\":\"en-GB\"},{\"@type\":\"ImageObject\",\"@id\":\"https:\/\/cursoskitesurftarifa.es\/product\/403-absolute-cz-m-0019-billabong\/#primaryimage\",\"inLanguage\":\"en-GB\",\"url\":\"https:\/\/cursoskitesurftarifa.es\/wp-content\/uploads\/2022\/09\/z44m18bif1_billabongv_4789_sd2.jpg\",\"contentUrl\":\"https:\/\/cursoskitesurftarifa.es\/wp-content\/uploads\/2022\/09\/z44m18bif1_billabongv_4789_sd2.jpg\",\"width\":1117,\"height\":1396,\"caption\":\"403 ABSOLUTE CZ M 0019 BILLABONG\"},{\"@type\":\"WebPage\",\"@id\":\"https:\/\/cursoskitesurftarifa.es\/product\/403-absolute-cz-m-0019-billabong\/#webpage\",\"url\":\"https:\/\/cursoskitesurftarifa.es\/product\/403-absolute-cz-m-0019-billabong\/\",\"name\":\"403 ABSOLUTE CZ M 0019 BILLABONG - Surfertarifa\",\"isPartOf\":{\"@id\":\"https:\/\/cursoskitesurftarifa.es\/#website\"},\"primaryImageOfPage\":{\"@id\":\"https:\/\/cursoskitesurftarifa.es\/product\/403-absolute-cz-m-0019-billabong\/#primaryimage\"},\"datePublished\":\"2022-09-27T11:41:56+00:00\",\"dateModified\":\"2023-05-14T16:56:29+00:00\",\"breadcrumb\":{\"@id\":\"https:\/\/cursoskitesurftarifa.es\/product\/403-absolute-cz-m-0019-billabong\/#breadcrumb\"},\"inLanguage\":\"en-GB\",\"potentialAction\":[{\"@type\":\"ReadAction\",\"target\":[\"https:\/\/cursoskitesurftarifa.es\/product\/403-absolute-cz-m-0019-billabong\/\"]}]},{\"@type\":\"BreadcrumbList\",\"@id\":\"https:\/\/cursoskitesurftarifa.es\/product\/403-absolute-cz-m-0019-billabong\/#breadcrumb\",\"itemListElement\":[{\"@type\":\"ListItem\",\"position\":1,\"name\":\"Portada\",\"item\":\"https:\/\/cursoskitesurftarifa.es\/\"},{\"@type\":\"ListItem\",\"position\":2,\"name\":\"Shop\",\"item\":\"https:\/\/cursoskitesurftarifa.es\/shop\/\"},{\"@type\":\"ListItem\",\"position\":3,\"name\":\"403 ABSOLUTE CZ M 0019 BILLABONG\"}]}]}<\/script>\n<!-- \/ Yoast SEO plugin. -->","yoast_head_json":{"title":"403 ABSOLUTE CZ M 0019 BILLABONG - Surfertarifa","robots":{"index":"index","follow":"follow","max-snippet":"max-snippet:-1","max-image-preview":"max-image-preview:large","max-video-preview":"max-video-preview:-1"},"canonical":"https:\/\/cursoskitesurftarifa.es\/en\/product\/403-absolute-cz-m-0019-billabong\/","og_locale":"en_GB","og_type":"article","og_title":"403 ABSOLUTE CZ M 0019 BILLABONG - Surfertarifa","og_description":"Tejido exterior:\u00a0Forro exterior Superflex Recycler, fabricado con fibras 100% recicladas. Se combina con una espuma s\u00faper ligera para poco peso y gran retenci\u00f3n t\u00e9rmica.  Espuma:\u00a0Forro exterior el\u00e1stico de silicona, hecho de fibras 100% recicladas. Se combina con nuestra espuma s\u00faper ligera y ecol\u00f3gica, es la mezcla ideal de flexibilidad y retenci\u00f3n t\u00e9rmica.  Forro interior:\u00a0Graphene Recycler, hecho de fibras 100% recicladas que recubren el interior de los paneles delantero y trasero del traje para mantenerte en calor por m\u00e1s tiempo.  Cremallera del pecho desplazada para evitar fallos en la cremallera  Sistema de abertura Comp para pon\u00e9rselo y quit\u00e1rselo f\u00e1cil y r\u00e1pidamente.  Cola Aqua Alpha no t\u00f3xica, con base de agua  Costuras Neo Tape Superflex en zonas estrat\u00e9gicas","og_url":"https:\/\/cursoskitesurftarifa.es\/en\/product\/403-absolute-cz-m-0019-billabong\/","og_site_name":"Surfertarifa","article_publisher":"https:\/\/es-es.facebook.com\/SurferTarifa\/","article_modified_time":"2023-05-14T16:56:29+00:00","og_image":[{"width":1117,"height":1396,"url":"https:\/\/surfertarifa.com\/wp-content\/uploads\/2022\/09\/z44m18bif1_billabongv_4789_sd2.jpg","path":"\/home\/surferta\/public_html\/wp-content\/uploads\/2022\/09\/z44m18bif1_billabongv_4789_sd2.jpg","size":"full","id":5658,"alt":"403 ABSOLUTE CZ M 0019 BILLABONG","pixels":1559332,"type":"image\/jpeg"}],"twitter_card":"summary_large_image","twitter_misc":{"Estimated reading time":"1 minute"},"schema":{"@context":"https:\/\/schema.org","@graph":[{"@type":"Organization","@id":"https:\/\/cursoskitesurftarifa.es\/#organization","name":"Surfertarifa","url":"https:\/\/cursoskitesurftarifa.es\/","sameAs":["https:\/\/es-es.facebook.com\/SurferTarifa\/","https:\/\/www.instagram.com\/surfertarifa\/"],"logo":{"@type":"ImageObject","@id":"https:\/\/cursoskitesurftarifa.es\/#logo","inLanguage":"en-GB","url":"https:\/\/surfertarifa.com\/wp-content\/uploads\/2021\/04\/logo-surfer-1.png","contentUrl":"https:\/\/surfertarifa.com\/wp-content\/uploads\/2021\/04\/logo-surfer-1.png","width":90,"height":90,"caption":"Surfertarifa"},"image":{"@id":"https:\/\/cursoskitesurftarifa.es\/#logo"}},{"@type":"WebSite","@id":"https:\/\/cursoskitesurftarifa.es\/#website","url":"https:\/\/cursoskitesurftarifa.es\/","name":"Surfertarifa","description":"Tienda de surf online","publisher":{"@id":"https:\/\/cursoskitesurftarifa.es\/#organization"},"potentialAction":[{"@type":"SearchAction","target":{"@type":"EntryPoint","urlTemplate":"https:\/\/cursoskitesurftarifa.es\/?s={search_term_string}"},"query-input":"required name=search_term_string"}],"inLanguage":"en-GB"},{"@type":"ImageObject","@id":"https:\/\/cursoskitesurftarifa.es\/product\/403-absolute-cz-m-0019-billabong\/#primaryimage","inLanguage":"en-GB","url":"https:\/\/cursoskitesurftarifa.es\/wp-content\/uploads\/2022\/09\/z44m18bif1_billabongv_4789_sd2.jpg","contentUrl":"https:\/\/cursoskitesurftarifa.es\/wp-content\/uploads\/2022\/09\/z44m18bif1_billabongv_4789_sd2.jpg","width":1117,"height":1396,"caption":"403 ABSOLUTE CZ M 0019 BILLABONG"},{"@type":"WebPage","@id":"https:\/\/cursoskitesurftarifa.es\/product\/403-absolute-cz-m-0019-billabong\/#webpage","url":"https:\/\/cursoskitesurftarifa.es\/product\/403-absolute-cz-m-0019-billabong\/","name":"403 ABSOLUTE CZ M 0019 BILLABONG - Surfertarifa","isPartOf":{"@id":"https:\/\/cursoskitesurftarifa.es\/#website"},"primaryImageOfPage":{"@id":"https:\/\/cursoskitesurftarifa.es\/product\/403-absolute-cz-m-0019-billabong\/#primaryimage"},"datePublished":"2022-09-27T11:41:56+00:00","dateModified":"2023-05-14T16:56:29+00:00","breadcrumb":{"@id":"https:\/\/cursoskitesurftarifa.es\/product\/403-absolute-cz-m-0019-billabong\/#breadcrumb"},"inLanguage":"en-GB","potentialAction":[{"@type":"ReadAction","target":["https:\/\/cursoskitesurftarifa.es\/product\/403-absolute-cz-m-0019-billabong\/"]}]},{"@type":"BreadcrumbList","@id":"https:\/\/cursoskitesurftarifa.es\/product\/403-absolute-cz-m-0019-billabong\/#breadcrumb","itemListElement":[{"@type":"ListItem","position":1,"name":"Portada","item":"https:\/\/cursoskitesurftarifa.es\/"},{"@type":"ListItem","position":2,"name":"Shop","item":"https:\/\/cursoskitesurftarifa.es\/shop\/"},{"@type":"ListItem","position":3,"name":"403 ABSOLUTE CZ M 0019 BILLABONG"}]}]}},"_links":{"self":[{"href":"https:\/\/cursoskitesurftarifa.es\/en\/wp-json\/wp\/v2\/product\/5655"}],"collection":[{"href":"https:\/\/cursoskitesurftarifa.es\/en\/wp-json\/wp\/v2\/product"}],"about":[{"href":"https:\/\/cursoskitesurftarifa.es\/en\/wp-json\/wp\/v2\/types\/product"}],"replies":[{"embeddable":true,"href":"https:\/\/cursoskitesurftarifa.es\/en\/wp-json\/wp\/v2\/comments?post=5655"}],"wp:featuredmedia":[{"embeddable":true,"href":"https:\/\/cursoskitesurftarifa.es\/en\/wp-json\/wp\/v2\/media\/5658"}],"wp:attachment":[{"href":"https:\/\/cursoskitesurftarifa.es\/en\/wp-json\/wp\/v2\/media?parent=5655"}],"wp:term":[{"taxonomy":"product_cat","embeddable":true,"href":"https:\/\/cursoskitesurftarifa.es\/en\/wp-json\/wp\/v2\/product_cat?post=5655"},{"taxonomy":"product_tag","embeddable":true,"href":"https:\/\/cursoskitesurftarifa.es\/en\/wp-json\/wp\/v2\/product_tag?post=5655"}],"curies":[{"name":"wp","href":"https:\/\/api.w.org\/{rel}","templated":true}]}}