{"id":5856,"date":"2022-10-09T17:00:52","date_gmt":"2022-10-09T17:00:52","guid":{"rendered":"https:\/\/surfertarifa.com\/?post_type=product&#038;p=5856"},"modified":"2023-08-30T17:07:26","modified_gmt":"2023-08-30T17:07:26","slug":"sobrecamisa-nantan-hrb-vissla","status":"publish","type":"product","link":"https:\/\/cursoskitesurftarifa.es\/en\/product\/sobrecamisa-nantan-hrb-vissla\/","title":{"rendered":"SOBRECAMISA NANTAN  HRB VISSLA"},"content":{"rendered":"<p><span style=\"color: #282828;\">Sobrecamisa regular fit sustancial con dos bolsillos en el pecho y una tapeta central con botones en la parte delantera. El Nantan se siente un poco m\u00e1s pesado que una franela, m\u00e1s ligero que una chaqueta, lo que lo convierte en la capa exterior perfecta. El estilo incluye aberturas en los pu\u00f1os con botones y un cuello de camisa normal.<\/span><\/p>\n<p><span style=\"color: #282828;\">95% Poli\u00e9ster 5% Lana<\/span><\/p>","protected":false},"excerpt":{"rendered":"<p>Sobrecamisa regular fit sustancial con dos bolsillos en el pecho y una tapeta central con botones en la parte delantera. El Nantan se siente un poco m\u00e1s pesado que una franela, m\u00e1s ligero que una chaqueta, lo que lo convierte en la capa exterior perfecta. El estilo incluye aberturas en los pu\u00f1os con botones y [&#8230;]","protected":false},"featured_media":5857,"comment_status":"open","ping_status":"closed","template":"","meta":{"spay_email":""},"product_cat":[110,271],"product_tag":[],"brands":[{"id":120,"name":"Vissla","slug":"vissla"}],"yoast_head":"<!-- This site is optimized with the Yoast SEO plugin v17.0 - https:\/\/yoast.com\/wordpress\/plugins\/seo\/ -->\n<title>SOBRECAMISA NANTAN HRB VISSLA - Surfertarifa<\/title>\n<meta name=\"robots\" content=\"index, follow, max-snippet:-1, max-image-preview:large, max-video-preview:-1\" \/>\n<link rel=\"canonical\" href=\"https:\/\/cursoskitesurftarifa.es\/en\/product\/sobrecamisa-nantan-hrb-vissla\/\" \/>\n<meta property=\"og:locale\" content=\"en_GB\" \/>\n<meta property=\"og:type\" content=\"article\" \/>\n<meta property=\"og:title\" content=\"SOBRECAMISA NANTAN HRB VISSLA - Surfertarifa\" \/>\n<meta property=\"og:description\" content=\"Sobrecamisa regular fit sustancial con dos bolsillos en el pecho y una tapeta central con botones en la parte delantera. El Nantan se siente un poco m\u00e1s pesado que una franela, m\u00e1s ligero que una chaqueta, lo que lo convierte en la capa exterior perfecta. El estilo incluye aberturas en los pu\u00f1os con botones y [...]\" \/>\n<meta property=\"og:url\" content=\"https:\/\/cursoskitesurftarifa.es\/en\/product\/sobrecamisa-nantan-hrb-vissla\/\" \/>\n<meta property=\"og:site_name\" content=\"Surfertarifa\" \/>\n<meta property=\"article:publisher\" content=\"https:\/\/es-es.facebook.com\/SurferTarifa\/\" \/>\n<meta property=\"article:modified_time\" content=\"2023-08-30T17:07:26+00:00\" \/>\n<meta property=\"og:image\" content=\"https:\/\/surfertarifa.com\/wp-content\/uploads\/2022\/10\/M522YNAN-1_1800x1800.jpg\" \/>\n\t<meta property=\"og:image:width\" content=\"1000\" \/>\n\t<meta property=\"og:image:height\" content=\"1400\" \/>\n<meta name=\"twitter:card\" content=\"summary_large_image\" \/>\n<meta name=\"twitter:label1\" content=\"Estimated reading time\" \/>\n\t<meta name=\"twitter:data1\" content=\"1 minute\" \/>\n<script type=\"application\/ld+json\" class=\"yoast-schema-graph\">{\"@context\":\"https:\/\/schema.org\",\"@graph\":[{\"@type\":\"Organization\",\"@id\":\"https:\/\/cursoskitesurftarifa.es\/#organization\",\"name\":\"Surfertarifa\",\"url\":\"https:\/\/cursoskitesurftarifa.es\/\",\"sameAs\":[\"https:\/\/es-es.facebook.com\/SurferTarifa\/\",\"https:\/\/www.instagram.com\/surfertarifa\/\"],\"logo\":{\"@type\":\"ImageObject\",\"@id\":\"https:\/\/cursoskitesurftarifa.es\/#logo\",\"inLanguage\":\"en-GB\",\"url\":\"https:\/\/surfertarifa.com\/wp-content\/uploads\/2021\/04\/logo-surfer-1.png\",\"contentUrl\":\"https:\/\/surfertarifa.com\/wp-content\/uploads\/2021\/04\/logo-surfer-1.png\",\"width\":90,\"height\":90,\"caption\":\"Surfertarifa\"},\"image\":{\"@id\":\"https:\/\/cursoskitesurftarifa.es\/#logo\"}},{\"@type\":\"WebSite\",\"@id\":\"https:\/\/cursoskitesurftarifa.es\/#website\",\"url\":\"https:\/\/cursoskitesurftarifa.es\/\",\"name\":\"Surfertarifa\",\"description\":\"Tienda de surf online\",\"publisher\":{\"@id\":\"https:\/\/cursoskitesurftarifa.es\/#organization\"},\"potentialAction\":[{\"@type\":\"SearchAction\",\"target\":{\"@type\":\"EntryPoint\",\"urlTemplate\":\"https:\/\/cursoskitesurftarifa.es\/?s={search_term_string}\"},\"query-input\":\"required name=search_term_string\"}],\"inLanguage\":\"en-GB\"},{\"@type\":\"ImageObject\",\"@id\":\"https:\/\/cursoskitesurftarifa.es\/product\/sobrecamisa-nantan-hrb-vissla\/#primaryimage\",\"inLanguage\":\"en-GB\",\"url\":\"https:\/\/cursoskitesurftarifa.es\/wp-content\/uploads\/2022\/10\/M522YNAN-1_1800x1800.jpg\",\"contentUrl\":\"https:\/\/cursoskitesurftarifa.es\/wp-content\/uploads\/2022\/10\/M522YNAN-1_1800x1800.jpg\",\"width\":1000,\"height\":1400,\"caption\":\"SOBRECAMISA NANTAN HRB VISSLA\"},{\"@type\":\"WebPage\",\"@id\":\"https:\/\/cursoskitesurftarifa.es\/product\/sobrecamisa-nantan-hrb-vissla\/#webpage\",\"url\":\"https:\/\/cursoskitesurftarifa.es\/product\/sobrecamisa-nantan-hrb-vissla\/\",\"name\":\"SOBRECAMISA NANTAN HRB VISSLA - Surfertarifa\",\"isPartOf\":{\"@id\":\"https:\/\/cursoskitesurftarifa.es\/#website\"},\"primaryImageOfPage\":{\"@id\":\"https:\/\/cursoskitesurftarifa.es\/product\/sobrecamisa-nantan-hrb-vissla\/#primaryimage\"},\"datePublished\":\"2022-10-09T17:00:52+00:00\",\"dateModified\":\"2023-08-30T17:07:26+00:00\",\"breadcrumb\":{\"@id\":\"https:\/\/cursoskitesurftarifa.es\/product\/sobrecamisa-nantan-hrb-vissla\/#breadcrumb\"},\"inLanguage\":\"en-GB\",\"potentialAction\":[{\"@type\":\"ReadAction\",\"target\":[\"https:\/\/cursoskitesurftarifa.es\/product\/sobrecamisa-nantan-hrb-vissla\/\"]}]},{\"@type\":\"BreadcrumbList\",\"@id\":\"https:\/\/cursoskitesurftarifa.es\/product\/sobrecamisa-nantan-hrb-vissla\/#breadcrumb\",\"itemListElement\":[{\"@type\":\"ListItem\",\"position\":1,\"name\":\"Portada\",\"item\":\"https:\/\/cursoskitesurftarifa.es\/\"},{\"@type\":\"ListItem\",\"position\":2,\"name\":\"Shop\",\"item\":\"https:\/\/cursoskitesurftarifa.es\/shop\/\"},{\"@type\":\"ListItem\",\"position\":3,\"name\":\"SOBRECAMISA NANTAN HRB VISSLA\"}]}]}<\/script>\n<!-- \/ Yoast SEO plugin. -->","yoast_head_json":{"title":"SOBRECAMISA NANTAN HRB VISSLA - Surfertarifa","robots":{"index":"index","follow":"follow","max-snippet":"max-snippet:-1","max-image-preview":"max-image-preview:large","max-video-preview":"max-video-preview:-1"},"canonical":"https:\/\/cursoskitesurftarifa.es\/en\/product\/sobrecamisa-nantan-hrb-vissla\/","og_locale":"en_GB","og_type":"article","og_title":"SOBRECAMISA NANTAN HRB VISSLA - Surfertarifa","og_description":"Sobrecamisa regular fit sustancial con dos bolsillos en el pecho y una tapeta central con botones en la parte delantera. El Nantan se siente un poco m\u00e1s pesado que una franela, m\u00e1s ligero que una chaqueta, lo que lo convierte en la capa exterior perfecta. El estilo incluye aberturas en los pu\u00f1os con botones y [...]","og_url":"https:\/\/cursoskitesurftarifa.es\/en\/product\/sobrecamisa-nantan-hrb-vissla\/","og_site_name":"Surfertarifa","article_publisher":"https:\/\/es-es.facebook.com\/SurferTarifa\/","article_modified_time":"2023-08-30T17:07:26+00:00","og_image":[{"width":1000,"height":1400,"url":"https:\/\/surfertarifa.com\/wp-content\/uploads\/2022\/10\/M522YNAN-1_1800x1800.jpg","path":"\/home\/surferta\/public_html\/wp-content\/uploads\/2022\/10\/M522YNAN-1_1800x1800.jpg","size":"full","id":5857,"alt":"SOBRECAMISA NANTAN HRB VISSLA","pixels":1400000,"type":"image\/jpeg"}],"twitter_card":"summary_large_image","twitter_misc":{"Estimated reading time":"1 minute"},"schema":{"@context":"https:\/\/schema.org","@graph":[{"@type":"Organization","@id":"https:\/\/cursoskitesurftarifa.es\/#organization","name":"Surfertarifa","url":"https:\/\/cursoskitesurftarifa.es\/","sameAs":["https:\/\/es-es.facebook.com\/SurferTarifa\/","https:\/\/www.instagram.com\/surfertarifa\/"],"logo":{"@type":"ImageObject","@id":"https:\/\/cursoskitesurftarifa.es\/#logo","inLanguage":"en-GB","url":"https:\/\/surfertarifa.com\/wp-content\/uploads\/2021\/04\/logo-surfer-1.png","contentUrl":"https:\/\/surfertarifa.com\/wp-content\/uploads\/2021\/04\/logo-surfer-1.png","width":90,"height":90,"caption":"Surfertarifa"},"image":{"@id":"https:\/\/cursoskitesurftarifa.es\/#logo"}},{"@type":"WebSite","@id":"https:\/\/cursoskitesurftarifa.es\/#website","url":"https:\/\/cursoskitesurftarifa.es\/","name":"Surfertarifa","description":"Tienda de surf online","publisher":{"@id":"https:\/\/cursoskitesurftarifa.es\/#organization"},"potentialAction":[{"@type":"SearchAction","target":{"@type":"EntryPoint","urlTemplate":"https:\/\/cursoskitesurftarifa.es\/?s={search_term_string}"},"query-input":"required name=search_term_string"}],"inLanguage":"en-GB"},{"@type":"ImageObject","@id":"https:\/\/cursoskitesurftarifa.es\/product\/sobrecamisa-nantan-hrb-vissla\/#primaryimage","inLanguage":"en-GB","url":"https:\/\/cursoskitesurftarifa.es\/wp-content\/uploads\/2022\/10\/M522YNAN-1_1800x1800.jpg","contentUrl":"https:\/\/cursoskitesurftarifa.es\/wp-content\/uploads\/2022\/10\/M522YNAN-1_1800x1800.jpg","width":1000,"height":1400,"caption":"SOBRECAMISA NANTAN HRB VISSLA"},{"@type":"WebPage","@id":"https:\/\/cursoskitesurftarifa.es\/product\/sobrecamisa-nantan-hrb-vissla\/#webpage","url":"https:\/\/cursoskitesurftarifa.es\/product\/sobrecamisa-nantan-hrb-vissla\/","name":"SOBRECAMISA NANTAN HRB VISSLA - Surfertarifa","isPartOf":{"@id":"https:\/\/cursoskitesurftarifa.es\/#website"},"primaryImageOfPage":{"@id":"https:\/\/cursoskitesurftarifa.es\/product\/sobrecamisa-nantan-hrb-vissla\/#primaryimage"},"datePublished":"2022-10-09T17:00:52+00:00","dateModified":"2023-08-30T17:07:26+00:00","breadcrumb":{"@id":"https:\/\/cursoskitesurftarifa.es\/product\/sobrecamisa-nantan-hrb-vissla\/#breadcrumb"},"inLanguage":"en-GB","potentialAction":[{"@type":"ReadAction","target":["https:\/\/cursoskitesurftarifa.es\/product\/sobrecamisa-nantan-hrb-vissla\/"]}]},{"@type":"BreadcrumbList","@id":"https:\/\/cursoskitesurftarifa.es\/product\/sobrecamisa-nantan-hrb-vissla\/#breadcrumb","itemListElement":[{"@type":"ListItem","position":1,"name":"Portada","item":"https:\/\/cursoskitesurftarifa.es\/"},{"@type":"ListItem","position":2,"name":"Shop","item":"https:\/\/cursoskitesurftarifa.es\/shop\/"},{"@type":"ListItem","position":3,"name":"SOBRECAMISA NANTAN HRB VISSLA"}]}]}},"_links":{"self":[{"href":"https:\/\/cursoskitesurftarifa.es\/en\/wp-json\/wp\/v2\/product\/5856"}],"collection":[{"href":"https:\/\/cursoskitesurftarifa.es\/en\/wp-json\/wp\/v2\/product"}],"about":[{"href":"https:\/\/cursoskitesurftarifa.es\/en\/wp-json\/wp\/v2\/types\/product"}],"replies":[{"embeddable":true,"href":"https:\/\/cursoskitesurftarifa.es\/en\/wp-json\/wp\/v2\/comments?post=5856"}],"wp:featuredmedia":[{"embeddable":true,"href":"https:\/\/cursoskitesurftarifa.es\/en\/wp-json\/wp\/v2\/media\/5857"}],"wp:attachment":[{"href":"https:\/\/cursoskitesurftarifa.es\/en\/wp-json\/wp\/v2\/media?parent=5856"}],"wp:term":[{"taxonomy":"product_cat","embeddable":true,"href":"https:\/\/cursoskitesurftarifa.es\/en\/wp-json\/wp\/v2\/product_cat?post=5856"},{"taxonomy":"product_tag","embeddable":true,"href":"https:\/\/cursoskitesurftarifa.es\/en\/wp-json\/wp\/v2\/product_tag?post=5856"}],"curies":[{"name":"wp","href":"https:\/\/api.w.org\/{rel}","templated":true}]}}