{"id":5899,"date":"2022-10-12T18:00:07","date_gmt":"2022-10-12T18:00:07","guid":{"rendered":"https:\/\/surfertarifa.com\/?post_type=product&#038;p=5899"},"modified":"2022-10-12T18:00:07","modified_gmt":"2022-10-12T18:00:07","slug":"sudadera-rutile-crew-fleece-oneill-mujer","status":"publish","type":"product","link":"https:\/\/cursoskitesurftarifa.es\/en\/product\/sudadera-rutile-crew-fleece-oneill-mujer\/","title":{"rendered":"SUDADERA RUTILE CREW FLEECE O&#8217;NEILL MUJER"},"content":{"rendered":"<p><span style=\"color: #282828;\">Un corte elegante y holgado, con un logotipo bordado, cuello, dobladillo y pu\u00f1os acanalados y costuras ca\u00eddas en los hombros. El Rutile Crew Fleece es absorbente para mantener tus niveles de comodidad y ser\u00e1 un art\u00edculo de referencia para aventuras grandes y peque\u00f1as.<\/span><\/p>","protected":false},"excerpt":{"rendered":"<p>Un corte elegante y holgado, con un logotipo bordado, cuello, dobladillo y pu\u00f1os acanalados y costuras ca\u00eddas en los hombros. El Rutile Crew Fleece es absorbente para mantener tus niveles de comodidad y ser\u00e1 un art\u00edculo de referencia para aventuras grandes y peque\u00f1as.<\/p>","protected":false},"featured_media":5900,"comment_status":"open","ping_status":"closed","template":"","meta":{"spay_email":""},"product_cat":[111,147],"product_tag":[],"brands":[{"id":272,"name":"O'NEILL","slug":"oneill"}],"yoast_head":"<!-- This site is optimized with the Yoast SEO plugin v17.0 - https:\/\/yoast.com\/wordpress\/plugins\/seo\/ -->\n<title>SUDADERA RUTILE CREW FLEECE O&#039;NEILL MUJER - Surfertarifa<\/title>\n<meta name=\"robots\" content=\"index, follow, max-snippet:-1, max-image-preview:large, max-video-preview:-1\" \/>\n<link rel=\"canonical\" href=\"https:\/\/cursoskitesurftarifa.es\/en\/product\/sudadera-rutile-crew-fleece-oneill-mujer\/\" \/>\n<meta property=\"og:locale\" content=\"en_GB\" \/>\n<meta property=\"og:type\" content=\"article\" \/>\n<meta property=\"og:title\" content=\"SUDADERA RUTILE CREW FLEECE O&#039;NEILL MUJER - Surfertarifa\" \/>\n<meta property=\"og:description\" content=\"Un corte elegante y holgado, con un logotipo bordado, cuello, dobladillo y pu\u00f1os acanalados y costuras ca\u00eddas en los hombros. El Rutile Crew Fleece es absorbente para mantener tus niveles de comodidad y ser\u00e1 un art\u00edculo de referencia para aventuras grandes y peque\u00f1as.\" \/>\n<meta property=\"og:url\" content=\"https:\/\/cursoskitesurftarifa.es\/en\/product\/sudadera-rutile-crew-fleece-oneill-mujer\/\" \/>\n<meta property=\"og:site_name\" content=\"Surfertarifa\" \/>\n<meta property=\"article:publisher\" content=\"https:\/\/es-es.facebook.com\/SurferTarifa\/\" \/>\n<meta name=\"twitter:card\" content=\"summary_large_image\" \/>\n<meta name=\"twitter:image\" content=\"https:\/\/cursoskitesurftarifa.es\/wp-content\/uploads\/2022\/10\/1350010_19010_01_MODEL-scaled.webp\" \/>\n<meta name=\"twitter:label1\" content=\"Estimated reading time\" \/>\n\t<meta name=\"twitter:data1\" content=\"1 minute\" \/>\n<script type=\"application\/ld+json\" class=\"yoast-schema-graph\">{\"@context\":\"https:\/\/schema.org\",\"@graph\":[{\"@type\":\"Organization\",\"@id\":\"https:\/\/cursoskitesurftarifa.es\/#organization\",\"name\":\"Surfertarifa\",\"url\":\"https:\/\/cursoskitesurftarifa.es\/\",\"sameAs\":[\"https:\/\/es-es.facebook.com\/SurferTarifa\/\",\"https:\/\/www.instagram.com\/surfertarifa\/\"],\"logo\":{\"@type\":\"ImageObject\",\"@id\":\"https:\/\/cursoskitesurftarifa.es\/#logo\",\"inLanguage\":\"en-GB\",\"url\":\"https:\/\/surfertarifa.com\/wp-content\/uploads\/2021\/04\/logo-surfer-1.png\",\"contentUrl\":\"https:\/\/surfertarifa.com\/wp-content\/uploads\/2021\/04\/logo-surfer-1.png\",\"width\":90,\"height\":90,\"caption\":\"Surfertarifa\"},\"image\":{\"@id\":\"https:\/\/cursoskitesurftarifa.es\/#logo\"}},{\"@type\":\"WebSite\",\"@id\":\"https:\/\/cursoskitesurftarifa.es\/#website\",\"url\":\"https:\/\/cursoskitesurftarifa.es\/\",\"name\":\"Surfertarifa\",\"description\":\"Tienda de surf online\",\"publisher\":{\"@id\":\"https:\/\/cursoskitesurftarifa.es\/#organization\"},\"potentialAction\":[{\"@type\":\"SearchAction\",\"target\":{\"@type\":\"EntryPoint\",\"urlTemplate\":\"https:\/\/cursoskitesurftarifa.es\/?s={search_term_string}\"},\"query-input\":\"required name=search_term_string\"}],\"inLanguage\":\"en-GB\"},{\"@type\":\"ImageObject\",\"@id\":\"https:\/\/cursoskitesurftarifa.es\/product\/sudadera-rutile-crew-fleece-oneill-mujer\/#primaryimage\",\"inLanguage\":\"en-GB\",\"url\":\"https:\/\/cursoskitesurftarifa.es\/wp-content\/uploads\/2022\/10\/1350010_19010_01_MODEL-scaled.webp\",\"contentUrl\":\"https:\/\/cursoskitesurftarifa.es\/wp-content\/uploads\/2022\/10\/1350010_19010_01_MODEL-scaled.webp\",\"width\":1665,\"height\":2560,\"caption\":\"SUDADERA RUTILE CREW FLEECE O'NEILL MUJER\"},{\"@type\":\"WebPage\",\"@id\":\"https:\/\/cursoskitesurftarifa.es\/product\/sudadera-rutile-crew-fleece-oneill-mujer\/#webpage\",\"url\":\"https:\/\/cursoskitesurftarifa.es\/product\/sudadera-rutile-crew-fleece-oneill-mujer\/\",\"name\":\"SUDADERA RUTILE CREW FLEECE O'NEILL MUJER - Surfertarifa\",\"isPartOf\":{\"@id\":\"https:\/\/cursoskitesurftarifa.es\/#website\"},\"primaryImageOfPage\":{\"@id\":\"https:\/\/cursoskitesurftarifa.es\/product\/sudadera-rutile-crew-fleece-oneill-mujer\/#primaryimage\"},\"datePublished\":\"2022-10-12T18:00:07+00:00\",\"dateModified\":\"2022-10-12T18:00:07+00:00\",\"breadcrumb\":{\"@id\":\"https:\/\/cursoskitesurftarifa.es\/product\/sudadera-rutile-crew-fleece-oneill-mujer\/#breadcrumb\"},\"inLanguage\":\"en-GB\",\"potentialAction\":[{\"@type\":\"ReadAction\",\"target\":[\"https:\/\/cursoskitesurftarifa.es\/product\/sudadera-rutile-crew-fleece-oneill-mujer\/\"]}]},{\"@type\":\"BreadcrumbList\",\"@id\":\"https:\/\/cursoskitesurftarifa.es\/product\/sudadera-rutile-crew-fleece-oneill-mujer\/#breadcrumb\",\"itemListElement\":[{\"@type\":\"ListItem\",\"position\":1,\"name\":\"Portada\",\"item\":\"https:\/\/cursoskitesurftarifa.es\/\"},{\"@type\":\"ListItem\",\"position\":2,\"name\":\"Shop\",\"item\":\"https:\/\/cursoskitesurftarifa.es\/shop\/\"},{\"@type\":\"ListItem\",\"position\":3,\"name\":\"SUDADERA RUTILE CREW FLEECE O&#8217;NEILL MUJER\"}]}]}<\/script>\n<!-- \/ Yoast SEO plugin. -->","yoast_head_json":{"title":"SUDADERA RUTILE CREW FLEECE O'NEILL MUJER - Surfertarifa","robots":{"index":"index","follow":"follow","max-snippet":"max-snippet:-1","max-image-preview":"max-image-preview:large","max-video-preview":"max-video-preview:-1"},"canonical":"https:\/\/cursoskitesurftarifa.es\/en\/product\/sudadera-rutile-crew-fleece-oneill-mujer\/","og_locale":"en_GB","og_type":"article","og_title":"SUDADERA RUTILE CREW FLEECE O'NEILL MUJER - Surfertarifa","og_description":"Un corte elegante y holgado, con un logotipo bordado, cuello, dobladillo y pu\u00f1os acanalados y costuras ca\u00eddas en los hombros. El Rutile Crew Fleece es absorbente para mantener tus niveles de comodidad y ser\u00e1 un art\u00edculo de referencia para aventuras grandes y peque\u00f1as.","og_url":"https:\/\/cursoskitesurftarifa.es\/en\/product\/sudadera-rutile-crew-fleece-oneill-mujer\/","og_site_name":"Surfertarifa","article_publisher":"https:\/\/es-es.facebook.com\/SurferTarifa\/","twitter_card":"summary_large_image","twitter_image":"https:\/\/cursoskitesurftarifa.es\/wp-content\/uploads\/2022\/10\/1350010_19010_01_MODEL-scaled.webp","twitter_misc":{"Estimated reading time":"1 minute"},"schema":{"@context":"https:\/\/schema.org","@graph":[{"@type":"Organization","@id":"https:\/\/cursoskitesurftarifa.es\/#organization","name":"Surfertarifa","url":"https:\/\/cursoskitesurftarifa.es\/","sameAs":["https:\/\/es-es.facebook.com\/SurferTarifa\/","https:\/\/www.instagram.com\/surfertarifa\/"],"logo":{"@type":"ImageObject","@id":"https:\/\/cursoskitesurftarifa.es\/#logo","inLanguage":"en-GB","url":"https:\/\/surfertarifa.com\/wp-content\/uploads\/2021\/04\/logo-surfer-1.png","contentUrl":"https:\/\/surfertarifa.com\/wp-content\/uploads\/2021\/04\/logo-surfer-1.png","width":90,"height":90,"caption":"Surfertarifa"},"image":{"@id":"https:\/\/cursoskitesurftarifa.es\/#logo"}},{"@type":"WebSite","@id":"https:\/\/cursoskitesurftarifa.es\/#website","url":"https:\/\/cursoskitesurftarifa.es\/","name":"Surfertarifa","description":"Tienda de surf online","publisher":{"@id":"https:\/\/cursoskitesurftarifa.es\/#organization"},"potentialAction":[{"@type":"SearchAction","target":{"@type":"EntryPoint","urlTemplate":"https:\/\/cursoskitesurftarifa.es\/?s={search_term_string}"},"query-input":"required name=search_term_string"}],"inLanguage":"en-GB"},{"@type":"ImageObject","@id":"https:\/\/cursoskitesurftarifa.es\/product\/sudadera-rutile-crew-fleece-oneill-mujer\/#primaryimage","inLanguage":"en-GB","url":"https:\/\/cursoskitesurftarifa.es\/wp-content\/uploads\/2022\/10\/1350010_19010_01_MODEL-scaled.webp","contentUrl":"https:\/\/cursoskitesurftarifa.es\/wp-content\/uploads\/2022\/10\/1350010_19010_01_MODEL-scaled.webp","width":1665,"height":2560,"caption":"SUDADERA RUTILE CREW FLEECE O'NEILL MUJER"},{"@type":"WebPage","@id":"https:\/\/cursoskitesurftarifa.es\/product\/sudadera-rutile-crew-fleece-oneill-mujer\/#webpage","url":"https:\/\/cursoskitesurftarifa.es\/product\/sudadera-rutile-crew-fleece-oneill-mujer\/","name":"SUDADERA RUTILE CREW FLEECE O'NEILL MUJER - Surfertarifa","isPartOf":{"@id":"https:\/\/cursoskitesurftarifa.es\/#website"},"primaryImageOfPage":{"@id":"https:\/\/cursoskitesurftarifa.es\/product\/sudadera-rutile-crew-fleece-oneill-mujer\/#primaryimage"},"datePublished":"2022-10-12T18:00:07+00:00","dateModified":"2022-10-12T18:00:07+00:00","breadcrumb":{"@id":"https:\/\/cursoskitesurftarifa.es\/product\/sudadera-rutile-crew-fleece-oneill-mujer\/#breadcrumb"},"inLanguage":"en-GB","potentialAction":[{"@type":"ReadAction","target":["https:\/\/cursoskitesurftarifa.es\/product\/sudadera-rutile-crew-fleece-oneill-mujer\/"]}]},{"@type":"BreadcrumbList","@id":"https:\/\/cursoskitesurftarifa.es\/product\/sudadera-rutile-crew-fleece-oneill-mujer\/#breadcrumb","itemListElement":[{"@type":"ListItem","position":1,"name":"Portada","item":"https:\/\/cursoskitesurftarifa.es\/"},{"@type":"ListItem","position":2,"name":"Shop","item":"https:\/\/cursoskitesurftarifa.es\/shop\/"},{"@type":"ListItem","position":3,"name":"SUDADERA RUTILE CREW FLEECE O&#8217;NEILL MUJER"}]}]}},"_links":{"self":[{"href":"https:\/\/cursoskitesurftarifa.es\/en\/wp-json\/wp\/v2\/product\/5899"}],"collection":[{"href":"https:\/\/cursoskitesurftarifa.es\/en\/wp-json\/wp\/v2\/product"}],"about":[{"href":"https:\/\/cursoskitesurftarifa.es\/en\/wp-json\/wp\/v2\/types\/product"}],"replies":[{"embeddable":true,"href":"https:\/\/cursoskitesurftarifa.es\/en\/wp-json\/wp\/v2\/comments?post=5899"}],"wp:featuredmedia":[{"embeddable":true,"href":"https:\/\/cursoskitesurftarifa.es\/en\/wp-json\/wp\/v2\/media\/5900"}],"wp:attachment":[{"href":"https:\/\/cursoskitesurftarifa.es\/en\/wp-json\/wp\/v2\/media?parent=5899"}],"wp:term":[{"taxonomy":"product_cat","embeddable":true,"href":"https:\/\/cursoskitesurftarifa.es\/en\/wp-json\/wp\/v2\/product_cat?post=5899"},{"taxonomy":"product_tag","embeddable":true,"href":"https:\/\/cursoskitesurftarifa.es\/en\/wp-json\/wp\/v2\/product_tag?post=5899"}],"curies":[{"name":"wp","href":"https:\/\/api.w.org\/{rel}","templated":true}]}}