{"id":5916,"date":"2022-10-12T18:28:52","date_gmt":"2022-10-12T18:28:52","guid":{"rendered":"https:\/\/surfertarifa.com\/?post_type=product&#038;p=5916"},"modified":"2022-12-26T16:45:12","modified_gmt":"2022-12-26T16:45:12","slug":"polar-oneill-progressive-colorblock-fleece","status":"publish","type":"product","link":"https:\/\/cursoskitesurftarifa.es\/en\/product\/polar-oneill-progressive-colorblock-fleece\/","title":{"rendered":"POLAR O&#8217;NEILL PROGRESSIVE COLORBLOCK FLEECE"},"content":{"rendered":"<p><span style=\"color: #282828;\">O&#8217;Neill Blue, confeccionado \u00edntegramente con poli\u00e9ster reciclado, el Progressive Colourblock Fleece tiene una cremallera completa y un cuello alto, bolsillos con cremallera en las manos y en el pecho y estilo para elevar tu look mientras te enfrentas a los elementos. El uso de poli\u00e9ster reciclado requiere menos agua y energ\u00eda en el proceso de producci\u00f3n en comparaci\u00f3n con el uso de hilos v\u00edrgenes.<\/span><\/p>","protected":false},"excerpt":{"rendered":"<p>O&#8217;Neill Blue, confeccionado \u00edntegramente con poli\u00e9ster reciclado, el Progressive Colourblock Fleece tiene una cremallera completa y un cuello alto, bolsillos con cremallera en las manos y en el pecho y estilo para elevar tu look mientras te enfrentas a los elementos. El uso de poli\u00e9ster reciclado requiere menos agua y energ\u00eda en el proceso de [&#8230;]","protected":false},"featured_media":5917,"comment_status":"open","ping_status":"closed","template":"","meta":{"spay_email":""},"product_cat":[110,267],"product_tag":[],"brands":[{"id":272,"name":"O'NEILL","slug":"oneill"}],"yoast_head":"<!-- This site is optimized with the Yoast SEO plugin v17.0 - https:\/\/yoast.com\/wordpress\/plugins\/seo\/ -->\n<title>POLAR O&#039;NEILL PROGRESSIVE COLORBLOCK FLEECE - Surfertarifa<\/title>\n<meta name=\"robots\" content=\"index, follow, max-snippet:-1, max-image-preview:large, max-video-preview:-1\" \/>\n<link rel=\"canonical\" href=\"https:\/\/cursoskitesurftarifa.es\/en\/product\/polar-oneill-progressive-colorblock-fleece\/\" \/>\n<meta property=\"og:locale\" content=\"en_GB\" \/>\n<meta property=\"og:type\" content=\"article\" \/>\n<meta property=\"og:title\" content=\"POLAR O&#039;NEILL PROGRESSIVE COLORBLOCK FLEECE - Surfertarifa\" \/>\n<meta property=\"og:description\" content=\"O&#8217;Neill Blue, confeccionado \u00edntegramente con poli\u00e9ster reciclado, el Progressive Colourblock Fleece tiene una cremallera completa y un cuello alto, bolsillos con cremallera en las manos y en el pecho y estilo para elevar tu look mientras te enfrentas a los elementos. El uso de poli\u00e9ster reciclado requiere menos agua y energ\u00eda en el proceso de [...]\" \/>\n<meta property=\"og:url\" content=\"https:\/\/cursoskitesurftarifa.es\/en\/product\/polar-oneill-progressive-colorblock-fleece\/\" \/>\n<meta property=\"og:site_name\" content=\"Surfertarifa\" \/>\n<meta property=\"article:publisher\" content=\"https:\/\/es-es.facebook.com\/SurferTarifa\/\" \/>\n<meta property=\"article:modified_time\" content=\"2022-12-26T16:45:12+00:00\" \/>\n<meta name=\"twitter:card\" content=\"summary_large_image\" \/>\n<meta name=\"twitter:image\" content=\"https:\/\/cursoskitesurftarifa.es\/wp-content\/uploads\/2022\/10\/2350018_42519_01_MODEL-scaled.webp\" \/>\n<meta name=\"twitter:label1\" content=\"Estimated reading time\" \/>\n\t<meta name=\"twitter:data1\" content=\"1 minute\" \/>\n<script type=\"application\/ld+json\" class=\"yoast-schema-graph\">{\"@context\":\"https:\/\/schema.org\",\"@graph\":[{\"@type\":\"Organization\",\"@id\":\"https:\/\/cursoskitesurftarifa.es\/#organization\",\"name\":\"Surfertarifa\",\"url\":\"https:\/\/cursoskitesurftarifa.es\/\",\"sameAs\":[\"https:\/\/es-es.facebook.com\/SurferTarifa\/\",\"https:\/\/www.instagram.com\/surfertarifa\/\"],\"logo\":{\"@type\":\"ImageObject\",\"@id\":\"https:\/\/cursoskitesurftarifa.es\/#logo\",\"inLanguage\":\"en-GB\",\"url\":\"https:\/\/surfertarifa.com\/wp-content\/uploads\/2021\/04\/logo-surfer-1.png\",\"contentUrl\":\"https:\/\/surfertarifa.com\/wp-content\/uploads\/2021\/04\/logo-surfer-1.png\",\"width\":90,\"height\":90,\"caption\":\"Surfertarifa\"},\"image\":{\"@id\":\"https:\/\/cursoskitesurftarifa.es\/#logo\"}},{\"@type\":\"WebSite\",\"@id\":\"https:\/\/cursoskitesurftarifa.es\/#website\",\"url\":\"https:\/\/cursoskitesurftarifa.es\/\",\"name\":\"Surfertarifa\",\"description\":\"Tienda de surf online\",\"publisher\":{\"@id\":\"https:\/\/cursoskitesurftarifa.es\/#organization\"},\"potentialAction\":[{\"@type\":\"SearchAction\",\"target\":{\"@type\":\"EntryPoint\",\"urlTemplate\":\"https:\/\/cursoskitesurftarifa.es\/?s={search_term_string}\"},\"query-input\":\"required name=search_term_string\"}],\"inLanguage\":\"en-GB\"},{\"@type\":\"ImageObject\",\"@id\":\"https:\/\/cursoskitesurftarifa.es\/product\/polar-oneill-progressive-colorblock-fleece\/#primaryimage\",\"inLanguage\":\"en-GB\",\"url\":\"https:\/\/cursoskitesurftarifa.es\/wp-content\/uploads\/2022\/10\/2350018_42519_01_MODEL-scaled.webp\",\"contentUrl\":\"https:\/\/cursoskitesurftarifa.es\/wp-content\/uploads\/2022\/10\/2350018_42519_01_MODEL-scaled.webp\",\"width\":1665,\"height\":2560,\"caption\":\"POLAR O'NEILL PROGRESSIVE COLORBLOCK FLEECE\"},{\"@type\":\"WebPage\",\"@id\":\"https:\/\/cursoskitesurftarifa.es\/product\/polar-oneill-progressive-colorblock-fleece\/#webpage\",\"url\":\"https:\/\/cursoskitesurftarifa.es\/product\/polar-oneill-progressive-colorblock-fleece\/\",\"name\":\"POLAR O'NEILL PROGRESSIVE COLORBLOCK FLEECE - Surfertarifa\",\"isPartOf\":{\"@id\":\"https:\/\/cursoskitesurftarifa.es\/#website\"},\"primaryImageOfPage\":{\"@id\":\"https:\/\/cursoskitesurftarifa.es\/product\/polar-oneill-progressive-colorblock-fleece\/#primaryimage\"},\"datePublished\":\"2022-10-12T18:28:52+00:00\",\"dateModified\":\"2022-12-26T16:45:12+00:00\",\"breadcrumb\":{\"@id\":\"https:\/\/cursoskitesurftarifa.es\/product\/polar-oneill-progressive-colorblock-fleece\/#breadcrumb\"},\"inLanguage\":\"en-GB\",\"potentialAction\":[{\"@type\":\"ReadAction\",\"target\":[\"https:\/\/cursoskitesurftarifa.es\/product\/polar-oneill-progressive-colorblock-fleece\/\"]}]},{\"@type\":\"BreadcrumbList\",\"@id\":\"https:\/\/cursoskitesurftarifa.es\/product\/polar-oneill-progressive-colorblock-fleece\/#breadcrumb\",\"itemListElement\":[{\"@type\":\"ListItem\",\"position\":1,\"name\":\"Portada\",\"item\":\"https:\/\/cursoskitesurftarifa.es\/\"},{\"@type\":\"ListItem\",\"position\":2,\"name\":\"Shop\",\"item\":\"https:\/\/cursoskitesurftarifa.es\/shop\/\"},{\"@type\":\"ListItem\",\"position\":3,\"name\":\"POLAR O&#8217;NEILL PROGRESSIVE COLORBLOCK FLEECE\"}]}]}<\/script>\n<!-- \/ Yoast SEO plugin. -->","yoast_head_json":{"title":"POLAR O'NEILL PROGRESSIVE COLORBLOCK FLEECE - Surfertarifa","robots":{"index":"index","follow":"follow","max-snippet":"max-snippet:-1","max-image-preview":"max-image-preview:large","max-video-preview":"max-video-preview:-1"},"canonical":"https:\/\/cursoskitesurftarifa.es\/en\/product\/polar-oneill-progressive-colorblock-fleece\/","og_locale":"en_GB","og_type":"article","og_title":"POLAR O'NEILL PROGRESSIVE COLORBLOCK FLEECE - Surfertarifa","og_description":"O&#8217;Neill Blue, confeccionado \u00edntegramente con poli\u00e9ster reciclado, el Progressive Colourblock Fleece tiene una cremallera completa y un cuello alto, bolsillos con cremallera en las manos y en el pecho y estilo para elevar tu look mientras te enfrentas a los elementos. El uso de poli\u00e9ster reciclado requiere menos agua y energ\u00eda en el proceso de [...]","og_url":"https:\/\/cursoskitesurftarifa.es\/en\/product\/polar-oneill-progressive-colorblock-fleece\/","og_site_name":"Surfertarifa","article_publisher":"https:\/\/es-es.facebook.com\/SurferTarifa\/","article_modified_time":"2022-12-26T16:45:12+00:00","twitter_card":"summary_large_image","twitter_image":"https:\/\/cursoskitesurftarifa.es\/wp-content\/uploads\/2022\/10\/2350018_42519_01_MODEL-scaled.webp","twitter_misc":{"Estimated reading time":"1 minute"},"schema":{"@context":"https:\/\/schema.org","@graph":[{"@type":"Organization","@id":"https:\/\/cursoskitesurftarifa.es\/#organization","name":"Surfertarifa","url":"https:\/\/cursoskitesurftarifa.es\/","sameAs":["https:\/\/es-es.facebook.com\/SurferTarifa\/","https:\/\/www.instagram.com\/surfertarifa\/"],"logo":{"@type":"ImageObject","@id":"https:\/\/cursoskitesurftarifa.es\/#logo","inLanguage":"en-GB","url":"https:\/\/surfertarifa.com\/wp-content\/uploads\/2021\/04\/logo-surfer-1.png","contentUrl":"https:\/\/surfertarifa.com\/wp-content\/uploads\/2021\/04\/logo-surfer-1.png","width":90,"height":90,"caption":"Surfertarifa"},"image":{"@id":"https:\/\/cursoskitesurftarifa.es\/#logo"}},{"@type":"WebSite","@id":"https:\/\/cursoskitesurftarifa.es\/#website","url":"https:\/\/cursoskitesurftarifa.es\/","name":"Surfertarifa","description":"Tienda de surf online","publisher":{"@id":"https:\/\/cursoskitesurftarifa.es\/#organization"},"potentialAction":[{"@type":"SearchAction","target":{"@type":"EntryPoint","urlTemplate":"https:\/\/cursoskitesurftarifa.es\/?s={search_term_string}"},"query-input":"required name=search_term_string"}],"inLanguage":"en-GB"},{"@type":"ImageObject","@id":"https:\/\/cursoskitesurftarifa.es\/product\/polar-oneill-progressive-colorblock-fleece\/#primaryimage","inLanguage":"en-GB","url":"https:\/\/cursoskitesurftarifa.es\/wp-content\/uploads\/2022\/10\/2350018_42519_01_MODEL-scaled.webp","contentUrl":"https:\/\/cursoskitesurftarifa.es\/wp-content\/uploads\/2022\/10\/2350018_42519_01_MODEL-scaled.webp","width":1665,"height":2560,"caption":"POLAR O'NEILL PROGRESSIVE COLORBLOCK FLEECE"},{"@type":"WebPage","@id":"https:\/\/cursoskitesurftarifa.es\/product\/polar-oneill-progressive-colorblock-fleece\/#webpage","url":"https:\/\/cursoskitesurftarifa.es\/product\/polar-oneill-progressive-colorblock-fleece\/","name":"POLAR O'NEILL PROGRESSIVE COLORBLOCK FLEECE - Surfertarifa","isPartOf":{"@id":"https:\/\/cursoskitesurftarifa.es\/#website"},"primaryImageOfPage":{"@id":"https:\/\/cursoskitesurftarifa.es\/product\/polar-oneill-progressive-colorblock-fleece\/#primaryimage"},"datePublished":"2022-10-12T18:28:52+00:00","dateModified":"2022-12-26T16:45:12+00:00","breadcrumb":{"@id":"https:\/\/cursoskitesurftarifa.es\/product\/polar-oneill-progressive-colorblock-fleece\/#breadcrumb"},"inLanguage":"en-GB","potentialAction":[{"@type":"ReadAction","target":["https:\/\/cursoskitesurftarifa.es\/product\/polar-oneill-progressive-colorblock-fleece\/"]}]},{"@type":"BreadcrumbList","@id":"https:\/\/cursoskitesurftarifa.es\/product\/polar-oneill-progressive-colorblock-fleece\/#breadcrumb","itemListElement":[{"@type":"ListItem","position":1,"name":"Portada","item":"https:\/\/cursoskitesurftarifa.es\/"},{"@type":"ListItem","position":2,"name":"Shop","item":"https:\/\/cursoskitesurftarifa.es\/shop\/"},{"@type":"ListItem","position":3,"name":"POLAR O&#8217;NEILL PROGRESSIVE COLORBLOCK FLEECE"}]}]}},"_links":{"self":[{"href":"https:\/\/cursoskitesurftarifa.es\/en\/wp-json\/wp\/v2\/product\/5916"}],"collection":[{"href":"https:\/\/cursoskitesurftarifa.es\/en\/wp-json\/wp\/v2\/product"}],"about":[{"href":"https:\/\/cursoskitesurftarifa.es\/en\/wp-json\/wp\/v2\/types\/product"}],"replies":[{"embeddable":true,"href":"https:\/\/cursoskitesurftarifa.es\/en\/wp-json\/wp\/v2\/comments?post=5916"}],"wp:featuredmedia":[{"embeddable":true,"href":"https:\/\/cursoskitesurftarifa.es\/en\/wp-json\/wp\/v2\/media\/5917"}],"wp:attachment":[{"href":"https:\/\/cursoskitesurftarifa.es\/en\/wp-json\/wp\/v2\/media?parent=5916"}],"wp:term":[{"taxonomy":"product_cat","embeddable":true,"href":"https:\/\/cursoskitesurftarifa.es\/en\/wp-json\/wp\/v2\/product_cat?post=5916"},{"taxonomy":"product_tag","embeddable":true,"href":"https:\/\/cursoskitesurftarifa.es\/en\/wp-json\/wp\/v2\/product_tag?post=5916"}],"curies":[{"name":"wp","href":"https:\/\/api.w.org\/{rel}","templated":true}]}}