{"id":6182,"date":"2023-01-31T18:49:05","date_gmt":"2023-01-31T18:49:05","guid":{"rendered":"https:\/\/surfertarifa.com\/?post_type=product&#038;p=6182"},"modified":"2023-05-23T16:51:46","modified_gmt":"2023-05-23T16:51:46","slug":"sudadera-circle-surfer-oneill-balsam-green","status":"publish","type":"product","link":"https:\/\/cursoskitesurftarifa.es\/en\/product\/sudadera-circle-surfer-oneill-balsam-green\/","title":{"rendered":"SUDADERA CIRCLE SURFER O&#8217;NEILL BALSAM GREEN"},"content":{"rendered":"<p><span style=\"font-family: helvetica, arial, sans-serif; color: #282828;\">Equipo de ajuste regular en tela 100% O&#8217;Neill Blue, con el famoso gr\u00e1fico del hombre surfista. Uno para todas las ocasiones casuales, en cualquier temporada, agregue la sudadera Circle Surfer Crew a su guardarropa hoy. Puede encontrar informaci\u00f3n sobre los materiales utilizados en los art\u00edculos de O&#8217;Neill Blue en la p\u00e1gina Our Ocean Mission.<\/span><\/p>","protected":false},"excerpt":{"rendered":"<p>Equipo de ajuste regular en tela 100% O&#8217;Neill Blue, con el famoso gr\u00e1fico del hombre surfista. Uno para todas las ocasiones casuales, en cualquier temporada, agregue la sudadera Circle Surfer Crew a su guardarropa hoy. Puede encontrar informaci\u00f3n sobre los materiales utilizados en los art\u00edculos de O&#8217;Neill Blue en la p\u00e1gina Our Ocean Mission.<\/p>","protected":false},"featured_media":6183,"comment_status":"open","ping_status":"closed","template":"","meta":{"spay_email":""},"product_cat":[110,134],"product_tag":[],"brands":[{"id":272,"name":"O'NEILL","slug":"oneill"}],"yoast_head":"<!-- This site is optimized with the Yoast SEO plugin v17.0 - https:\/\/yoast.com\/wordpress\/plugins\/seo\/ -->\n<title>SUDADERA CIRCLE SURFER O&#039;NEILL BALSAM GREEN - Surfertarifa<\/title>\n<meta name=\"robots\" content=\"index, follow, max-snippet:-1, max-image-preview:large, max-video-preview:-1\" \/>\n<link rel=\"canonical\" href=\"https:\/\/cursoskitesurftarifa.es\/en\/product\/sudadera-circle-surfer-oneill-balsam-green\/\" \/>\n<meta property=\"og:locale\" content=\"en_GB\" \/>\n<meta property=\"og:type\" content=\"article\" \/>\n<meta property=\"og:title\" content=\"SUDADERA CIRCLE SURFER O&#039;NEILL BALSAM GREEN - Surfertarifa\" \/>\n<meta property=\"og:description\" content=\"Equipo de ajuste regular en tela 100% O&#8217;Neill Blue, con el famoso gr\u00e1fico del hombre surfista. Uno para todas las ocasiones casuales, en cualquier temporada, agregue la sudadera Circle Surfer Crew a su guardarropa hoy. Puede encontrar informaci\u00f3n sobre los materiales utilizados en los art\u00edculos de O&#8217;Neill Blue en la p\u00e1gina Our Ocean Mission.\" \/>\n<meta property=\"og:url\" content=\"https:\/\/cursoskitesurftarifa.es\/en\/product\/sudadera-circle-surfer-oneill-balsam-green\/\" \/>\n<meta property=\"og:site_name\" content=\"Surfertarifa\" \/>\n<meta property=\"article:publisher\" content=\"https:\/\/es-es.facebook.com\/SurferTarifa\/\" \/>\n<meta property=\"article:modified_time\" content=\"2023-05-23T16:51:46+00:00\" \/>\n<meta name=\"twitter:card\" content=\"summary_large_image\" \/>\n<meta name=\"twitter:image\" content=\"https:\/\/cursoskitesurftarifa.es\/wp-content\/uploads\/2023\/01\/N2750009_16025_10_PACK.webp\" \/>\n<meta name=\"twitter:label1\" content=\"Estimated reading time\" \/>\n\t<meta name=\"twitter:data1\" content=\"1 minute\" \/>\n<script type=\"application\/ld+json\" class=\"yoast-schema-graph\">{\"@context\":\"https:\/\/schema.org\",\"@graph\":[{\"@type\":\"Organization\",\"@id\":\"https:\/\/cursoskitesurftarifa.es\/#organization\",\"name\":\"Surfertarifa\",\"url\":\"https:\/\/cursoskitesurftarifa.es\/\",\"sameAs\":[\"https:\/\/es-es.facebook.com\/SurferTarifa\/\",\"https:\/\/www.instagram.com\/surfertarifa\/\"],\"logo\":{\"@type\":\"ImageObject\",\"@id\":\"https:\/\/cursoskitesurftarifa.es\/#logo\",\"inLanguage\":\"en-GB\",\"url\":\"https:\/\/surfertarifa.com\/wp-content\/uploads\/2021\/04\/logo-surfer-1.png\",\"contentUrl\":\"https:\/\/surfertarifa.com\/wp-content\/uploads\/2021\/04\/logo-surfer-1.png\",\"width\":90,\"height\":90,\"caption\":\"Surfertarifa\"},\"image\":{\"@id\":\"https:\/\/cursoskitesurftarifa.es\/#logo\"}},{\"@type\":\"WebSite\",\"@id\":\"https:\/\/cursoskitesurftarifa.es\/#website\",\"url\":\"https:\/\/cursoskitesurftarifa.es\/\",\"name\":\"Surfertarifa\",\"description\":\"Tienda de surf online\",\"publisher\":{\"@id\":\"https:\/\/cursoskitesurftarifa.es\/#organization\"},\"potentialAction\":[{\"@type\":\"SearchAction\",\"target\":{\"@type\":\"EntryPoint\",\"urlTemplate\":\"https:\/\/cursoskitesurftarifa.es\/?s={search_term_string}\"},\"query-input\":\"required name=search_term_string\"}],\"inLanguage\":\"en-GB\"},{\"@type\":\"ImageObject\",\"@id\":\"https:\/\/cursoskitesurftarifa.es\/product\/sudadera-circle-surfer-oneill-balsam-green\/#primaryimage\",\"inLanguage\":\"en-GB\",\"url\":\"https:\/\/cursoskitesurftarifa.es\/wp-content\/uploads\/2023\/01\/N2750009_16025_10_PACK.webp\",\"contentUrl\":\"https:\/\/cursoskitesurftarifa.es\/wp-content\/uploads\/2023\/01\/N2750009_16025_10_PACK.webp\",\"width\":813,\"height\":1250,\"caption\":\"SUDADERA CIRCLE SURFER O'NEILL BALSAM GREEN\"},{\"@type\":\"WebPage\",\"@id\":\"https:\/\/cursoskitesurftarifa.es\/product\/sudadera-circle-surfer-oneill-balsam-green\/#webpage\",\"url\":\"https:\/\/cursoskitesurftarifa.es\/product\/sudadera-circle-surfer-oneill-balsam-green\/\",\"name\":\"SUDADERA CIRCLE SURFER O'NEILL BALSAM GREEN - Surfertarifa\",\"isPartOf\":{\"@id\":\"https:\/\/cursoskitesurftarifa.es\/#website\"},\"primaryImageOfPage\":{\"@id\":\"https:\/\/cursoskitesurftarifa.es\/product\/sudadera-circle-surfer-oneill-balsam-green\/#primaryimage\"},\"datePublished\":\"2023-01-31T18:49:05+00:00\",\"dateModified\":\"2023-05-23T16:51:46+00:00\",\"breadcrumb\":{\"@id\":\"https:\/\/cursoskitesurftarifa.es\/product\/sudadera-circle-surfer-oneill-balsam-green\/#breadcrumb\"},\"inLanguage\":\"en-GB\",\"potentialAction\":[{\"@type\":\"ReadAction\",\"target\":[\"https:\/\/cursoskitesurftarifa.es\/product\/sudadera-circle-surfer-oneill-balsam-green\/\"]}]},{\"@type\":\"BreadcrumbList\",\"@id\":\"https:\/\/cursoskitesurftarifa.es\/product\/sudadera-circle-surfer-oneill-balsam-green\/#breadcrumb\",\"itemListElement\":[{\"@type\":\"ListItem\",\"position\":1,\"name\":\"Portada\",\"item\":\"https:\/\/cursoskitesurftarifa.es\/\"},{\"@type\":\"ListItem\",\"position\":2,\"name\":\"Shop\",\"item\":\"https:\/\/cursoskitesurftarifa.es\/shop\/\"},{\"@type\":\"ListItem\",\"position\":3,\"name\":\"SUDADERA CIRCLE SURFER O&#8217;NEILL BALSAM GREEN\"}]}]}<\/script>\n<!-- \/ Yoast SEO plugin. -->","yoast_head_json":{"title":"SUDADERA CIRCLE SURFER O'NEILL BALSAM GREEN - Surfertarifa","robots":{"index":"index","follow":"follow","max-snippet":"max-snippet:-1","max-image-preview":"max-image-preview:large","max-video-preview":"max-video-preview:-1"},"canonical":"https:\/\/cursoskitesurftarifa.es\/en\/product\/sudadera-circle-surfer-oneill-balsam-green\/","og_locale":"en_GB","og_type":"article","og_title":"SUDADERA CIRCLE SURFER O'NEILL BALSAM GREEN - Surfertarifa","og_description":"Equipo de ajuste regular en tela 100% O&#8217;Neill Blue, con el famoso gr\u00e1fico del hombre surfista. Uno para todas las ocasiones casuales, en cualquier temporada, agregue la sudadera Circle Surfer Crew a su guardarropa hoy. Puede encontrar informaci\u00f3n sobre los materiales utilizados en los art\u00edculos de O&#8217;Neill Blue en la p\u00e1gina Our Ocean Mission.","og_url":"https:\/\/cursoskitesurftarifa.es\/en\/product\/sudadera-circle-surfer-oneill-balsam-green\/","og_site_name":"Surfertarifa","article_publisher":"https:\/\/es-es.facebook.com\/SurferTarifa\/","article_modified_time":"2023-05-23T16:51:46+00:00","twitter_card":"summary_large_image","twitter_image":"https:\/\/cursoskitesurftarifa.es\/wp-content\/uploads\/2023\/01\/N2750009_16025_10_PACK.webp","twitter_misc":{"Estimated reading time":"1 minute"},"schema":{"@context":"https:\/\/schema.org","@graph":[{"@type":"Organization","@id":"https:\/\/cursoskitesurftarifa.es\/#organization","name":"Surfertarifa","url":"https:\/\/cursoskitesurftarifa.es\/","sameAs":["https:\/\/es-es.facebook.com\/SurferTarifa\/","https:\/\/www.instagram.com\/surfertarifa\/"],"logo":{"@type":"ImageObject","@id":"https:\/\/cursoskitesurftarifa.es\/#logo","inLanguage":"en-GB","url":"https:\/\/surfertarifa.com\/wp-content\/uploads\/2021\/04\/logo-surfer-1.png","contentUrl":"https:\/\/surfertarifa.com\/wp-content\/uploads\/2021\/04\/logo-surfer-1.png","width":90,"height":90,"caption":"Surfertarifa"},"image":{"@id":"https:\/\/cursoskitesurftarifa.es\/#logo"}},{"@type":"WebSite","@id":"https:\/\/cursoskitesurftarifa.es\/#website","url":"https:\/\/cursoskitesurftarifa.es\/","name":"Surfertarifa","description":"Tienda de surf online","publisher":{"@id":"https:\/\/cursoskitesurftarifa.es\/#organization"},"potentialAction":[{"@type":"SearchAction","target":{"@type":"EntryPoint","urlTemplate":"https:\/\/cursoskitesurftarifa.es\/?s={search_term_string}"},"query-input":"required name=search_term_string"}],"inLanguage":"en-GB"},{"@type":"ImageObject","@id":"https:\/\/cursoskitesurftarifa.es\/product\/sudadera-circle-surfer-oneill-balsam-green\/#primaryimage","inLanguage":"en-GB","url":"https:\/\/cursoskitesurftarifa.es\/wp-content\/uploads\/2023\/01\/N2750009_16025_10_PACK.webp","contentUrl":"https:\/\/cursoskitesurftarifa.es\/wp-content\/uploads\/2023\/01\/N2750009_16025_10_PACK.webp","width":813,"height":1250,"caption":"SUDADERA CIRCLE SURFER O'NEILL BALSAM GREEN"},{"@type":"WebPage","@id":"https:\/\/cursoskitesurftarifa.es\/product\/sudadera-circle-surfer-oneill-balsam-green\/#webpage","url":"https:\/\/cursoskitesurftarifa.es\/product\/sudadera-circle-surfer-oneill-balsam-green\/","name":"SUDADERA CIRCLE SURFER O'NEILL BALSAM GREEN - Surfertarifa","isPartOf":{"@id":"https:\/\/cursoskitesurftarifa.es\/#website"},"primaryImageOfPage":{"@id":"https:\/\/cursoskitesurftarifa.es\/product\/sudadera-circle-surfer-oneill-balsam-green\/#primaryimage"},"datePublished":"2023-01-31T18:49:05+00:00","dateModified":"2023-05-23T16:51:46+00:00","breadcrumb":{"@id":"https:\/\/cursoskitesurftarifa.es\/product\/sudadera-circle-surfer-oneill-balsam-green\/#breadcrumb"},"inLanguage":"en-GB","potentialAction":[{"@type":"ReadAction","target":["https:\/\/cursoskitesurftarifa.es\/product\/sudadera-circle-surfer-oneill-balsam-green\/"]}]},{"@type":"BreadcrumbList","@id":"https:\/\/cursoskitesurftarifa.es\/product\/sudadera-circle-surfer-oneill-balsam-green\/#breadcrumb","itemListElement":[{"@type":"ListItem","position":1,"name":"Portada","item":"https:\/\/cursoskitesurftarifa.es\/"},{"@type":"ListItem","position":2,"name":"Shop","item":"https:\/\/cursoskitesurftarifa.es\/shop\/"},{"@type":"ListItem","position":3,"name":"SUDADERA CIRCLE SURFER O&#8217;NEILL BALSAM GREEN"}]}]}},"_links":{"self":[{"href":"https:\/\/cursoskitesurftarifa.es\/en\/wp-json\/wp\/v2\/product\/6182"}],"collection":[{"href":"https:\/\/cursoskitesurftarifa.es\/en\/wp-json\/wp\/v2\/product"}],"about":[{"href":"https:\/\/cursoskitesurftarifa.es\/en\/wp-json\/wp\/v2\/types\/product"}],"replies":[{"embeddable":true,"href":"https:\/\/cursoskitesurftarifa.es\/en\/wp-json\/wp\/v2\/comments?post=6182"}],"wp:featuredmedia":[{"embeddable":true,"href":"https:\/\/cursoskitesurftarifa.es\/en\/wp-json\/wp\/v2\/media\/6183"}],"wp:attachment":[{"href":"https:\/\/cursoskitesurftarifa.es\/en\/wp-json\/wp\/v2\/media?parent=6182"}],"wp:term":[{"taxonomy":"product_cat","embeddable":true,"href":"https:\/\/cursoskitesurftarifa.es\/en\/wp-json\/wp\/v2\/product_cat?post=6182"},{"taxonomy":"product_tag","embeddable":true,"href":"https:\/\/cursoskitesurftarifa.es\/en\/wp-json\/wp\/v2\/product_tag?post=6182"}],"curies":[{"name":"wp","href":"https:\/\/api.w.org\/{rel}","templated":true}]}}