{"id":6579,"date":"2023-02-06T12:28:46","date_gmt":"2023-02-06T12:28:46","guid":{"rendered":"https:\/\/surfertarifa.com\/?post_type=product&#038;p=6579"},"modified":"2023-02-06T12:28:46","modified_gmt":"2023-02-06T12:28:46","slug":"sudadera-sin-capucha-balance-billabong","status":"publish","type":"product","link":"https:\/\/cursoskitesurftarifa.es\/en\/product\/sudadera-sin-capucha-balance-billabong\/","title":{"rendered":"SUDADERA SIN CAPUCHA BALANCE BILLABONG"},"content":{"rendered":"<ul>\n<li><span style=\"color: #282828;\"><strong>Eco-tejido\u00a0<\/strong>polar con lado interior sin cepillar, mezcla de poli\u00e9ster reciclado y algod\u00f3n org\u00e1nico [280 g\/m2]<\/span><\/li>\n<li><span style=\"color: #282828;\"><strong>Tecnolog\u00eda:<\/strong>\u00a0protecci\u00f3n solar UPF 50<\/span><\/li>\n<li><span style=\"color: #282828;\"><strong>Corte:<\/strong>\u00a0Corte normal<\/span><\/li>\n<li><span style=\"color: #282828;\"><strong>Cuello:<\/strong>\u00a0Cuello redondo<\/span><\/li>\n<li><span style=\"color: #282828;\"><strong>Mangas:<\/strong>\u00a0Mangas largas<\/span><\/li>\n<li><span style=\"color: #282828;\"><strong>Marca:<\/strong>\u00a0detalles serigrafiados en el pecho y la parte trasera<\/span><\/li>\n<li><span style=\"color: #282828;\">Otras caracter\u00edsticas: etiqueta en el dobladillo<\/span><\/li>\n<\/ul>","protected":false},"excerpt":{"rendered":"<p>Eco-tejido\u00a0polar con lado interior sin cepillar, mezcla de poli\u00e9ster reciclado y algod\u00f3n org\u00e1nico [280 g\/m2] Tecnolog\u00eda:\u00a0protecci\u00f3n solar UPF 50 Corte:\u00a0Corte normal Cuello:\u00a0Cuello redondo Mangas:\u00a0Mangas largas Marca:\u00a0detalles serigrafiados en el pecho y la parte trasera Otras caracter\u00edsticas: etiqueta en el dobladillo<\/p>","protected":false},"featured_media":6581,"comment_status":"open","ping_status":"closed","template":"","meta":{"spay_email":""},"product_cat":[110,134],"product_tag":[],"brands":[{"id":119,"name":"Billabong","slug":"billabong"}],"yoast_head":"<!-- This site is optimized with the Yoast SEO plugin v17.0 - https:\/\/yoast.com\/wordpress\/plugins\/seo\/ -->\n<title>SUDADERA SIN CAPUCHA BALANCE BILLABONG - Surfertarifa<\/title>\n<meta name=\"robots\" content=\"index, follow, max-snippet:-1, max-image-preview:large, max-video-preview:-1\" \/>\n<link rel=\"canonical\" href=\"https:\/\/cursoskitesurftarifa.es\/en\/product\/sudadera-sin-capucha-balance-billabong\/\" \/>\n<meta property=\"og:locale\" content=\"en_GB\" \/>\n<meta property=\"og:type\" content=\"article\" \/>\n<meta property=\"og:title\" content=\"SUDADERA SIN CAPUCHA BALANCE BILLABONG - Surfertarifa\" \/>\n<meta property=\"og:description\" content=\"Eco-tejido\u00a0polar con lado interior sin cepillar, mezcla de poli\u00e9ster reciclado y algod\u00f3n org\u00e1nico [280 g\/m2] Tecnolog\u00eda:\u00a0protecci\u00f3n solar UPF 50 Corte:\u00a0Corte normal Cuello:\u00a0Cuello redondo Mangas:\u00a0Mangas largas Marca:\u00a0detalles serigrafiados en el pecho y la parte trasera Otras caracter\u00edsticas: etiqueta en el dobladillo\" \/>\n<meta property=\"og:url\" content=\"https:\/\/cursoskitesurftarifa.es\/en\/product\/sudadera-sin-capucha-balance-billabong\/\" \/>\n<meta property=\"og:site_name\" content=\"Surfertarifa\" \/>\n<meta property=\"article:publisher\" content=\"https:\/\/es-es.facebook.com\/SurferTarifa\/\" \/>\n<meta property=\"og:image\" content=\"https:\/\/surfertarifa.com\/wp-content\/uploads\/2023\/02\/ebysf00112_billabongw_waa_frt1.jpg\" \/>\n\t<meta property=\"og:image:width\" content=\"1117\" \/>\n\t<meta property=\"og:image:height\" content=\"1396\" \/>\n<meta name=\"twitter:card\" content=\"summary_large_image\" \/>\n<meta name=\"twitter:label1\" content=\"Estimated reading time\" \/>\n\t<meta name=\"twitter:data1\" content=\"1 minute\" \/>\n<script type=\"application\/ld+json\" class=\"yoast-schema-graph\">{\"@context\":\"https:\/\/schema.org\",\"@graph\":[{\"@type\":\"Organization\",\"@id\":\"https:\/\/cursoskitesurftarifa.es\/#organization\",\"name\":\"Surfertarifa\",\"url\":\"https:\/\/cursoskitesurftarifa.es\/\",\"sameAs\":[\"https:\/\/es-es.facebook.com\/SurferTarifa\/\",\"https:\/\/www.instagram.com\/surfertarifa\/\"],\"logo\":{\"@type\":\"ImageObject\",\"@id\":\"https:\/\/cursoskitesurftarifa.es\/#logo\",\"inLanguage\":\"en-GB\",\"url\":\"https:\/\/surfertarifa.com\/wp-content\/uploads\/2021\/04\/logo-surfer-1.png\",\"contentUrl\":\"https:\/\/surfertarifa.com\/wp-content\/uploads\/2021\/04\/logo-surfer-1.png\",\"width\":90,\"height\":90,\"caption\":\"Surfertarifa\"},\"image\":{\"@id\":\"https:\/\/cursoskitesurftarifa.es\/#logo\"}},{\"@type\":\"WebSite\",\"@id\":\"https:\/\/cursoskitesurftarifa.es\/#website\",\"url\":\"https:\/\/cursoskitesurftarifa.es\/\",\"name\":\"Surfertarifa\",\"description\":\"Tienda de surf online\",\"publisher\":{\"@id\":\"https:\/\/cursoskitesurftarifa.es\/#organization\"},\"potentialAction\":[{\"@type\":\"SearchAction\",\"target\":{\"@type\":\"EntryPoint\",\"urlTemplate\":\"https:\/\/cursoskitesurftarifa.es\/?s={search_term_string}\"},\"query-input\":\"required name=search_term_string\"}],\"inLanguage\":\"en-GB\"},{\"@type\":\"ImageObject\",\"@id\":\"https:\/\/cursoskitesurftarifa.es\/product\/sudadera-sin-capucha-balance-billabong\/#primaryimage\",\"inLanguage\":\"en-GB\",\"url\":\"https:\/\/cursoskitesurftarifa.es\/wp-content\/uploads\/2023\/02\/ebysf00112_billabongw_waa_frt1.jpg\",\"contentUrl\":\"https:\/\/cursoskitesurftarifa.es\/wp-content\/uploads\/2023\/02\/ebysf00112_billabongw_waa_frt1.jpg\",\"width\":1117,\"height\":1396,\"caption\":\"SUDADERA SIN CAPUCHA BALANCE BILLABONG\"},{\"@type\":\"WebPage\",\"@id\":\"https:\/\/cursoskitesurftarifa.es\/product\/sudadera-sin-capucha-balance-billabong\/#webpage\",\"url\":\"https:\/\/cursoskitesurftarifa.es\/product\/sudadera-sin-capucha-balance-billabong\/\",\"name\":\"SUDADERA SIN CAPUCHA BALANCE BILLABONG - Surfertarifa\",\"isPartOf\":{\"@id\":\"https:\/\/cursoskitesurftarifa.es\/#website\"},\"primaryImageOfPage\":{\"@id\":\"https:\/\/cursoskitesurftarifa.es\/product\/sudadera-sin-capucha-balance-billabong\/#primaryimage\"},\"datePublished\":\"2023-02-06T12:28:46+00:00\",\"dateModified\":\"2023-02-06T12:28:46+00:00\",\"breadcrumb\":{\"@id\":\"https:\/\/cursoskitesurftarifa.es\/product\/sudadera-sin-capucha-balance-billabong\/#breadcrumb\"},\"inLanguage\":\"en-GB\",\"potentialAction\":[{\"@type\":\"ReadAction\",\"target\":[\"https:\/\/cursoskitesurftarifa.es\/product\/sudadera-sin-capucha-balance-billabong\/\"]}]},{\"@type\":\"BreadcrumbList\",\"@id\":\"https:\/\/cursoskitesurftarifa.es\/product\/sudadera-sin-capucha-balance-billabong\/#breadcrumb\",\"itemListElement\":[{\"@type\":\"ListItem\",\"position\":1,\"name\":\"Portada\",\"item\":\"https:\/\/cursoskitesurftarifa.es\/\"},{\"@type\":\"ListItem\",\"position\":2,\"name\":\"Shop\",\"item\":\"https:\/\/cursoskitesurftarifa.es\/shop\/\"},{\"@type\":\"ListItem\",\"position\":3,\"name\":\"SUDADERA SIN CAPUCHA BALANCE BILLABONG\"}]}]}<\/script>\n<!-- \/ Yoast SEO plugin. -->","yoast_head_json":{"title":"SUDADERA SIN CAPUCHA BALANCE BILLABONG - Surfertarifa","robots":{"index":"index","follow":"follow","max-snippet":"max-snippet:-1","max-image-preview":"max-image-preview:large","max-video-preview":"max-video-preview:-1"},"canonical":"https:\/\/cursoskitesurftarifa.es\/en\/product\/sudadera-sin-capucha-balance-billabong\/","og_locale":"en_GB","og_type":"article","og_title":"SUDADERA SIN CAPUCHA BALANCE BILLABONG - Surfertarifa","og_description":"Eco-tejido\u00a0polar con lado interior sin cepillar, mezcla de poli\u00e9ster reciclado y algod\u00f3n org\u00e1nico [280 g\/m2] Tecnolog\u00eda:\u00a0protecci\u00f3n solar UPF 50 Corte:\u00a0Corte normal Cuello:\u00a0Cuello redondo Mangas:\u00a0Mangas largas Marca:\u00a0detalles serigrafiados en el pecho y la parte trasera Otras caracter\u00edsticas: etiqueta en el dobladillo","og_url":"https:\/\/cursoskitesurftarifa.es\/en\/product\/sudadera-sin-capucha-balance-billabong\/","og_site_name":"Surfertarifa","article_publisher":"https:\/\/es-es.facebook.com\/SurferTarifa\/","og_image":[{"width":1117,"height":1396,"url":"https:\/\/surfertarifa.com\/wp-content\/uploads\/2023\/02\/ebysf00112_billabongw_waa_frt1.jpg","path":"\/home\/surferta\/public_html\/wp-content\/uploads\/2023\/02\/ebysf00112_billabongw_waa_frt1.jpg","size":"full","id":6581,"alt":"SUDADERA SIN CAPUCHA BALANCE BILLABONG","pixels":1559332,"type":"image\/jpeg"}],"twitter_card":"summary_large_image","twitter_misc":{"Estimated reading time":"1 minute"},"schema":{"@context":"https:\/\/schema.org","@graph":[{"@type":"Organization","@id":"https:\/\/cursoskitesurftarifa.es\/#organization","name":"Surfertarifa","url":"https:\/\/cursoskitesurftarifa.es\/","sameAs":["https:\/\/es-es.facebook.com\/SurferTarifa\/","https:\/\/www.instagram.com\/surfertarifa\/"],"logo":{"@type":"ImageObject","@id":"https:\/\/cursoskitesurftarifa.es\/#logo","inLanguage":"en-GB","url":"https:\/\/surfertarifa.com\/wp-content\/uploads\/2021\/04\/logo-surfer-1.png","contentUrl":"https:\/\/surfertarifa.com\/wp-content\/uploads\/2021\/04\/logo-surfer-1.png","width":90,"height":90,"caption":"Surfertarifa"},"image":{"@id":"https:\/\/cursoskitesurftarifa.es\/#logo"}},{"@type":"WebSite","@id":"https:\/\/cursoskitesurftarifa.es\/#website","url":"https:\/\/cursoskitesurftarifa.es\/","name":"Surfertarifa","description":"Tienda de surf online","publisher":{"@id":"https:\/\/cursoskitesurftarifa.es\/#organization"},"potentialAction":[{"@type":"SearchAction","target":{"@type":"EntryPoint","urlTemplate":"https:\/\/cursoskitesurftarifa.es\/?s={search_term_string}"},"query-input":"required name=search_term_string"}],"inLanguage":"en-GB"},{"@type":"ImageObject","@id":"https:\/\/cursoskitesurftarifa.es\/product\/sudadera-sin-capucha-balance-billabong\/#primaryimage","inLanguage":"en-GB","url":"https:\/\/cursoskitesurftarifa.es\/wp-content\/uploads\/2023\/02\/ebysf00112_billabongw_waa_frt1.jpg","contentUrl":"https:\/\/cursoskitesurftarifa.es\/wp-content\/uploads\/2023\/02\/ebysf00112_billabongw_waa_frt1.jpg","width":1117,"height":1396,"caption":"SUDADERA SIN CAPUCHA BALANCE BILLABONG"},{"@type":"WebPage","@id":"https:\/\/cursoskitesurftarifa.es\/product\/sudadera-sin-capucha-balance-billabong\/#webpage","url":"https:\/\/cursoskitesurftarifa.es\/product\/sudadera-sin-capucha-balance-billabong\/","name":"SUDADERA SIN CAPUCHA BALANCE BILLABONG - Surfertarifa","isPartOf":{"@id":"https:\/\/cursoskitesurftarifa.es\/#website"},"primaryImageOfPage":{"@id":"https:\/\/cursoskitesurftarifa.es\/product\/sudadera-sin-capucha-balance-billabong\/#primaryimage"},"datePublished":"2023-02-06T12:28:46+00:00","dateModified":"2023-02-06T12:28:46+00:00","breadcrumb":{"@id":"https:\/\/cursoskitesurftarifa.es\/product\/sudadera-sin-capucha-balance-billabong\/#breadcrumb"},"inLanguage":"en-GB","potentialAction":[{"@type":"ReadAction","target":["https:\/\/cursoskitesurftarifa.es\/product\/sudadera-sin-capucha-balance-billabong\/"]}]},{"@type":"BreadcrumbList","@id":"https:\/\/cursoskitesurftarifa.es\/product\/sudadera-sin-capucha-balance-billabong\/#breadcrumb","itemListElement":[{"@type":"ListItem","position":1,"name":"Portada","item":"https:\/\/cursoskitesurftarifa.es\/"},{"@type":"ListItem","position":2,"name":"Shop","item":"https:\/\/cursoskitesurftarifa.es\/shop\/"},{"@type":"ListItem","position":3,"name":"SUDADERA SIN CAPUCHA BALANCE BILLABONG"}]}]}},"_links":{"self":[{"href":"https:\/\/cursoskitesurftarifa.es\/en\/wp-json\/wp\/v2\/product\/6579"}],"collection":[{"href":"https:\/\/cursoskitesurftarifa.es\/en\/wp-json\/wp\/v2\/product"}],"about":[{"href":"https:\/\/cursoskitesurftarifa.es\/en\/wp-json\/wp\/v2\/types\/product"}],"replies":[{"embeddable":true,"href":"https:\/\/cursoskitesurftarifa.es\/en\/wp-json\/wp\/v2\/comments?post=6579"}],"wp:featuredmedia":[{"embeddable":true,"href":"https:\/\/cursoskitesurftarifa.es\/en\/wp-json\/wp\/v2\/media\/6581"}],"wp:attachment":[{"href":"https:\/\/cursoskitesurftarifa.es\/en\/wp-json\/wp\/v2\/media?parent=6579"}],"wp:term":[{"taxonomy":"product_cat","embeddable":true,"href":"https:\/\/cursoskitesurftarifa.es\/en\/wp-json\/wp\/v2\/product_cat?post=6579"},{"taxonomy":"product_tag","embeddable":true,"href":"https:\/\/cursoskitesurftarifa.es\/en\/wp-json\/wp\/v2\/product_tag?post=6579"}],"curies":[{"name":"wp","href":"https:\/\/api.w.org\/{rel}","templated":true}]}}