{"id":7102,"date":"2023-02-26T19:00:01","date_gmt":"2023-02-26T19:00:01","guid":{"rendered":"https:\/\/surfertarifa.com\/?post_type=product&#038;p=7102"},"modified":"2023-02-26T19:00:01","modified_gmt":"2023-02-26T19:00:01","slug":"casco-miller-azul-turquesa","status":"publish","type":"product","link":"https:\/\/cursoskitesurftarifa.es\/en\/product\/casco-miller-azul-turquesa\/","title":{"rendered":"CASCO MILLER AZUL TURQUESA"},"content":{"rendered":"<pre id=\"tw-target-text\" class=\"tw-data-text tw-text-large tw-ta\" dir=\"ltr\" data-placeholder=\"Traducci\u00f3n\"><span class=\"Y2IQFc\" lang=\"es\" style=\"font-family: helvetica, arial, sans-serif; color: #282828;\">ABS DE ALTO RENDIMIENTO\r\nS\u00daPER LIGERO\r\nDISE\u00d1O PROFESIONAL DE BAJO AJUSTE\r\nULTRA TRANSPIRABLE\r\nDISE\u00d1O MULTIIMPACTO\r\n\r\nDoblemente certificado por la UNE-EN 1078 tanto para monopatines como para\r\nBikes Exterior ABS muy resistente, ventilaci\u00f3n extra y un mate\r\nfinalizar. Construido con forro de EPS en el interior.\r\nTiene un sistema desmontable con una rueda para ajustar el casco a\r\nel per\u00edmetro de tu cr\u00e1neo.\r\nAcolchado interior, extra confort.\r\nProtecci\u00f3n anti-rozaduras para la barbilla.<\/span><\/pre>","protected":false},"excerpt":{"rendered":"<p>ABS DE ALTO RENDIMIENTO S\u00daPER LIGERO DISE\u00d1O PROFESIONAL DE BAJO AJUSTE ULTRA TRANSPIRABLE DISE\u00d1O MULTIIMPACTO Doblemente certificado por la UNE-EN 1078 tanto para monopatines como para Bikes Exterior ABS muy resistente, ventilaci\u00f3n extra y un mate finalizar. Construido con forro de EPS en el interior. Tiene un sistema desmontable con una rueda para ajustar el [&#8230;]","protected":false},"featured_media":7103,"comment_status":"open","ping_status":"closed","template":"","meta":{"spay_email":""},"product_cat":[113,214],"product_tag":[],"brands":[{"id":300,"name":"MILLER DIVISION","slug":"miller-division"}],"yoast_head":"<!-- This site is optimized with the Yoast SEO plugin v17.0 - https:\/\/yoast.com\/wordpress\/plugins\/seo\/ -->\n<title>CASCO MILLER AZUL TURQUESA - Surfertarifa<\/title>\n<meta name=\"robots\" content=\"index, follow, max-snippet:-1, max-image-preview:large, max-video-preview:-1\" \/>\n<link rel=\"canonical\" href=\"https:\/\/cursoskitesurftarifa.es\/en\/product\/casco-miller-azul-turquesa\/\" \/>\n<meta property=\"og:locale\" content=\"en_GB\" \/>\n<meta property=\"og:type\" content=\"article\" \/>\n<meta property=\"og:title\" content=\"CASCO MILLER AZUL TURQUESA - Surfertarifa\" \/>\n<meta property=\"og:description\" content=\"ABS DE ALTO RENDIMIENTO S\u00daPER LIGERO DISE\u00d1O PROFESIONAL DE BAJO AJUSTE ULTRA TRANSPIRABLE DISE\u00d1O MULTIIMPACTO Doblemente certificado por la UNE-EN 1078 tanto para monopatines como para Bikes Exterior ABS muy resistente, ventilaci\u00f3n extra y un mate finalizar. Construido con forro de EPS en el interior. Tiene un sistema desmontable con una rueda para ajustar el [...]\" \/>\n<meta property=\"og:url\" content=\"https:\/\/cursoskitesurftarifa.es\/en\/product\/casco-miller-azul-turquesa\/\" \/>\n<meta property=\"og:site_name\" content=\"Surfertarifa\" \/>\n<meta property=\"article:publisher\" content=\"https:\/\/es-es.facebook.com\/SurferTarifa\/\" \/>\n<meta property=\"og:image\" content=\"https:\/\/surfertarifa.com\/wp-content\/uploads\/2023\/02\/casco-miller-turquesa-1.jpg\" \/>\n\t<meta property=\"og:image:width\" content=\"1440\" \/>\n\t<meta property=\"og:image:height\" content=\"1440\" \/>\n<meta name=\"twitter:card\" content=\"summary_large_image\" \/>\n<script type=\"application\/ld+json\" class=\"yoast-schema-graph\">{\"@context\":\"https:\/\/schema.org\",\"@graph\":[{\"@type\":\"Organization\",\"@id\":\"https:\/\/cursoskitesurftarifa.es\/#organization\",\"name\":\"Surfertarifa\",\"url\":\"https:\/\/cursoskitesurftarifa.es\/\",\"sameAs\":[\"https:\/\/es-es.facebook.com\/SurferTarifa\/\",\"https:\/\/www.instagram.com\/surfertarifa\/\"],\"logo\":{\"@type\":\"ImageObject\",\"@id\":\"https:\/\/cursoskitesurftarifa.es\/#logo\",\"inLanguage\":\"en-GB\",\"url\":\"https:\/\/surfertarifa.com\/wp-content\/uploads\/2021\/04\/logo-surfer-1.png\",\"contentUrl\":\"https:\/\/surfertarifa.com\/wp-content\/uploads\/2021\/04\/logo-surfer-1.png\",\"width\":90,\"height\":90,\"caption\":\"Surfertarifa\"},\"image\":{\"@id\":\"https:\/\/cursoskitesurftarifa.es\/#logo\"}},{\"@type\":\"WebSite\",\"@id\":\"https:\/\/cursoskitesurftarifa.es\/#website\",\"url\":\"https:\/\/cursoskitesurftarifa.es\/\",\"name\":\"Surfertarifa\",\"description\":\"Tienda de surf online\",\"publisher\":{\"@id\":\"https:\/\/cursoskitesurftarifa.es\/#organization\"},\"potentialAction\":[{\"@type\":\"SearchAction\",\"target\":{\"@type\":\"EntryPoint\",\"urlTemplate\":\"https:\/\/cursoskitesurftarifa.es\/?s={search_term_string}\"},\"query-input\":\"required name=search_term_string\"}],\"inLanguage\":\"en-GB\"},{\"@type\":\"ImageObject\",\"@id\":\"https:\/\/cursoskitesurftarifa.es\/product\/casco-miller-azul-turquesa\/#primaryimage\",\"inLanguage\":\"en-GB\",\"url\":\"https:\/\/cursoskitesurftarifa.es\/wp-content\/uploads\/2023\/02\/casco-miller-turquesa-1.jpg\",\"contentUrl\":\"https:\/\/cursoskitesurftarifa.es\/wp-content\/uploads\/2023\/02\/casco-miller-turquesa-1.jpg\",\"width\":1440,\"height\":1440,\"caption\":\"CASCO MILLER AZUL TURQUESA\"},{\"@type\":\"WebPage\",\"@id\":\"https:\/\/cursoskitesurftarifa.es\/product\/casco-miller-azul-turquesa\/#webpage\",\"url\":\"https:\/\/cursoskitesurftarifa.es\/product\/casco-miller-azul-turquesa\/\",\"name\":\"CASCO MILLER AZUL TURQUESA - Surfertarifa\",\"isPartOf\":{\"@id\":\"https:\/\/cursoskitesurftarifa.es\/#website\"},\"primaryImageOfPage\":{\"@id\":\"https:\/\/cursoskitesurftarifa.es\/product\/casco-miller-azul-turquesa\/#primaryimage\"},\"datePublished\":\"2023-02-26T19:00:01+00:00\",\"dateModified\":\"2023-02-26T19:00:01+00:00\",\"breadcrumb\":{\"@id\":\"https:\/\/cursoskitesurftarifa.es\/product\/casco-miller-azul-turquesa\/#breadcrumb\"},\"inLanguage\":\"en-GB\",\"potentialAction\":[{\"@type\":\"ReadAction\",\"target\":[\"https:\/\/cursoskitesurftarifa.es\/product\/casco-miller-azul-turquesa\/\"]}]},{\"@type\":\"BreadcrumbList\",\"@id\":\"https:\/\/cursoskitesurftarifa.es\/product\/casco-miller-azul-turquesa\/#breadcrumb\",\"itemListElement\":[{\"@type\":\"ListItem\",\"position\":1,\"name\":\"Portada\",\"item\":\"https:\/\/cursoskitesurftarifa.es\/\"},{\"@type\":\"ListItem\",\"position\":2,\"name\":\"Shop\",\"item\":\"https:\/\/cursoskitesurftarifa.es\/shop\/\"},{\"@type\":\"ListItem\",\"position\":3,\"name\":\"CASCO MILLER AZUL TURQUESA\"}]}]}<\/script>\n<!-- \/ Yoast SEO plugin. -->","yoast_head_json":{"title":"CASCO MILLER AZUL TURQUESA - Surfertarifa","robots":{"index":"index","follow":"follow","max-snippet":"max-snippet:-1","max-image-preview":"max-image-preview:large","max-video-preview":"max-video-preview:-1"},"canonical":"https:\/\/cursoskitesurftarifa.es\/en\/product\/casco-miller-azul-turquesa\/","og_locale":"en_GB","og_type":"article","og_title":"CASCO MILLER AZUL TURQUESA - Surfertarifa","og_description":"ABS DE ALTO RENDIMIENTO S\u00daPER LIGERO DISE\u00d1O PROFESIONAL DE BAJO AJUSTE ULTRA TRANSPIRABLE DISE\u00d1O MULTIIMPACTO Doblemente certificado por la UNE-EN 1078 tanto para monopatines como para Bikes Exterior ABS muy resistente, ventilaci\u00f3n extra y un mate finalizar. Construido con forro de EPS en el interior. Tiene un sistema desmontable con una rueda para ajustar el [...]","og_url":"https:\/\/cursoskitesurftarifa.es\/en\/product\/casco-miller-azul-turquesa\/","og_site_name":"Surfertarifa","article_publisher":"https:\/\/es-es.facebook.com\/SurferTarifa\/","og_image":[{"width":1440,"height":1440,"url":"https:\/\/surfertarifa.com\/wp-content\/uploads\/2023\/02\/casco-miller-turquesa-1.jpg","path":"\/home\/surferta\/public_html\/wp-content\/uploads\/2023\/02\/casco-miller-turquesa-1.jpg","size":"full","id":7103,"alt":"CASCO MILLER AZUL TURQUESA","pixels":2073600,"type":"image\/jpeg"}],"twitter_card":"summary_large_image","schema":{"@context":"https:\/\/schema.org","@graph":[{"@type":"Organization","@id":"https:\/\/cursoskitesurftarifa.es\/#organization","name":"Surfertarifa","url":"https:\/\/cursoskitesurftarifa.es\/","sameAs":["https:\/\/es-es.facebook.com\/SurferTarifa\/","https:\/\/www.instagram.com\/surfertarifa\/"],"logo":{"@type":"ImageObject","@id":"https:\/\/cursoskitesurftarifa.es\/#logo","inLanguage":"en-GB","url":"https:\/\/surfertarifa.com\/wp-content\/uploads\/2021\/04\/logo-surfer-1.png","contentUrl":"https:\/\/surfertarifa.com\/wp-content\/uploads\/2021\/04\/logo-surfer-1.png","width":90,"height":90,"caption":"Surfertarifa"},"image":{"@id":"https:\/\/cursoskitesurftarifa.es\/#logo"}},{"@type":"WebSite","@id":"https:\/\/cursoskitesurftarifa.es\/#website","url":"https:\/\/cursoskitesurftarifa.es\/","name":"Surfertarifa","description":"Tienda de surf online","publisher":{"@id":"https:\/\/cursoskitesurftarifa.es\/#organization"},"potentialAction":[{"@type":"SearchAction","target":{"@type":"EntryPoint","urlTemplate":"https:\/\/cursoskitesurftarifa.es\/?s={search_term_string}"},"query-input":"required name=search_term_string"}],"inLanguage":"en-GB"},{"@type":"ImageObject","@id":"https:\/\/cursoskitesurftarifa.es\/product\/casco-miller-azul-turquesa\/#primaryimage","inLanguage":"en-GB","url":"https:\/\/cursoskitesurftarifa.es\/wp-content\/uploads\/2023\/02\/casco-miller-turquesa-1.jpg","contentUrl":"https:\/\/cursoskitesurftarifa.es\/wp-content\/uploads\/2023\/02\/casco-miller-turquesa-1.jpg","width":1440,"height":1440,"caption":"CASCO MILLER AZUL TURQUESA"},{"@type":"WebPage","@id":"https:\/\/cursoskitesurftarifa.es\/product\/casco-miller-azul-turquesa\/#webpage","url":"https:\/\/cursoskitesurftarifa.es\/product\/casco-miller-azul-turquesa\/","name":"CASCO MILLER AZUL TURQUESA - Surfertarifa","isPartOf":{"@id":"https:\/\/cursoskitesurftarifa.es\/#website"},"primaryImageOfPage":{"@id":"https:\/\/cursoskitesurftarifa.es\/product\/casco-miller-azul-turquesa\/#primaryimage"},"datePublished":"2023-02-26T19:00:01+00:00","dateModified":"2023-02-26T19:00:01+00:00","breadcrumb":{"@id":"https:\/\/cursoskitesurftarifa.es\/product\/casco-miller-azul-turquesa\/#breadcrumb"},"inLanguage":"en-GB","potentialAction":[{"@type":"ReadAction","target":["https:\/\/cursoskitesurftarifa.es\/product\/casco-miller-azul-turquesa\/"]}]},{"@type":"BreadcrumbList","@id":"https:\/\/cursoskitesurftarifa.es\/product\/casco-miller-azul-turquesa\/#breadcrumb","itemListElement":[{"@type":"ListItem","position":1,"name":"Portada","item":"https:\/\/cursoskitesurftarifa.es\/"},{"@type":"ListItem","position":2,"name":"Shop","item":"https:\/\/cursoskitesurftarifa.es\/shop\/"},{"@type":"ListItem","position":3,"name":"CASCO MILLER AZUL TURQUESA"}]}]}},"_links":{"self":[{"href":"https:\/\/cursoskitesurftarifa.es\/en\/wp-json\/wp\/v2\/product\/7102"}],"collection":[{"href":"https:\/\/cursoskitesurftarifa.es\/en\/wp-json\/wp\/v2\/product"}],"about":[{"href":"https:\/\/cursoskitesurftarifa.es\/en\/wp-json\/wp\/v2\/types\/product"}],"replies":[{"embeddable":true,"href":"https:\/\/cursoskitesurftarifa.es\/en\/wp-json\/wp\/v2\/comments?post=7102"}],"wp:featuredmedia":[{"embeddable":true,"href":"https:\/\/cursoskitesurftarifa.es\/en\/wp-json\/wp\/v2\/media\/7103"}],"wp:attachment":[{"href":"https:\/\/cursoskitesurftarifa.es\/en\/wp-json\/wp\/v2\/media?parent=7102"}],"wp:term":[{"taxonomy":"product_cat","embeddable":true,"href":"https:\/\/cursoskitesurftarifa.es\/en\/wp-json\/wp\/v2\/product_cat?post=7102"},{"taxonomy":"product_tag","embeddable":true,"href":"https:\/\/cursoskitesurftarifa.es\/en\/wp-json\/wp\/v2\/product_tag?post=7102"}],"curies":[{"name":"wp","href":"https:\/\/api.w.org\/{rel}","templated":true}]}}