{"id":7330,"date":"2023-03-29T11:57:03","date_gmt":"2023-03-29T11:57:03","guid":{"rendered":"https:\/\/surfertarifa.com\/?post_type=product&#038;p=7330"},"modified":"2023-03-29T11:57:04","modified_gmt":"2023-03-29T11:57:04","slug":"chaleco-impacto-ion-vest-ivy-front-zip-pink","status":"publish","type":"product","link":"https:\/\/cursoskitesurftarifa.es\/en\/product\/chaleco-impacto-ion-vest-ivy-front-zip-pink\/","title":{"rendered":"CHALECO IMPACTO ION VEST IVY FRONT ZIP PINK"},"content":{"rendered":"<p><span style=\"font-family: helvetica, arial, sans-serif; color: #282828;\">\u00a1Consigue el poco de confianza extra que necesitas para lograr tu nuevo truco! El Ivy Vest Women FZ brinda protecci\u00f3n adicional, todo envuelto en una experiencia de uso sin complicaciones gracias a su cremallera frontal de f\u00e1cil entrada.<\/span><br \/>\n<span style=\"font-family: helvetica, arial, sans-serif; color: #282828;\">Siempre impulsando la innovaci\u00f3n y el dise\u00f1o, nos enorgullecemos de la construcci\u00f3n optimizada y los detalles intrincados que creemos que marcan la diferencia. Desde 2011, nos hemos asegurado de que todos los chalecos ION cumplan con los est\u00e1ndares CE y pasen el riguroso proceso de prueba de acuerdo con PPD89\/686\/EEC<\/span><br \/>\n<span style=\"font-family: helvetica, arial, sans-serif; color: #282828;\">Conduzca duro, conduzca seguro.<\/span><\/p>","protected":false},"excerpt":{"rendered":"<p>\u00a1Consigue el poco de confianza extra que necesitas para lograr tu nuevo truco! El Ivy Vest Women FZ brinda protecci\u00f3n adicional, todo envuelto en una experiencia de uso sin complicaciones gracias a su cremallera frontal de f\u00e1cil entrada. Siempre impulsando la innovaci\u00f3n y el dise\u00f1o, nos enorgullecemos de la construcci\u00f3n optimizada y los detalles intrincados [&#8230;]","protected":false},"featured_media":7331,"comment_status":"open","ping_status":"closed","template":"","meta":{"spay_email":""},"product_cat":[113,198],"product_tag":[],"brands":[{"id":128,"name":"Ion","slug":"ion"}],"yoast_head":"<!-- This site is optimized with the Yoast SEO plugin v17.0 - https:\/\/yoast.com\/wordpress\/plugins\/seo\/ -->\n<title>CHALECO IMPACTO ION VEST IVY FRONT ZIP PINK - Surfertarifa<\/title>\n<meta name=\"robots\" content=\"index, follow, max-snippet:-1, max-image-preview:large, max-video-preview:-1\" \/>\n<link rel=\"canonical\" href=\"https:\/\/cursoskitesurftarifa.es\/en\/product\/chaleco-impacto-ion-vest-ivy-front-zip-pink\/\" \/>\n<meta property=\"og:locale\" content=\"en_GB\" \/>\n<meta property=\"og:type\" content=\"article\" \/>\n<meta property=\"og:title\" content=\"CHALECO IMPACTO ION VEST IVY FRONT ZIP PINK - Surfertarifa\" \/>\n<meta property=\"og:description\" content=\"\u00a1Consigue el poco de confianza extra que necesitas para lograr tu nuevo truco! El Ivy Vest Women FZ brinda protecci\u00f3n adicional, todo envuelto en una experiencia de uso sin complicaciones gracias a su cremallera frontal de f\u00e1cil entrada. Siempre impulsando la innovaci\u00f3n y el dise\u00f1o, nos enorgullecemos de la construcci\u00f3n optimizada y los detalles intrincados [...]\" \/>\n<meta property=\"og:url\" content=\"https:\/\/cursoskitesurftarifa.es\/en\/product\/chaleco-impacto-ion-vest-ivy-front-zip-pink\/\" \/>\n<meta property=\"og:site_name\" content=\"Surfertarifa\" \/>\n<meta property=\"article:publisher\" content=\"https:\/\/es-es.facebook.com\/SurferTarifa\/\" \/>\n<meta property=\"article:modified_time\" content=\"2023-03-29T11:57:04+00:00\" \/>\n<meta property=\"og:image\" content=\"https:\/\/surfertarifa.com\/wp-content\/uploads\/2023\/03\/48233-4169_4.jpg\" \/>\n\t<meta property=\"og:image:width\" content=\"320\" \/>\n\t<meta property=\"og:image:height\" content=\"320\" \/>\n<meta name=\"twitter:card\" content=\"summary_large_image\" \/>\n<script type=\"application\/ld+json\" class=\"yoast-schema-graph\">{\"@context\":\"https:\/\/schema.org\",\"@graph\":[{\"@type\":\"Organization\",\"@id\":\"https:\/\/cursoskitesurftarifa.es\/#organization\",\"name\":\"Surfertarifa\",\"url\":\"https:\/\/cursoskitesurftarifa.es\/\",\"sameAs\":[\"https:\/\/es-es.facebook.com\/SurferTarifa\/\",\"https:\/\/www.instagram.com\/surfertarifa\/\"],\"logo\":{\"@type\":\"ImageObject\",\"@id\":\"https:\/\/cursoskitesurftarifa.es\/#logo\",\"inLanguage\":\"en-GB\",\"url\":\"https:\/\/surfertarifa.com\/wp-content\/uploads\/2021\/04\/logo-surfer-1.png\",\"contentUrl\":\"https:\/\/surfertarifa.com\/wp-content\/uploads\/2021\/04\/logo-surfer-1.png\",\"width\":90,\"height\":90,\"caption\":\"Surfertarifa\"},\"image\":{\"@id\":\"https:\/\/cursoskitesurftarifa.es\/#logo\"}},{\"@type\":\"WebSite\",\"@id\":\"https:\/\/cursoskitesurftarifa.es\/#website\",\"url\":\"https:\/\/cursoskitesurftarifa.es\/\",\"name\":\"Surfertarifa\",\"description\":\"Tienda de surf online\",\"publisher\":{\"@id\":\"https:\/\/cursoskitesurftarifa.es\/#organization\"},\"potentialAction\":[{\"@type\":\"SearchAction\",\"target\":{\"@type\":\"EntryPoint\",\"urlTemplate\":\"https:\/\/cursoskitesurftarifa.es\/?s={search_term_string}\"},\"query-input\":\"required name=search_term_string\"}],\"inLanguage\":\"en-GB\"},{\"@type\":\"ImageObject\",\"@id\":\"https:\/\/cursoskitesurftarifa.es\/product\/chaleco-impacto-ion-vest-ivy-front-zip-pink\/#primaryimage\",\"inLanguage\":\"en-GB\",\"url\":\"https:\/\/cursoskitesurftarifa.es\/wp-content\/uploads\/2023\/03\/48233-4169_4.jpg\",\"contentUrl\":\"https:\/\/cursoskitesurftarifa.es\/wp-content\/uploads\/2023\/03\/48233-4169_4.jpg\",\"width\":320,\"height\":320,\"caption\":\"CHALECO IMPACTO ION VEST IVY FRONT ZIP PINK\"},{\"@type\":\"WebPage\",\"@id\":\"https:\/\/cursoskitesurftarifa.es\/product\/chaleco-impacto-ion-vest-ivy-front-zip-pink\/#webpage\",\"url\":\"https:\/\/cursoskitesurftarifa.es\/product\/chaleco-impacto-ion-vest-ivy-front-zip-pink\/\",\"name\":\"CHALECO IMPACTO ION VEST IVY FRONT ZIP PINK - Surfertarifa\",\"isPartOf\":{\"@id\":\"https:\/\/cursoskitesurftarifa.es\/#website\"},\"primaryImageOfPage\":{\"@id\":\"https:\/\/cursoskitesurftarifa.es\/product\/chaleco-impacto-ion-vest-ivy-front-zip-pink\/#primaryimage\"},\"datePublished\":\"2023-03-29T11:57:03+00:00\",\"dateModified\":\"2023-03-29T11:57:04+00:00\",\"breadcrumb\":{\"@id\":\"https:\/\/cursoskitesurftarifa.es\/product\/chaleco-impacto-ion-vest-ivy-front-zip-pink\/#breadcrumb\"},\"inLanguage\":\"en-GB\",\"potentialAction\":[{\"@type\":\"ReadAction\",\"target\":[\"https:\/\/cursoskitesurftarifa.es\/product\/chaleco-impacto-ion-vest-ivy-front-zip-pink\/\"]}]},{\"@type\":\"BreadcrumbList\",\"@id\":\"https:\/\/cursoskitesurftarifa.es\/product\/chaleco-impacto-ion-vest-ivy-front-zip-pink\/#breadcrumb\",\"itemListElement\":[{\"@type\":\"ListItem\",\"position\":1,\"name\":\"Portada\",\"item\":\"https:\/\/cursoskitesurftarifa.es\/\"},{\"@type\":\"ListItem\",\"position\":2,\"name\":\"Shop\",\"item\":\"https:\/\/cursoskitesurftarifa.es\/shop\/\"},{\"@type\":\"ListItem\",\"position\":3,\"name\":\"CHALECO IMPACTO ION VEST IVY FRONT ZIP PINK\"}]}]}<\/script>\n<!-- \/ Yoast SEO plugin. -->","yoast_head_json":{"title":"CHALECO IMPACTO ION VEST IVY FRONT ZIP PINK - Surfertarifa","robots":{"index":"index","follow":"follow","max-snippet":"max-snippet:-1","max-image-preview":"max-image-preview:large","max-video-preview":"max-video-preview:-1"},"canonical":"https:\/\/cursoskitesurftarifa.es\/en\/product\/chaleco-impacto-ion-vest-ivy-front-zip-pink\/","og_locale":"en_GB","og_type":"article","og_title":"CHALECO IMPACTO ION VEST IVY FRONT ZIP PINK - Surfertarifa","og_description":"\u00a1Consigue el poco de confianza extra que necesitas para lograr tu nuevo truco! El Ivy Vest Women FZ brinda protecci\u00f3n adicional, todo envuelto en una experiencia de uso sin complicaciones gracias a su cremallera frontal de f\u00e1cil entrada. Siempre impulsando la innovaci\u00f3n y el dise\u00f1o, nos enorgullecemos de la construcci\u00f3n optimizada y los detalles intrincados [...]","og_url":"https:\/\/cursoskitesurftarifa.es\/en\/product\/chaleco-impacto-ion-vest-ivy-front-zip-pink\/","og_site_name":"Surfertarifa","article_publisher":"https:\/\/es-es.facebook.com\/SurferTarifa\/","article_modified_time":"2023-03-29T11:57:04+00:00","og_image":[{"width":320,"height":320,"url":"https:\/\/surfertarifa.com\/wp-content\/uploads\/2023\/03\/48233-4169_4.jpg","path":"\/home\/surferta\/public_html\/wp-content\/uploads\/2023\/03\/48233-4169_4.jpg","size":"full","id":7331,"alt":"CHALECO IMPACTO ION VEST IVY FRONT ZIP PINK","pixels":102400,"type":"image\/jpeg"}],"twitter_card":"summary_large_image","schema":{"@context":"https:\/\/schema.org","@graph":[{"@type":"Organization","@id":"https:\/\/cursoskitesurftarifa.es\/#organization","name":"Surfertarifa","url":"https:\/\/cursoskitesurftarifa.es\/","sameAs":["https:\/\/es-es.facebook.com\/SurferTarifa\/","https:\/\/www.instagram.com\/surfertarifa\/"],"logo":{"@type":"ImageObject","@id":"https:\/\/cursoskitesurftarifa.es\/#logo","inLanguage":"en-GB","url":"https:\/\/surfertarifa.com\/wp-content\/uploads\/2021\/04\/logo-surfer-1.png","contentUrl":"https:\/\/surfertarifa.com\/wp-content\/uploads\/2021\/04\/logo-surfer-1.png","width":90,"height":90,"caption":"Surfertarifa"},"image":{"@id":"https:\/\/cursoskitesurftarifa.es\/#logo"}},{"@type":"WebSite","@id":"https:\/\/cursoskitesurftarifa.es\/#website","url":"https:\/\/cursoskitesurftarifa.es\/","name":"Surfertarifa","description":"Tienda de surf online","publisher":{"@id":"https:\/\/cursoskitesurftarifa.es\/#organization"},"potentialAction":[{"@type":"SearchAction","target":{"@type":"EntryPoint","urlTemplate":"https:\/\/cursoskitesurftarifa.es\/?s={search_term_string}"},"query-input":"required name=search_term_string"}],"inLanguage":"en-GB"},{"@type":"ImageObject","@id":"https:\/\/cursoskitesurftarifa.es\/product\/chaleco-impacto-ion-vest-ivy-front-zip-pink\/#primaryimage","inLanguage":"en-GB","url":"https:\/\/cursoskitesurftarifa.es\/wp-content\/uploads\/2023\/03\/48233-4169_4.jpg","contentUrl":"https:\/\/cursoskitesurftarifa.es\/wp-content\/uploads\/2023\/03\/48233-4169_4.jpg","width":320,"height":320,"caption":"CHALECO IMPACTO ION VEST IVY FRONT ZIP PINK"},{"@type":"WebPage","@id":"https:\/\/cursoskitesurftarifa.es\/product\/chaleco-impacto-ion-vest-ivy-front-zip-pink\/#webpage","url":"https:\/\/cursoskitesurftarifa.es\/product\/chaleco-impacto-ion-vest-ivy-front-zip-pink\/","name":"CHALECO IMPACTO ION VEST IVY FRONT ZIP PINK - Surfertarifa","isPartOf":{"@id":"https:\/\/cursoskitesurftarifa.es\/#website"},"primaryImageOfPage":{"@id":"https:\/\/cursoskitesurftarifa.es\/product\/chaleco-impacto-ion-vest-ivy-front-zip-pink\/#primaryimage"},"datePublished":"2023-03-29T11:57:03+00:00","dateModified":"2023-03-29T11:57:04+00:00","breadcrumb":{"@id":"https:\/\/cursoskitesurftarifa.es\/product\/chaleco-impacto-ion-vest-ivy-front-zip-pink\/#breadcrumb"},"inLanguage":"en-GB","potentialAction":[{"@type":"ReadAction","target":["https:\/\/cursoskitesurftarifa.es\/product\/chaleco-impacto-ion-vest-ivy-front-zip-pink\/"]}]},{"@type":"BreadcrumbList","@id":"https:\/\/cursoskitesurftarifa.es\/product\/chaleco-impacto-ion-vest-ivy-front-zip-pink\/#breadcrumb","itemListElement":[{"@type":"ListItem","position":1,"name":"Portada","item":"https:\/\/cursoskitesurftarifa.es\/"},{"@type":"ListItem","position":2,"name":"Shop","item":"https:\/\/cursoskitesurftarifa.es\/shop\/"},{"@type":"ListItem","position":3,"name":"CHALECO IMPACTO ION VEST IVY FRONT ZIP PINK"}]}]}},"_links":{"self":[{"href":"https:\/\/cursoskitesurftarifa.es\/en\/wp-json\/wp\/v2\/product\/7330"}],"collection":[{"href":"https:\/\/cursoskitesurftarifa.es\/en\/wp-json\/wp\/v2\/product"}],"about":[{"href":"https:\/\/cursoskitesurftarifa.es\/en\/wp-json\/wp\/v2\/types\/product"}],"replies":[{"embeddable":true,"href":"https:\/\/cursoskitesurftarifa.es\/en\/wp-json\/wp\/v2\/comments?post=7330"}],"wp:featuredmedia":[{"embeddable":true,"href":"https:\/\/cursoskitesurftarifa.es\/en\/wp-json\/wp\/v2\/media\/7331"}],"wp:attachment":[{"href":"https:\/\/cursoskitesurftarifa.es\/en\/wp-json\/wp\/v2\/media?parent=7330"}],"wp:term":[{"taxonomy":"product_cat","embeddable":true,"href":"https:\/\/cursoskitesurftarifa.es\/en\/wp-json\/wp\/v2\/product_cat?post=7330"},{"taxonomy":"product_tag","embeddable":true,"href":"https:\/\/cursoskitesurftarifa.es\/en\/wp-json\/wp\/v2\/product_tag?post=7330"}],"curies":[{"name":"wp","href":"https:\/\/api.w.org\/{rel}","templated":true}]}}