{"id":7591,"date":"2023-05-15T15:08:44","date_gmt":"2023-05-15T15:08:44","guid":{"rendered":"https:\/\/surfertarifa.com\/?post_type=product&#038;p=7591"},"modified":"2023-05-15T15:13:01","modified_gmt":"2023-05-15T15:13:01","slug":"neopreno-3-2-absolute-billabong-black","status":"publish","type":"product","link":"https:\/\/cursoskitesurftarifa.es\/en\/product\/neopreno-3-2-absolute-billabong-black\/","title":{"rendered":"NEOPRENO 3\/2 ABSOLUTE BILLABONG BLACK"},"content":{"rendered":"<ul class=\"r-slide-action-block-list\">\n<li><span style=\"color: #282828;\"><strong>Tejido:<\/strong>\u00a0mezcla de elastano, nailon, neopreno y poli\u00e9ster Pro Stretch<\/span><\/li>\n<li><span style=\"color: #282828;\">Grafeno combinado con tejido interior el\u00e1stico de silicona<\/span><\/li>\n<li><span style=\"color: #282828;\"><strong>Tecnolog\u00eda:<\/strong>\u00a0Los hilos infundidos con grafeno se calientan m\u00e1s r\u00e1pido y mantienen el calor por m\u00e1s tiempo.<\/span><\/li>\n<li><span style=\"color: #282828;\">Espuma de neopreno: espuma Superlight Foam parcialmente reciclada. Su fabricaci\u00f3n combina neum\u00e1ticos de coche reciclados y restos de neopreno para crear una gran retenci\u00f3n t\u00e9rmica y m\u00e1xima elasticidad.<\/span><\/li>\n<li><span style=\"color: #282828;\">Costuras exteriores: costuras GBS (invisibles, pegadas y cosidas) para m\u00e1xima flexibilidad y m\u00ednima entrada de agua<\/span><\/li>\n<li><span style=\"color: #282828;\">Costuras interiores: cinta Neo Superflex aplicada a m\u00e1quina<\/span><\/li>\n<li><span style=\"color: #282828;\"><strong>Dise\u00f1o:<\/strong>\u00a0traje completo de manga larga<\/span><\/li>\n<li><span style=\"color: #282828;\"><strong>Grosor:<\/strong>\u00a03\/2 mm<\/span><\/li>\n<li><span style=\"color: #282828;\"><strong>Cuello:<\/strong>\u00a0cuello alto<\/span><\/li>\n<li><span style=\"color: #282828;\"><strong>Mangas:<\/strong>\u00a0Mangas largas<\/span><\/li>\n<li><span style=\"color: #282828;\"><strong>Acceso:<\/strong>\u00a0entrada con cremallera en el pecho<\/span>\n<p>&nbsp;<\/li>\n<\/ul>\n<p><span class=\"r-slide-action-block-title\" style=\"color: #282828;\">Composici\u00f3n\u00a0<\/span><\/p>\n<p><span style=\"color: #282828;\">80% Neopreno, 10% Nailon, 10% Poli\u00e9ster<\/span><\/p>","protected":false},"excerpt":{"rendered":"<p>Tejido:\u00a0mezcla de elastano, nailon, neopreno y poli\u00e9ster Pro Stretch Grafeno combinado con tejido interior el\u00e1stico de silicona Tecnolog\u00eda:\u00a0Los hilos infundidos con grafeno se calientan m\u00e1s r\u00e1pido y mantienen el calor por m\u00e1s tiempo. Espuma de neopreno: espuma Superlight Foam parcialmente reciclada. Su fabricaci\u00f3n combina neum\u00e1ticos de coche reciclados y restos de neopreno para crear una [&#8230;]","protected":false},"featured_media":7594,"comment_status":"open","ping_status":"closed","template":"","meta":{"spay_email":""},"product_cat":[110,196],"product_tag":[],"brands":[{"id":119,"name":"Billabong","slug":"billabong"}],"yoast_head":"<!-- This site is optimized with the Yoast SEO plugin v17.0 - https:\/\/yoast.com\/wordpress\/plugins\/seo\/ -->\n<title>NEOPRENO 3\/2 ABSOLUTE BILLABONG BLACK - Surfertarifa<\/title>\n<meta name=\"robots\" content=\"index, follow, max-snippet:-1, max-image-preview:large, max-video-preview:-1\" \/>\n<link rel=\"canonical\" href=\"https:\/\/cursoskitesurftarifa.es\/en\/product\/neopreno-3-2-absolute-billabong-black\/\" \/>\n<meta property=\"og:locale\" content=\"en_GB\" \/>\n<meta property=\"og:type\" content=\"article\" \/>\n<meta property=\"og:title\" content=\"NEOPRENO 3\/2 ABSOLUTE BILLABONG BLACK - Surfertarifa\" \/>\n<meta property=\"og:description\" content=\"Tejido:\u00a0mezcla de elastano, nailon, neopreno y poli\u00e9ster Pro Stretch Grafeno combinado con tejido interior el\u00e1stico de silicona Tecnolog\u00eda:\u00a0Los hilos infundidos con grafeno se calientan m\u00e1s r\u00e1pido y mantienen el calor por m\u00e1s tiempo. Espuma de neopreno: espuma Superlight Foam parcialmente reciclada. Su fabricaci\u00f3n combina neum\u00e1ticos de coche reciclados y restos de neopreno para crear una [...]\" \/>\n<meta property=\"og:url\" content=\"https:\/\/cursoskitesurftarifa.es\/en\/product\/neopreno-3-2-absolute-billabong-black\/\" \/>\n<meta property=\"og:site_name\" content=\"Surfertarifa\" \/>\n<meta property=\"article:publisher\" content=\"https:\/\/es-es.facebook.com\/SurferTarifa\/\" \/>\n<meta property=\"article:modified_time\" content=\"2023-05-15T15:13:01+00:00\" \/>\n<meta property=\"og:image\" content=\"https:\/\/surfertarifa.com\/wp-content\/uploads\/2023\/05\/abyw100192_billabongv_blk_sd1.jpg\" \/>\n\t<meta property=\"og:image:width\" content=\"1117\" \/>\n\t<meta property=\"og:image:height\" content=\"1396\" \/>\n<meta name=\"twitter:card\" content=\"summary_large_image\" \/>\n<meta name=\"twitter:label1\" content=\"Estimated reading time\" \/>\n\t<meta name=\"twitter:data1\" content=\"1 minute\" \/>\n<script type=\"application\/ld+json\" class=\"yoast-schema-graph\">{\"@context\":\"https:\/\/schema.org\",\"@graph\":[{\"@type\":\"Organization\",\"@id\":\"https:\/\/cursoskitesurftarifa.es\/#organization\",\"name\":\"Surfertarifa\",\"url\":\"https:\/\/cursoskitesurftarifa.es\/\",\"sameAs\":[\"https:\/\/es-es.facebook.com\/SurferTarifa\/\",\"https:\/\/www.instagram.com\/surfertarifa\/\"],\"logo\":{\"@type\":\"ImageObject\",\"@id\":\"https:\/\/cursoskitesurftarifa.es\/#logo\",\"inLanguage\":\"en-GB\",\"url\":\"https:\/\/surfertarifa.com\/wp-content\/uploads\/2021\/04\/logo-surfer-1.png\",\"contentUrl\":\"https:\/\/surfertarifa.com\/wp-content\/uploads\/2021\/04\/logo-surfer-1.png\",\"width\":90,\"height\":90,\"caption\":\"Surfertarifa\"},\"image\":{\"@id\":\"https:\/\/cursoskitesurftarifa.es\/#logo\"}},{\"@type\":\"WebSite\",\"@id\":\"https:\/\/cursoskitesurftarifa.es\/#website\",\"url\":\"https:\/\/cursoskitesurftarifa.es\/\",\"name\":\"Surfertarifa\",\"description\":\"Tienda de surf online\",\"publisher\":{\"@id\":\"https:\/\/cursoskitesurftarifa.es\/#organization\"},\"potentialAction\":[{\"@type\":\"SearchAction\",\"target\":{\"@type\":\"EntryPoint\",\"urlTemplate\":\"https:\/\/cursoskitesurftarifa.es\/?s={search_term_string}\"},\"query-input\":\"required name=search_term_string\"}],\"inLanguage\":\"en-GB\"},{\"@type\":\"ImageObject\",\"@id\":\"https:\/\/cursoskitesurftarifa.es\/en\/product\/neopreno-3-2-absolute-billabong-black\/#primaryimage\",\"inLanguage\":\"en-GB\",\"url\":\"https:\/\/cursoskitesurftarifa.es\/wp-content\/uploads\/2023\/05\/abyw100192_billabongv_blk_sd1.jpg\",\"contentUrl\":\"https:\/\/cursoskitesurftarifa.es\/wp-content\/uploads\/2023\/05\/abyw100192_billabongv_blk_sd1.jpg\",\"width\":1117,\"height\":1396,\"caption\":\"NEOPRENO 3\/2 ABSOLUTE BILLABONG BLACK\"},{\"@type\":\"WebPage\",\"@id\":\"https:\/\/cursoskitesurftarifa.es\/en\/product\/neopreno-3-2-absolute-billabong-black\/#webpage\",\"url\":\"https:\/\/cursoskitesurftarifa.es\/en\/product\/neopreno-3-2-absolute-billabong-black\/\",\"name\":\"NEOPRENO 3\/2 ABSOLUTE BILLABONG BLACK - Surfertarifa\",\"isPartOf\":{\"@id\":\"https:\/\/cursoskitesurftarifa.es\/#website\"},\"primaryImageOfPage\":{\"@id\":\"https:\/\/cursoskitesurftarifa.es\/en\/product\/neopreno-3-2-absolute-billabong-black\/#primaryimage\"},\"datePublished\":\"2023-05-15T15:08:44+00:00\",\"dateModified\":\"2023-05-15T15:13:01+00:00\",\"breadcrumb\":{\"@id\":\"https:\/\/cursoskitesurftarifa.es\/en\/product\/neopreno-3-2-absolute-billabong-black\/#breadcrumb\"},\"inLanguage\":\"en-GB\",\"potentialAction\":[{\"@type\":\"ReadAction\",\"target\":[\"https:\/\/cursoskitesurftarifa.es\/en\/product\/neopreno-3-2-absolute-billabong-black\/\"]}]},{\"@type\":\"BreadcrumbList\",\"@id\":\"https:\/\/cursoskitesurftarifa.es\/en\/product\/neopreno-3-2-absolute-billabong-black\/#breadcrumb\",\"itemListElement\":[{\"@type\":\"ListItem\",\"position\":1,\"name\":\"Portada\",\"item\":\"https:\/\/cursoskitesurftarifa.es\/\"},{\"@type\":\"ListItem\",\"position\":2,\"name\":\"Shop\",\"item\":\"https:\/\/cursoskitesurftarifa.es\/shop\/\"},{\"@type\":\"ListItem\",\"position\":3,\"name\":\"NEOPRENO 3\/2 ABSOLUTE BILLABONG BLACK\"}]}]}<\/script>\n<!-- \/ Yoast SEO plugin. -->","yoast_head_json":{"title":"NEOPRENO 3\/2 ABSOLUTE BILLABONG BLACK - Surfertarifa","robots":{"index":"index","follow":"follow","max-snippet":"max-snippet:-1","max-image-preview":"max-image-preview:large","max-video-preview":"max-video-preview:-1"},"canonical":"https:\/\/cursoskitesurftarifa.es\/en\/product\/neopreno-3-2-absolute-billabong-black\/","og_locale":"en_GB","og_type":"article","og_title":"NEOPRENO 3\/2 ABSOLUTE BILLABONG BLACK - Surfertarifa","og_description":"Tejido:\u00a0mezcla de elastano, nailon, neopreno y poli\u00e9ster Pro Stretch Grafeno combinado con tejido interior el\u00e1stico de silicona Tecnolog\u00eda:\u00a0Los hilos infundidos con grafeno se calientan m\u00e1s r\u00e1pido y mantienen el calor por m\u00e1s tiempo. Espuma de neopreno: espuma Superlight Foam parcialmente reciclada. Su fabricaci\u00f3n combina neum\u00e1ticos de coche reciclados y restos de neopreno para crear una [...]","og_url":"https:\/\/cursoskitesurftarifa.es\/en\/product\/neopreno-3-2-absolute-billabong-black\/","og_site_name":"Surfertarifa","article_publisher":"https:\/\/es-es.facebook.com\/SurferTarifa\/","article_modified_time":"2023-05-15T15:13:01+00:00","og_image":[{"width":1117,"height":1396,"url":"https:\/\/surfertarifa.com\/wp-content\/uploads\/2023\/05\/abyw100192_billabongv_blk_sd1.jpg","path":"\/home\/surferta\/public_html\/wp-content\/uploads\/2023\/05\/abyw100192_billabongv_blk_sd1.jpg","size":"full","id":7594,"alt":"NEOPRENO 3\/2 ABSOLUTE BILLABONG BLACK","pixels":1559332,"type":"image\/jpeg"}],"twitter_card":"summary_large_image","twitter_misc":{"Estimated reading time":"1 minute"},"schema":{"@context":"https:\/\/schema.org","@graph":[{"@type":"Organization","@id":"https:\/\/cursoskitesurftarifa.es\/#organization","name":"Surfertarifa","url":"https:\/\/cursoskitesurftarifa.es\/","sameAs":["https:\/\/es-es.facebook.com\/SurferTarifa\/","https:\/\/www.instagram.com\/surfertarifa\/"],"logo":{"@type":"ImageObject","@id":"https:\/\/cursoskitesurftarifa.es\/#logo","inLanguage":"en-GB","url":"https:\/\/surfertarifa.com\/wp-content\/uploads\/2021\/04\/logo-surfer-1.png","contentUrl":"https:\/\/surfertarifa.com\/wp-content\/uploads\/2021\/04\/logo-surfer-1.png","width":90,"height":90,"caption":"Surfertarifa"},"image":{"@id":"https:\/\/cursoskitesurftarifa.es\/#logo"}},{"@type":"WebSite","@id":"https:\/\/cursoskitesurftarifa.es\/#website","url":"https:\/\/cursoskitesurftarifa.es\/","name":"Surfertarifa","description":"Tienda de surf online","publisher":{"@id":"https:\/\/cursoskitesurftarifa.es\/#organization"},"potentialAction":[{"@type":"SearchAction","target":{"@type":"EntryPoint","urlTemplate":"https:\/\/cursoskitesurftarifa.es\/?s={search_term_string}"},"query-input":"required name=search_term_string"}],"inLanguage":"en-GB"},{"@type":"ImageObject","@id":"https:\/\/cursoskitesurftarifa.es\/en\/product\/neopreno-3-2-absolute-billabong-black\/#primaryimage","inLanguage":"en-GB","url":"https:\/\/cursoskitesurftarifa.es\/wp-content\/uploads\/2023\/05\/abyw100192_billabongv_blk_sd1.jpg","contentUrl":"https:\/\/cursoskitesurftarifa.es\/wp-content\/uploads\/2023\/05\/abyw100192_billabongv_blk_sd1.jpg","width":1117,"height":1396,"caption":"NEOPRENO 3\/2 ABSOLUTE BILLABONG BLACK"},{"@type":"WebPage","@id":"https:\/\/cursoskitesurftarifa.es\/en\/product\/neopreno-3-2-absolute-billabong-black\/#webpage","url":"https:\/\/cursoskitesurftarifa.es\/en\/product\/neopreno-3-2-absolute-billabong-black\/","name":"NEOPRENO 3\/2 ABSOLUTE BILLABONG BLACK - Surfertarifa","isPartOf":{"@id":"https:\/\/cursoskitesurftarifa.es\/#website"},"primaryImageOfPage":{"@id":"https:\/\/cursoskitesurftarifa.es\/en\/product\/neopreno-3-2-absolute-billabong-black\/#primaryimage"},"datePublished":"2023-05-15T15:08:44+00:00","dateModified":"2023-05-15T15:13:01+00:00","breadcrumb":{"@id":"https:\/\/cursoskitesurftarifa.es\/en\/product\/neopreno-3-2-absolute-billabong-black\/#breadcrumb"},"inLanguage":"en-GB","potentialAction":[{"@type":"ReadAction","target":["https:\/\/cursoskitesurftarifa.es\/en\/product\/neopreno-3-2-absolute-billabong-black\/"]}]},{"@type":"BreadcrumbList","@id":"https:\/\/cursoskitesurftarifa.es\/en\/product\/neopreno-3-2-absolute-billabong-black\/#breadcrumb","itemListElement":[{"@type":"ListItem","position":1,"name":"Portada","item":"https:\/\/cursoskitesurftarifa.es\/"},{"@type":"ListItem","position":2,"name":"Shop","item":"https:\/\/cursoskitesurftarifa.es\/shop\/"},{"@type":"ListItem","position":3,"name":"NEOPRENO 3\/2 ABSOLUTE BILLABONG BLACK"}]}]}},"_links":{"self":[{"href":"https:\/\/cursoskitesurftarifa.es\/en\/wp-json\/wp\/v2\/product\/7591"}],"collection":[{"href":"https:\/\/cursoskitesurftarifa.es\/en\/wp-json\/wp\/v2\/product"}],"about":[{"href":"https:\/\/cursoskitesurftarifa.es\/en\/wp-json\/wp\/v2\/types\/product"}],"replies":[{"embeddable":true,"href":"https:\/\/cursoskitesurftarifa.es\/en\/wp-json\/wp\/v2\/comments?post=7591"}],"wp:featuredmedia":[{"embeddable":true,"href":"https:\/\/cursoskitesurftarifa.es\/en\/wp-json\/wp\/v2\/media\/7594"}],"wp:attachment":[{"href":"https:\/\/cursoskitesurftarifa.es\/en\/wp-json\/wp\/v2\/media?parent=7591"}],"wp:term":[{"taxonomy":"product_cat","embeddable":true,"href":"https:\/\/cursoskitesurftarifa.es\/en\/wp-json\/wp\/v2\/product_cat?post=7591"},{"taxonomy":"product_tag","embeddable":true,"href":"https:\/\/cursoskitesurftarifa.es\/en\/wp-json\/wp\/v2\/product_tag?post=7591"}],"curies":[{"name":"wp","href":"https:\/\/api.w.org\/{rel}","templated":true}]}}