{"id":8074,"date":"2023-08-15T15:33:20","date_gmt":"2023-08-15T15:33:20","guid":{"rendered":"https:\/\/surfertarifa.com\/?post_type=product&#038;p=8074"},"modified":"2023-08-15T15:38:09","modified_gmt":"2023-08-15T15:38:09","slug":"a-div-hidden-trails-billabong-chaqueta-polar-con-cremallera-para-mujer","status":"publish","type":"product","link":"https:\/\/cursoskitesurftarifa.es\/en\/product\/a-div-hidden-trails-billabong-chaqueta-polar-con-cremallera-para-mujer\/","title":{"rendered":"A\/Div Hidden Trails Billabong &#8211; Chaqueta polar con cremallera para Mujer"},"content":{"rendered":"<p id=\"master-product-id\" class=\"productskuinfo\" data-id=\"ABJFT00294\"><span class=\"r-slide-action-block-title\"><span class=\"style\"><strong>Style<\/strong>\u00a0ABJFT00294\u00a0<\/span><span class=\"colorcode\"><strong>C\u00f3digo de color<\/strong>\u00a0cml<\/span><\/span><\/p>\n<p class=\"r-slide-action-block-title\">Caracter\u00edsticas<\/p>\n<ul class=\"r-slide-action-block-list\">\n<li><strong>Colecci\u00f3n:<\/strong>\u00a0colecci\u00f3n Adventure Division<\/li>\n<li><strong>Tejido exterior ecol\u00f3gico:<\/strong>canes\u00fa acolchado con parte inferior y mangas de sherpa<\/li>\n<li><strong>Forro:<\/strong>\u00a0polar de fibras recicladas<\/li>\n<li><strong>Impermeabilidad:<\/strong>\u00a0revestimiento C0 DWR (tratamiento duradero repelente al agua, hecho a base de plantas, totalmente sostenible)<\/li>\n<li><strong>Corte:<\/strong>\u00a0Ajuste relajado<\/li>\n<li><strong>Longitud:<\/strong>\u00a063 cm de cadera (talla M)<\/li>\n<li><strong>Cierre:<\/strong>\u00a0cierre frontal completo con cremallera<\/li>\n<li><strong>Bolsillos:<\/strong>\u00a02 bolsillos en la cintura con cierre oculto de cremallera<\/li>\n<li><strong>Mangas:<\/strong>\u00a0Mangas largas<\/li>\n<li><strong>Marca:<\/strong>\u00a0etiqueta exterior de goma moldeada Billabong Adventure Division<\/li>\n<\/ul>","protected":false},"excerpt":{"rendered":"<p>Style\u00a0ABJFT00294\u00a0C\u00f3digo de color\u00a0cml Caracter\u00edsticas Colecci\u00f3n:\u00a0colecci\u00f3n Adventure Division Tejido exterior ecol\u00f3gico:canes\u00fa acolchado con parte inferior y mangas de sherpa Forro:\u00a0polar de fibras recicladas Impermeabilidad:\u00a0revestimiento C0 DWR (tratamiento duradero repelente al agua, hecho a base de plantas, totalmente sostenible) Corte:\u00a0Ajuste relajado Longitud:\u00a063 cm de cadera (talla M) Cierre:\u00a0cierre frontal completo con cremallera Bolsillos:\u00a02 bolsillos en la cintura [&#8230;]","protected":false},"featured_media":8075,"comment_status":"open","ping_status":"closed","template":"","meta":{"spay_email":""},"product_cat":[247,268,111],"product_tag":[],"brands":[{"id":119,"name":"Billabong","slug":"billabong"}],"yoast_head":"<!-- This site is optimized with the Yoast SEO plugin v17.0 - https:\/\/yoast.com\/wordpress\/plugins\/seo\/ -->\n<title>A\/Div Hidden Trails Billabong - Chaqueta polar con cremallera para Mujer - Surfertarifa<\/title>\n<meta name=\"robots\" content=\"index, follow, max-snippet:-1, max-image-preview:large, max-video-preview:-1\" \/>\n<link rel=\"canonical\" href=\"https:\/\/cursoskitesurftarifa.es\/en\/product\/a-div-hidden-trails-billabong-chaqueta-polar-con-cremallera-para-mujer\/\" \/>\n<meta property=\"og:locale\" content=\"en_GB\" \/>\n<meta property=\"og:type\" content=\"article\" \/>\n<meta property=\"og:title\" content=\"A\/Div Hidden Trails Billabong - Chaqueta polar con cremallera para Mujer - Surfertarifa\" \/>\n<meta property=\"og:description\" content=\"Style\u00a0ABJFT00294\u00a0C\u00f3digo de color\u00a0cml Caracter\u00edsticas Colecci\u00f3n:\u00a0colecci\u00f3n Adventure Division Tejido exterior ecol\u00f3gico:canes\u00fa acolchado con parte inferior y mangas de sherpa Forro:\u00a0polar de fibras recicladas Impermeabilidad:\u00a0revestimiento C0 DWR (tratamiento duradero repelente al agua, hecho a base de plantas, totalmente sostenible) Corte:\u00a0Ajuste relajado Longitud:\u00a063 cm de cadera (talla M) Cierre:\u00a0cierre frontal completo con cremallera Bolsillos:\u00a02 bolsillos en la cintura [...]\" \/>\n<meta property=\"og:url\" content=\"https:\/\/cursoskitesurftarifa.es\/en\/product\/a-div-hidden-trails-billabong-chaqueta-polar-con-cremallera-para-mujer\/\" \/>\n<meta property=\"og:site_name\" content=\"Surfertarifa\" \/>\n<meta property=\"article:publisher\" content=\"https:\/\/es-es.facebook.com\/SurferTarifa\/\" \/>\n<meta property=\"article:modified_time\" content=\"2023-08-15T15:38:09+00:00\" \/>\n<meta property=\"og:image\" content=\"https:\/\/surfertarifa.com\/wp-content\/uploads\/2023\/08\/abjft00294_billabongl_cml_frt1.jpg\" \/>\n\t<meta property=\"og:image:width\" content=\"1117\" \/>\n\t<meta property=\"og:image:height\" content=\"1396\" \/>\n<meta name=\"twitter:card\" content=\"summary_large_image\" \/>\n<script type=\"application\/ld+json\" class=\"yoast-schema-graph\">{\"@context\":\"https:\/\/schema.org\",\"@graph\":[{\"@type\":\"Organization\",\"@id\":\"https:\/\/cursoskitesurftarifa.es\/#organization\",\"name\":\"Surfertarifa\",\"url\":\"https:\/\/cursoskitesurftarifa.es\/\",\"sameAs\":[\"https:\/\/es-es.facebook.com\/SurferTarifa\/\",\"https:\/\/www.instagram.com\/surfertarifa\/\"],\"logo\":{\"@type\":\"ImageObject\",\"@id\":\"https:\/\/cursoskitesurftarifa.es\/#logo\",\"inLanguage\":\"en-GB\",\"url\":\"https:\/\/surfertarifa.com\/wp-content\/uploads\/2021\/04\/logo-surfer-1.png\",\"contentUrl\":\"https:\/\/surfertarifa.com\/wp-content\/uploads\/2021\/04\/logo-surfer-1.png\",\"width\":90,\"height\":90,\"caption\":\"Surfertarifa\"},\"image\":{\"@id\":\"https:\/\/cursoskitesurftarifa.es\/#logo\"}},{\"@type\":\"WebSite\",\"@id\":\"https:\/\/cursoskitesurftarifa.es\/#website\",\"url\":\"https:\/\/cursoskitesurftarifa.es\/\",\"name\":\"Surfertarifa\",\"description\":\"Tienda de surf online\",\"publisher\":{\"@id\":\"https:\/\/cursoskitesurftarifa.es\/#organization\"},\"potentialAction\":[{\"@type\":\"SearchAction\",\"target\":{\"@type\":\"EntryPoint\",\"urlTemplate\":\"https:\/\/cursoskitesurftarifa.es\/?s={search_term_string}\"},\"query-input\":\"required name=search_term_string\"}],\"inLanguage\":\"en-GB\"},{\"@type\":\"ImageObject\",\"@id\":\"https:\/\/cursoskitesurftarifa.es\/product\/a-div-hidden-trails-billabong-chaqueta-polar-con-cremallera-para-mujer\/#primaryimage\",\"inLanguage\":\"en-GB\",\"url\":\"https:\/\/cursoskitesurftarifa.es\/wp-content\/uploads\/2023\/08\/abjft00294_billabongl_cml_frt1.jpg\",\"contentUrl\":\"https:\/\/cursoskitesurftarifa.es\/wp-content\/uploads\/2023\/08\/abjft00294_billabongl_cml_frt1.jpg\",\"width\":1117,\"height\":1396,\"caption\":\"A\/Div Hidden Trails Billabong - Chaqueta polar con cremallera para Mujer\"},{\"@type\":\"WebPage\",\"@id\":\"https:\/\/cursoskitesurftarifa.es\/product\/a-div-hidden-trails-billabong-chaqueta-polar-con-cremallera-para-mujer\/#webpage\",\"url\":\"https:\/\/cursoskitesurftarifa.es\/product\/a-div-hidden-trails-billabong-chaqueta-polar-con-cremallera-para-mujer\/\",\"name\":\"A\/Div Hidden Trails Billabong - Chaqueta polar con cremallera para Mujer - Surfertarifa\",\"isPartOf\":{\"@id\":\"https:\/\/cursoskitesurftarifa.es\/#website\"},\"primaryImageOfPage\":{\"@id\":\"https:\/\/cursoskitesurftarifa.es\/product\/a-div-hidden-trails-billabong-chaqueta-polar-con-cremallera-para-mujer\/#primaryimage\"},\"datePublished\":\"2023-08-15T15:33:20+00:00\",\"dateModified\":\"2023-08-15T15:38:09+00:00\",\"breadcrumb\":{\"@id\":\"https:\/\/cursoskitesurftarifa.es\/product\/a-div-hidden-trails-billabong-chaqueta-polar-con-cremallera-para-mujer\/#breadcrumb\"},\"inLanguage\":\"en-GB\",\"potentialAction\":[{\"@type\":\"ReadAction\",\"target\":[\"https:\/\/cursoskitesurftarifa.es\/product\/a-div-hidden-trails-billabong-chaqueta-polar-con-cremallera-para-mujer\/\"]}]},{\"@type\":\"BreadcrumbList\",\"@id\":\"https:\/\/cursoskitesurftarifa.es\/product\/a-div-hidden-trails-billabong-chaqueta-polar-con-cremallera-para-mujer\/#breadcrumb\",\"itemListElement\":[{\"@type\":\"ListItem\",\"position\":1,\"name\":\"Portada\",\"item\":\"https:\/\/cursoskitesurftarifa.es\/\"},{\"@type\":\"ListItem\",\"position\":2,\"name\":\"Shop\",\"item\":\"https:\/\/cursoskitesurftarifa.es\/shop\/\"},{\"@type\":\"ListItem\",\"position\":3,\"name\":\"A\/Div Hidden Trails Billabong &#8211; Chaqueta polar con cremallera para Mujer\"}]}]}<\/script>\n<!-- \/ Yoast SEO plugin. -->","yoast_head_json":{"title":"A\/Div Hidden Trails Billabong - Chaqueta polar con cremallera para Mujer - Surfertarifa","robots":{"index":"index","follow":"follow","max-snippet":"max-snippet:-1","max-image-preview":"max-image-preview:large","max-video-preview":"max-video-preview:-1"},"canonical":"https:\/\/cursoskitesurftarifa.es\/en\/product\/a-div-hidden-trails-billabong-chaqueta-polar-con-cremallera-para-mujer\/","og_locale":"en_GB","og_type":"article","og_title":"A\/Div Hidden Trails Billabong - Chaqueta polar con cremallera para Mujer - Surfertarifa","og_description":"Style\u00a0ABJFT00294\u00a0C\u00f3digo de color\u00a0cml Caracter\u00edsticas Colecci\u00f3n:\u00a0colecci\u00f3n Adventure Division Tejido exterior ecol\u00f3gico:canes\u00fa acolchado con parte inferior y mangas de sherpa Forro:\u00a0polar de fibras recicladas Impermeabilidad:\u00a0revestimiento C0 DWR (tratamiento duradero repelente al agua, hecho a base de plantas, totalmente sostenible) Corte:\u00a0Ajuste relajado Longitud:\u00a063 cm de cadera (talla M) Cierre:\u00a0cierre frontal completo con cremallera Bolsillos:\u00a02 bolsillos en la cintura [...]","og_url":"https:\/\/cursoskitesurftarifa.es\/en\/product\/a-div-hidden-trails-billabong-chaqueta-polar-con-cremallera-para-mujer\/","og_site_name":"Surfertarifa","article_publisher":"https:\/\/es-es.facebook.com\/SurferTarifa\/","article_modified_time":"2023-08-15T15:38:09+00:00","og_image":[{"width":1117,"height":1396,"url":"https:\/\/surfertarifa.com\/wp-content\/uploads\/2023\/08\/abjft00294_billabongl_cml_frt1.jpg","path":"\/home\/surferta\/public_html\/wp-content\/uploads\/2023\/08\/abjft00294_billabongl_cml_frt1.jpg","size":"full","id":8075,"alt":"A\/Div Hidden Trails Billabong - Chaqueta polar con cremallera para Mujer","pixels":1559332,"type":"image\/jpeg"}],"twitter_card":"summary_large_image","schema":{"@context":"https:\/\/schema.org","@graph":[{"@type":"Organization","@id":"https:\/\/cursoskitesurftarifa.es\/#organization","name":"Surfertarifa","url":"https:\/\/cursoskitesurftarifa.es\/","sameAs":["https:\/\/es-es.facebook.com\/SurferTarifa\/","https:\/\/www.instagram.com\/surfertarifa\/"],"logo":{"@type":"ImageObject","@id":"https:\/\/cursoskitesurftarifa.es\/#logo","inLanguage":"en-GB","url":"https:\/\/surfertarifa.com\/wp-content\/uploads\/2021\/04\/logo-surfer-1.png","contentUrl":"https:\/\/surfertarifa.com\/wp-content\/uploads\/2021\/04\/logo-surfer-1.png","width":90,"height":90,"caption":"Surfertarifa"},"image":{"@id":"https:\/\/cursoskitesurftarifa.es\/#logo"}},{"@type":"WebSite","@id":"https:\/\/cursoskitesurftarifa.es\/#website","url":"https:\/\/cursoskitesurftarifa.es\/","name":"Surfertarifa","description":"Tienda de surf online","publisher":{"@id":"https:\/\/cursoskitesurftarifa.es\/#organization"},"potentialAction":[{"@type":"SearchAction","target":{"@type":"EntryPoint","urlTemplate":"https:\/\/cursoskitesurftarifa.es\/?s={search_term_string}"},"query-input":"required name=search_term_string"}],"inLanguage":"en-GB"},{"@type":"ImageObject","@id":"https:\/\/cursoskitesurftarifa.es\/product\/a-div-hidden-trails-billabong-chaqueta-polar-con-cremallera-para-mujer\/#primaryimage","inLanguage":"en-GB","url":"https:\/\/cursoskitesurftarifa.es\/wp-content\/uploads\/2023\/08\/abjft00294_billabongl_cml_frt1.jpg","contentUrl":"https:\/\/cursoskitesurftarifa.es\/wp-content\/uploads\/2023\/08\/abjft00294_billabongl_cml_frt1.jpg","width":1117,"height":1396,"caption":"A\/Div Hidden Trails Billabong - Chaqueta polar con cremallera para Mujer"},{"@type":"WebPage","@id":"https:\/\/cursoskitesurftarifa.es\/product\/a-div-hidden-trails-billabong-chaqueta-polar-con-cremallera-para-mujer\/#webpage","url":"https:\/\/cursoskitesurftarifa.es\/product\/a-div-hidden-trails-billabong-chaqueta-polar-con-cremallera-para-mujer\/","name":"A\/Div Hidden Trails Billabong - Chaqueta polar con cremallera para Mujer - Surfertarifa","isPartOf":{"@id":"https:\/\/cursoskitesurftarifa.es\/#website"},"primaryImageOfPage":{"@id":"https:\/\/cursoskitesurftarifa.es\/product\/a-div-hidden-trails-billabong-chaqueta-polar-con-cremallera-para-mujer\/#primaryimage"},"datePublished":"2023-08-15T15:33:20+00:00","dateModified":"2023-08-15T15:38:09+00:00","breadcrumb":{"@id":"https:\/\/cursoskitesurftarifa.es\/product\/a-div-hidden-trails-billabong-chaqueta-polar-con-cremallera-para-mujer\/#breadcrumb"},"inLanguage":"en-GB","potentialAction":[{"@type":"ReadAction","target":["https:\/\/cursoskitesurftarifa.es\/product\/a-div-hidden-trails-billabong-chaqueta-polar-con-cremallera-para-mujer\/"]}]},{"@type":"BreadcrumbList","@id":"https:\/\/cursoskitesurftarifa.es\/product\/a-div-hidden-trails-billabong-chaqueta-polar-con-cremallera-para-mujer\/#breadcrumb","itemListElement":[{"@type":"ListItem","position":1,"name":"Portada","item":"https:\/\/cursoskitesurftarifa.es\/"},{"@type":"ListItem","position":2,"name":"Shop","item":"https:\/\/cursoskitesurftarifa.es\/shop\/"},{"@type":"ListItem","position":3,"name":"A\/Div Hidden Trails Billabong &#8211; Chaqueta polar con cremallera para Mujer"}]}]}},"_links":{"self":[{"href":"https:\/\/cursoskitesurftarifa.es\/en\/wp-json\/wp\/v2\/product\/8074"}],"collection":[{"href":"https:\/\/cursoskitesurftarifa.es\/en\/wp-json\/wp\/v2\/product"}],"about":[{"href":"https:\/\/cursoskitesurftarifa.es\/en\/wp-json\/wp\/v2\/types\/product"}],"replies":[{"embeddable":true,"href":"https:\/\/cursoskitesurftarifa.es\/en\/wp-json\/wp\/v2\/comments?post=8074"}],"wp:featuredmedia":[{"embeddable":true,"href":"https:\/\/cursoskitesurftarifa.es\/en\/wp-json\/wp\/v2\/media\/8075"}],"wp:attachment":[{"href":"https:\/\/cursoskitesurftarifa.es\/en\/wp-json\/wp\/v2\/media?parent=8074"}],"wp:term":[{"taxonomy":"product_cat","embeddable":true,"href":"https:\/\/cursoskitesurftarifa.es\/en\/wp-json\/wp\/v2\/product_cat?post=8074"},{"taxonomy":"product_tag","embeddable":true,"href":"https:\/\/cursoskitesurftarifa.es\/en\/wp-json\/wp\/v2\/product_tag?post=8074"}],"curies":[{"name":"wp","href":"https:\/\/api.w.org\/{rel}","templated":true}]}}