{"id":8190,"date":"2023-08-24T16:15:05","date_gmt":"2023-08-24T16:15:05","guid":{"rendered":"https:\/\/surfertarifa.com\/?post_type=product&#038;p=8190"},"modified":"2023-08-24T16:19:19","modified_gmt":"2023-08-24T16:19:19","slug":"loewy-jacket-g7123loe-pks-pink-smoke-xs-vissla","status":"publish","type":"product","link":"https:\/\/cursoskitesurftarifa.es\/en\/product\/loewy-jacket-g7123loe-pks-pink-smoke-xs-vissla\/","title":{"rendered":"LOEWY JACKET G7123LOE-PKS-Pink Smoke-XS VISSLA"},"content":{"rendered":"<pre id=\"tw-target-text\" class=\"tw-data-text tw-text-large tw-ta\" dir=\"ltr\" data-placeholder=\"Traducci\u00f3n\"><span class=\"Y2IQFc\" lang=\"es\" style=\"font-family: helvetica, arial, sans-serif; color: #282828;\">Si\u00e9ntete abrigado y c\u00f3modo en esos fr\u00edos d\u00edas de invierno con nuestra chaqueta Loewy. \r\nSe trata de una chaqueta de peso medio y ajuste relajado confeccionada con tejidos de poli\u00e9ster\/lana en el exterior y un forro de sherpa en el interior. \r\nLa chaqueta tiene un parche tejido en el pecho y dos bolsillos para las manos.\r\n\r\n100% poli\u00e9ster<\/span><\/pre>","protected":false},"excerpt":{"rendered":"<p>Si\u00e9ntete abrigado y c\u00f3modo en esos fr\u00edos d\u00edas de invierno con nuestra chaqueta Loewy. Se trata de una chaqueta de peso medio y ajuste relajado confeccionada con tejidos de poli\u00e9ster\/lana en el exterior y un forro de sherpa en el interior. La chaqueta tiene un parche tejido en el pecho y dos bolsillos para las [&#8230;]","protected":false},"featured_media":8191,"comment_status":"open","ping_status":"closed","template":"","meta":{"spay_email":""},"product_cat":[247,268,111],"product_tag":[],"brands":[{"id":262,"name":"Sisstrevolution","slug":"sisstrevolution"}],"yoast_head":"<!-- This site is optimized with the Yoast SEO plugin v17.0 - https:\/\/yoast.com\/wordpress\/plugins\/seo\/ -->\n<title>LOEWY JACKET G7123LOE-PKS-Pink Smoke-XS VISSLA - Surfertarifa<\/title>\n<meta name=\"robots\" content=\"index, follow, max-snippet:-1, max-image-preview:large, max-video-preview:-1\" \/>\n<link rel=\"canonical\" href=\"https:\/\/cursoskitesurftarifa.es\/en\/product\/loewy-jacket-g7123loe-pks-pink-smoke-xs-vissla\/\" \/>\n<meta property=\"og:locale\" content=\"en_GB\" \/>\n<meta property=\"og:type\" content=\"article\" \/>\n<meta property=\"og:title\" content=\"LOEWY JACKET G7123LOE-PKS-Pink Smoke-XS VISSLA - Surfertarifa\" \/>\n<meta property=\"og:description\" content=\"Si\u00e9ntete abrigado y c\u00f3modo en esos fr\u00edos d\u00edas de invierno con nuestra chaqueta Loewy. Se trata de una chaqueta de peso medio y ajuste relajado confeccionada con tejidos de poli\u00e9ster\/lana en el exterior y un forro de sherpa en el interior. La chaqueta tiene un parche tejido en el pecho y dos bolsillos para las [...]\" \/>\n<meta property=\"og:url\" content=\"https:\/\/cursoskitesurftarifa.es\/en\/product\/loewy-jacket-g7123loe-pks-pink-smoke-xs-vissla\/\" \/>\n<meta property=\"og:site_name\" content=\"Surfertarifa\" \/>\n<meta property=\"article:publisher\" content=\"https:\/\/es-es.facebook.com\/SurferTarifa\/\" \/>\n<meta property=\"article:modified_time\" content=\"2023-08-24T16:19:19+00:00\" \/>\n<meta property=\"og:image\" content=\"https:\/\/surfertarifa.com\/wp-content\/uploads\/2023\/08\/G7123LOE-1_4eec03e2-f701-4023-88ab-3e0ac4d67703_1800x1800.jpg\" \/>\n\t<meta property=\"og:image:width\" content=\"1000\" \/>\n\t<meta property=\"og:image:height\" content=\"1400\" \/>\n<meta name=\"twitter:card\" content=\"summary_large_image\" \/>\n<script type=\"application\/ld+json\" class=\"yoast-schema-graph\">{\"@context\":\"https:\/\/schema.org\",\"@graph\":[{\"@type\":\"Organization\",\"@id\":\"https:\/\/cursoskitesurftarifa.es\/#organization\",\"name\":\"Surfertarifa\",\"url\":\"https:\/\/cursoskitesurftarifa.es\/\",\"sameAs\":[\"https:\/\/es-es.facebook.com\/SurferTarifa\/\",\"https:\/\/www.instagram.com\/surfertarifa\/\"],\"logo\":{\"@type\":\"ImageObject\",\"@id\":\"https:\/\/cursoskitesurftarifa.es\/#logo\",\"inLanguage\":\"en-GB\",\"url\":\"https:\/\/surfertarifa.com\/wp-content\/uploads\/2021\/04\/logo-surfer-1.png\",\"contentUrl\":\"https:\/\/surfertarifa.com\/wp-content\/uploads\/2021\/04\/logo-surfer-1.png\",\"width\":90,\"height\":90,\"caption\":\"Surfertarifa\"},\"image\":{\"@id\":\"https:\/\/cursoskitesurftarifa.es\/#logo\"}},{\"@type\":\"WebSite\",\"@id\":\"https:\/\/cursoskitesurftarifa.es\/#website\",\"url\":\"https:\/\/cursoskitesurftarifa.es\/\",\"name\":\"Surfertarifa\",\"description\":\"Tienda de surf online\",\"publisher\":{\"@id\":\"https:\/\/cursoskitesurftarifa.es\/#organization\"},\"potentialAction\":[{\"@type\":\"SearchAction\",\"target\":{\"@type\":\"EntryPoint\",\"urlTemplate\":\"https:\/\/cursoskitesurftarifa.es\/?s={search_term_string}\"},\"query-input\":\"required name=search_term_string\"}],\"inLanguage\":\"en-GB\"},{\"@type\":\"ImageObject\",\"@id\":\"https:\/\/cursoskitesurftarifa.es\/product\/loewy-jacket-g7123loe-pks-pink-smoke-xs-vissla\/#primaryimage\",\"inLanguage\":\"en-GB\",\"url\":\"https:\/\/cursoskitesurftarifa.es\/wp-content\/uploads\/2023\/08\/G7123LOE-1_4eec03e2-f701-4023-88ab-3e0ac4d67703_1800x1800.jpg\",\"contentUrl\":\"https:\/\/cursoskitesurftarifa.es\/wp-content\/uploads\/2023\/08\/G7123LOE-1_4eec03e2-f701-4023-88ab-3e0ac4d67703_1800x1800.jpg\",\"width\":1000,\"height\":1400,\"caption\":\"LOEWY JACKET G7123LOE-PKS-Pink Smoke-XS VISSLA\"},{\"@type\":\"WebPage\",\"@id\":\"https:\/\/cursoskitesurftarifa.es\/product\/loewy-jacket-g7123loe-pks-pink-smoke-xs-vissla\/#webpage\",\"url\":\"https:\/\/cursoskitesurftarifa.es\/product\/loewy-jacket-g7123loe-pks-pink-smoke-xs-vissla\/\",\"name\":\"LOEWY JACKET G7123LOE-PKS-Pink Smoke-XS VISSLA - Surfertarifa\",\"isPartOf\":{\"@id\":\"https:\/\/cursoskitesurftarifa.es\/#website\"},\"primaryImageOfPage\":{\"@id\":\"https:\/\/cursoskitesurftarifa.es\/product\/loewy-jacket-g7123loe-pks-pink-smoke-xs-vissla\/#primaryimage\"},\"datePublished\":\"2023-08-24T16:15:05+00:00\",\"dateModified\":\"2023-08-24T16:19:19+00:00\",\"breadcrumb\":{\"@id\":\"https:\/\/cursoskitesurftarifa.es\/product\/loewy-jacket-g7123loe-pks-pink-smoke-xs-vissla\/#breadcrumb\"},\"inLanguage\":\"en-GB\",\"potentialAction\":[{\"@type\":\"ReadAction\",\"target\":[\"https:\/\/cursoskitesurftarifa.es\/product\/loewy-jacket-g7123loe-pks-pink-smoke-xs-vissla\/\"]}]},{\"@type\":\"BreadcrumbList\",\"@id\":\"https:\/\/cursoskitesurftarifa.es\/product\/loewy-jacket-g7123loe-pks-pink-smoke-xs-vissla\/#breadcrumb\",\"itemListElement\":[{\"@type\":\"ListItem\",\"position\":1,\"name\":\"Portada\",\"item\":\"https:\/\/cursoskitesurftarifa.es\/\"},{\"@type\":\"ListItem\",\"position\":2,\"name\":\"Shop\",\"item\":\"https:\/\/cursoskitesurftarifa.es\/shop\/\"},{\"@type\":\"ListItem\",\"position\":3,\"name\":\"LOEWY JACKET G7123LOE-PKS-Pink Smoke-XS VISSLA\"}]}]}<\/script>\n<!-- \/ Yoast SEO plugin. -->","yoast_head_json":{"title":"LOEWY JACKET G7123LOE-PKS-Pink Smoke-XS VISSLA - Surfertarifa","robots":{"index":"index","follow":"follow","max-snippet":"max-snippet:-1","max-image-preview":"max-image-preview:large","max-video-preview":"max-video-preview:-1"},"canonical":"https:\/\/cursoskitesurftarifa.es\/en\/product\/loewy-jacket-g7123loe-pks-pink-smoke-xs-vissla\/","og_locale":"en_GB","og_type":"article","og_title":"LOEWY JACKET G7123LOE-PKS-Pink Smoke-XS VISSLA - Surfertarifa","og_description":"Si\u00e9ntete abrigado y c\u00f3modo en esos fr\u00edos d\u00edas de invierno con nuestra chaqueta Loewy. Se trata de una chaqueta de peso medio y ajuste relajado confeccionada con tejidos de poli\u00e9ster\/lana en el exterior y un forro de sherpa en el interior. La chaqueta tiene un parche tejido en el pecho y dos bolsillos para las [...]","og_url":"https:\/\/cursoskitesurftarifa.es\/en\/product\/loewy-jacket-g7123loe-pks-pink-smoke-xs-vissla\/","og_site_name":"Surfertarifa","article_publisher":"https:\/\/es-es.facebook.com\/SurferTarifa\/","article_modified_time":"2023-08-24T16:19:19+00:00","og_image":[{"width":1000,"height":1400,"url":"https:\/\/surfertarifa.com\/wp-content\/uploads\/2023\/08\/G7123LOE-1_4eec03e2-f701-4023-88ab-3e0ac4d67703_1800x1800.jpg","path":"\/home\/surferta\/public_html\/wp-content\/uploads\/2023\/08\/G7123LOE-1_4eec03e2-f701-4023-88ab-3e0ac4d67703_1800x1800.jpg","size":"full","id":8191,"alt":"LOEWY JACKET G7123LOE-PKS-Pink Smoke-XS VISSLA","pixels":1400000,"type":"image\/jpeg"}],"twitter_card":"summary_large_image","schema":{"@context":"https:\/\/schema.org","@graph":[{"@type":"Organization","@id":"https:\/\/cursoskitesurftarifa.es\/#organization","name":"Surfertarifa","url":"https:\/\/cursoskitesurftarifa.es\/","sameAs":["https:\/\/es-es.facebook.com\/SurferTarifa\/","https:\/\/www.instagram.com\/surfertarifa\/"],"logo":{"@type":"ImageObject","@id":"https:\/\/cursoskitesurftarifa.es\/#logo","inLanguage":"en-GB","url":"https:\/\/surfertarifa.com\/wp-content\/uploads\/2021\/04\/logo-surfer-1.png","contentUrl":"https:\/\/surfertarifa.com\/wp-content\/uploads\/2021\/04\/logo-surfer-1.png","width":90,"height":90,"caption":"Surfertarifa"},"image":{"@id":"https:\/\/cursoskitesurftarifa.es\/#logo"}},{"@type":"WebSite","@id":"https:\/\/cursoskitesurftarifa.es\/#website","url":"https:\/\/cursoskitesurftarifa.es\/","name":"Surfertarifa","description":"Tienda de surf online","publisher":{"@id":"https:\/\/cursoskitesurftarifa.es\/#organization"},"potentialAction":[{"@type":"SearchAction","target":{"@type":"EntryPoint","urlTemplate":"https:\/\/cursoskitesurftarifa.es\/?s={search_term_string}"},"query-input":"required name=search_term_string"}],"inLanguage":"en-GB"},{"@type":"ImageObject","@id":"https:\/\/cursoskitesurftarifa.es\/product\/loewy-jacket-g7123loe-pks-pink-smoke-xs-vissla\/#primaryimage","inLanguage":"en-GB","url":"https:\/\/cursoskitesurftarifa.es\/wp-content\/uploads\/2023\/08\/G7123LOE-1_4eec03e2-f701-4023-88ab-3e0ac4d67703_1800x1800.jpg","contentUrl":"https:\/\/cursoskitesurftarifa.es\/wp-content\/uploads\/2023\/08\/G7123LOE-1_4eec03e2-f701-4023-88ab-3e0ac4d67703_1800x1800.jpg","width":1000,"height":1400,"caption":"LOEWY JACKET G7123LOE-PKS-Pink Smoke-XS VISSLA"},{"@type":"WebPage","@id":"https:\/\/cursoskitesurftarifa.es\/product\/loewy-jacket-g7123loe-pks-pink-smoke-xs-vissla\/#webpage","url":"https:\/\/cursoskitesurftarifa.es\/product\/loewy-jacket-g7123loe-pks-pink-smoke-xs-vissla\/","name":"LOEWY JACKET G7123LOE-PKS-Pink Smoke-XS VISSLA - Surfertarifa","isPartOf":{"@id":"https:\/\/cursoskitesurftarifa.es\/#website"},"primaryImageOfPage":{"@id":"https:\/\/cursoskitesurftarifa.es\/product\/loewy-jacket-g7123loe-pks-pink-smoke-xs-vissla\/#primaryimage"},"datePublished":"2023-08-24T16:15:05+00:00","dateModified":"2023-08-24T16:19:19+00:00","breadcrumb":{"@id":"https:\/\/cursoskitesurftarifa.es\/product\/loewy-jacket-g7123loe-pks-pink-smoke-xs-vissla\/#breadcrumb"},"inLanguage":"en-GB","potentialAction":[{"@type":"ReadAction","target":["https:\/\/cursoskitesurftarifa.es\/product\/loewy-jacket-g7123loe-pks-pink-smoke-xs-vissla\/"]}]},{"@type":"BreadcrumbList","@id":"https:\/\/cursoskitesurftarifa.es\/product\/loewy-jacket-g7123loe-pks-pink-smoke-xs-vissla\/#breadcrumb","itemListElement":[{"@type":"ListItem","position":1,"name":"Portada","item":"https:\/\/cursoskitesurftarifa.es\/"},{"@type":"ListItem","position":2,"name":"Shop","item":"https:\/\/cursoskitesurftarifa.es\/shop\/"},{"@type":"ListItem","position":3,"name":"LOEWY JACKET G7123LOE-PKS-Pink Smoke-XS VISSLA"}]}]}},"_links":{"self":[{"href":"https:\/\/cursoskitesurftarifa.es\/en\/wp-json\/wp\/v2\/product\/8190"}],"collection":[{"href":"https:\/\/cursoskitesurftarifa.es\/en\/wp-json\/wp\/v2\/product"}],"about":[{"href":"https:\/\/cursoskitesurftarifa.es\/en\/wp-json\/wp\/v2\/types\/product"}],"replies":[{"embeddable":true,"href":"https:\/\/cursoskitesurftarifa.es\/en\/wp-json\/wp\/v2\/comments?post=8190"}],"wp:featuredmedia":[{"embeddable":true,"href":"https:\/\/cursoskitesurftarifa.es\/en\/wp-json\/wp\/v2\/media\/8191"}],"wp:attachment":[{"href":"https:\/\/cursoskitesurftarifa.es\/en\/wp-json\/wp\/v2\/media?parent=8190"}],"wp:term":[{"taxonomy":"product_cat","embeddable":true,"href":"https:\/\/cursoskitesurftarifa.es\/en\/wp-json\/wp\/v2\/product_cat?post=8190"},{"taxonomy":"product_tag","embeddable":true,"href":"https:\/\/cursoskitesurftarifa.es\/en\/wp-json\/wp\/v2\/product_tag?post=8190"}],"curies":[{"name":"wp","href":"https:\/\/api.w.org\/{rel}","templated":true}]}}